{"id":723452,"date":"2025-08-27T19:19:14","date_gmt":"2025-08-27T16:19:14","guid":{"rendered":"https:\/\/roveyayinevi.com.tr\/index.php\/urun\/gizli-dunyalar-gecidi\/"},"modified":"2026-04-16T02:31:11","modified_gmt":"2026-04-15T23:31:11","slug":"gizli-dunyalar-gecidi","status":"publish","type":"product","link":"https:\/\/roveyayinevi.com.tr\/index.php\/urun\/gizli-dunyalar-gecidi\/","title":{"rendered":"Gizli D\u00fcnyalar Ge\u00e7idi"},"content":{"rendered":"<p>\u00c7ok sevdi\u011fi babas\u0131n\u0131 kaybeden K\u0131ra\u00e7, onunla yeniden g\u00f6r\u00fc\u015febilmeyi \u00e7ok istemektedir. S\u0131ra d\u0131\u015f\u0131 g\u00fc\u00e7lere sahip olmas\u0131n\u0131 ve Misal \u00e2lemi, Berzah \u00e2lemi gibi bilinmeyen \u00e2lemlere yolculuk yapabilmesini sa\u011flayacak, gizemli bir t\u0131ls\u0131m ke\u015ffeder ve uygulamaya koyulur. Fakat k\u00f6t\u00fc g\u00fc\u00e7lerin de bu t\u0131ls\u0131mlar sayesinde d\u00fcnyaya ge\u00e7i\u015f yapma f\u0131rsat\u0131 kollad\u0131klar\u0131n\u0131n hen\u00fcz fark\u0131nda de\u011fildir. B\u00f6ylece iyilik ve k\u00f6t\u00fcl\u00fck aras\u0131ndaki kadim sava\u015f\u0131n ortas\u0131nda bulur kendini.Hatas\u0131n\u0131 anlad\u0131\u011f\u0131nda, geriye d\u00f6n\u00fc\u015f i\u00e7in sadece tek bir \u015fans\u0131 vard\u0131r. Yeni bir t\u0131ls\u0131m ile zamanda yolculu\u011fa \u00e7\u0131kar. \u00d6nce Nusaybin Cinleri olarak bilinen yedi bilge cinle g\u00f6r\u00fc\u015f\u00fcr. Ard\u0131ndan Fatih Sultan Mehmet\u2019in hocas\u0131 olan Ak\u015femseddin\u2019in ya\u015fad\u0131\u011f\u0131 zamana gider. \u00c7\u00fcnk\u00fc Ak\u015femseddin, gen\u00e7 kahraman\u0131m\u0131za yard\u0131m edecek gizli bir bilgiye sahiptir&#8230;\u00c7emberlita\u015f\u2019\u0131n alt\u0131ndaki gizli odadan, Krali\u00e7e Helena\u2019n\u0131n Kud\u00fcs\u2019ten getirtti\u011fi kutsal emanetlerin sakland\u0131\u011f\u0131 dehlizlerden, Yerebatan Sarn\u0131c\u0131\u2019ndaki Medusa heykelinin alt\u0131nda uzanan t\u00fcnellerden ge\u00e7erek Ayasofya\u2019ya kadar uzanan esrarengiz bir yolculu\u011fa haz\u0131r ol! \u0130stanbul\u2019un alt\u0131n\u0131 \u00fcst\u00fcne getirecek gizemli bir macera seni bekliyor&#8230;<\/p>\n","protected":false},"excerpt":{"rendered":"<p>\u00c7ok sevdi\u011fi babas\u0131n\u0131 kaybeden K\u0131ra\u00e7, onunla yeniden g\u00f6r\u00fc\u015febilmeyi \u00e7ok istemektedir. S\u0131ra d\u0131\u015f\u0131 g\u00fc\u00e7lere sahip olmas\u0131n\u0131 ve Misal \u00e2lemi, Berzah \u00e2lemi gibi bilinmeyen \u00e2lemlere yolculuk yapabilmesini sa\u011flayacak,<span class=\"excerpt-hellip\"> [\u2026]<\/span><\/p>\n","protected":false},"featured_media":0,"template":"","meta":{"_monsterinsights_skip_tracking":false,"_monsterinsights_sitenote_active":false,"_monsterinsights_sitenote_note":"","_monsterinsights_sitenote_category":0},"product_brand":[],"product_cat":[12274,12284],"product_tag":[],"class_list":{"0":"post-723452","1":"product","2":"type-product","3":"status-publish","5":"product_cat-cocuk-ve-genclik-kitaplari","6":"product_cat-hikayeler","7":"pa_cilt-ciltsiz","8":"pa_tur-kitap","9":"pa_yayinevi-carpe-diem-kitaplari","10":"pa_yazar-sebnem-piskin","12":"first","13":"instock","14":"sale","15":"shipping-taxable","16":"purchasable","17":"product-type-simple"},"_links":{"self":[{"href":"https:\/\/roveyayinevi.com.tr\/index.php\/wp-json\/wp\/v2\/product\/723452","targetHints":{"allow":["GET"]}}],"collection":[{"href":"https:\/\/roveyayinevi.com.tr\/index.php\/wp-json\/wp\/v2\/product"}],"about":[{"href":"https:\/\/roveyayinevi.com.tr\/index.php\/wp-json\/wp\/v2\/types\/product"}],"wp:attachment":[{"href":"https:\/\/roveyayinevi.com.tr\/index.php\/wp-json\/wp\/v2\/media?parent=723452"}],"wp:term":[{"taxonomy":"product_brand","embeddable":true,"href":"https:\/\/roveyayinevi.com.tr\/index.php\/wp-json\/wp\/v2\/product_brand?post=723452"},{"taxonomy":"product_cat","embeddable":true,"href":"https:\/\/roveyayinevi.com.tr\/index.php\/wp-json\/wp\/v2\/product_cat?post=723452"},{"taxonomy":"product_tag","embeddable":true,"href":"https:\/\/roveyayinevi.com.tr\/index.php\/wp-json\/wp\/v2\/product_tag?post=723452"}],"curies":[{"name":"wp","href":"https:\/\/api.w.org\/{rel}","templated":true}]}}