{"id":723451,"date":"2025-08-27T19:19:13","date_gmt":"2025-08-27T16:19:13","guid":{"rendered":"https:\/\/roveyayinevi.com.tr\/index.php\/urun\/efsane-savasci-danismend-gazi\/"},"modified":"2026-04-16T02:31:11","modified_gmt":"2026-04-15T23:31:11","slug":"efsane-savasci-danismend-gazi","status":"publish","type":"product","link":"https:\/\/roveyayinevi.com.tr\/index.php\/urun\/efsane-savasci-danismend-gazi\/","title":{"rendered":"Efsane Sava\u015f\u00e7\u0131 &#8211; Dani\u015fmend Gazi"},"content":{"rendered":"<p>Gen\u00e7 ve cesur sava\u015f\u00e7\u0131 Dani\u015fmend Gazi, bir gece bir r\u00fcya g\u00f6r\u00fcr. Ve Rumlar taraf\u0131ndan ele ge\u00e7irilmi\u015f topraklar\u0131 geri almak \u00fczere sefere \u00e7\u0131kmaya karar verir. Battal Gazi\u2019nin torunu Turasan\u2019la birlikte yanlar\u0131nda k\u0131rk bin kahraman askerle yola \u00e7\u0131karlar&#8230;Malatya\u2019dan Sivas\u2019a oradan Tokat\u2019a kadar ilerleyen Melik Dani\u015fmend, onu \u00f6ld\u00fcrmek i\u00e7in her t\u00fcrl\u00fc hileye ba\u015fvuran d\u00fc\u015fmanlar\u0131n\u0131 yenebilecek mi?Silah arkada\u015f\u0131 Artuk\u00ee ile birlikte Efromiya\u2019y\u0131 kurtar\u0131p kale bask\u0131n\u0131ndan sa\u011f \u00e7\u0131kabilecek mi?A\u011fz\u0131ndan alevler sa\u00e7an ejderha ile kar\u015f\u0131la\u015ft\u0131\u011f\u0131nda onu nas\u0131l alt edecek? Gittik\u00e7e t\u0131rmanan bir heyecan ve h\u0131z kesmeden devam eden bir macera e\u015fli\u011finde, ad\u0131 tarihe alt\u0131n harflerle yaz\u0131lm\u0131\u015f efsane bir sava\u015f\u00e7\u0131 ile tan\u0131\u015fmaya var m\u0131s\u0131n?<\/p>\n","protected":false},"excerpt":{"rendered":"<p>Gen\u00e7 ve cesur sava\u015f\u00e7\u0131 Dani\u015fmend Gazi, bir gece bir r\u00fcya g\u00f6r\u00fcr. Ve Rumlar taraf\u0131ndan ele ge\u00e7irilmi\u015f topraklar\u0131 geri almak \u00fczere sefere \u00e7\u0131kmaya karar verir. Battal Gazi\u2019nin<span class=\"excerpt-hellip\"> [\u2026]<\/span><\/p>\n","protected":false},"featured_media":0,"template":"","meta":{"_monsterinsights_skip_tracking":false,"_monsterinsights_sitenote_active":false,"_monsterinsights_sitenote_note":"","_monsterinsights_sitenote_category":0},"product_brand":[],"product_cat":[12274,12284],"product_tag":[],"class_list":{"0":"post-723451","1":"product","2":"type-product","3":"status-publish","5":"product_cat-cocuk-ve-genclik-kitaplari","6":"product_cat-hikayeler","7":"pa_cilt-ciltsiz","8":"pa_tur-kitap","9":"pa_yayinevi-carpe-diem-kitaplari","10":"pa_yazar-mehmet-akbulut","12":"first","13":"instock","14":"sale","15":"shipping-taxable","16":"purchasable","17":"product-type-simple"},"_links":{"self":[{"href":"https:\/\/roveyayinevi.com.tr\/index.php\/wp-json\/wp\/v2\/product\/723451","targetHints":{"allow":["GET"]}}],"collection":[{"href":"https:\/\/roveyayinevi.com.tr\/index.php\/wp-json\/wp\/v2\/product"}],"about":[{"href":"https:\/\/roveyayinevi.com.tr\/index.php\/wp-json\/wp\/v2\/types\/product"}],"wp:attachment":[{"href":"https:\/\/roveyayinevi.com.tr\/index.php\/wp-json\/wp\/v2\/media?parent=723451"}],"wp:term":[{"taxonomy":"product_brand","embeddable":true,"href":"https:\/\/roveyayinevi.com.tr\/index.php\/wp-json\/wp\/v2\/product_brand?post=723451"},{"taxonomy":"product_cat","embeddable":true,"href":"https:\/\/roveyayinevi.com.tr\/index.php\/wp-json\/wp\/v2\/product_cat?post=723451"},{"taxonomy":"product_tag","embeddable":true,"href":"https:\/\/roveyayinevi.com.tr\/index.php\/wp-json\/wp\/v2\/product_tag?post=723451"}],"curies":[{"name":"wp","href":"https:\/\/api.w.org\/{rel}","templated":true}]}}