{"id":723443,"date":"2025-08-27T19:19:07","date_gmt":"2025-08-27T16:19:07","guid":{"rendered":"https:\/\/roveyayinevi.com.tr\/index.php\/urun\/61-saat\/"},"modified":"2026-01-22T02:53:47","modified_gmt":"2026-01-21T23:53:47","slug":"61-saat","status":"publish","type":"product","link":"https:\/\/roveyayinevi.com.tr\/index.php\/urun\/61-saat\/","title":{"rendered":"61 Saat"},"content":{"rendered":"<p>Otob\u00fcs\u00fc \u0131ss\u0131z bir yerde ac\u0131mas\u0131z bir kar f\u0131rt\u0131nas\u0131 y\u00fcz\u00fcnden ar\u0131za yap\u0131nca Jack Reacher kendini \u00f6l\u00fcmc\u00fcl bir y\u00fczle\u015fmenin ortas\u0131nda bulur. Geceyi ge\u00e7irmek zorunda kald\u0131\u011f\u0131 ve son zamanlar\u0131n en \u015fiddetli k\u0131\u015f\u0131n\u0131 ya\u015fayan G\u00fcney Dakota\u2019da cesur bir kad\u0131n, gizli g\u00fc\u00e7ler taraf\u0131ndan tehdit edilen k\u00fc\u00e7\u00fck bir kasaba i\u00e7in adalet aramaktad\u0131r ve yard\u0131ma ihtiyac\u0131 vard\u0131r; \u00e7\u00fcnk\u00fc hi\u00e7 a\u00e7\u0131k vermeyen, so\u011fukkanl\u0131, profesyonel bir katil etrafta gezinirken hayatta kalmak anbean zorla\u015facakt\u0131r.Reacher kendi plan\u0131na sad\u0131k kal\u0131p yoluna devam etmeyi d\u00fc\u015f\u00fcnse de \u00f6n\u00fcnde her \u015feyi de\u011fi\u015ftirebilece\u011fi 61 saati vard\u0131r. So\u011fuk Sava\u015f d\u00f6neminden kalma eski bir binan\u0131n gizemini \u00e7\u00f6zmeye \u00e7al\u0131\u015f\u0131rken tahmin edebilece\u011finden \u00e7ok daha g\u00fc\u00e7l\u00fc d\u00fc\u015fmanlar ile kar\u015f\u0131 kar\u015f\u0131ya kal\u0131r.\u201cUstaca&#8230; Lee Child bu kitab\u0131nda hem yap\u0131sal olarak hem de yaratt\u0131\u011f\u0131 gerilim a\u00e7\u0131s\u0131ndan b\u00fct\u00fcn maharetini g\u00f6zler \u00f6n\u00fcne seriyor.\u201d<\/p>\n","protected":false},"excerpt":{"rendered":"<p>Otob\u00fcs\u00fc \u0131ss\u0131z bir yerde ac\u0131mas\u0131z bir kar f\u0131rt\u0131nas\u0131 y\u00fcz\u00fcnden ar\u0131za yap\u0131nca Jack Reacher kendini \u00f6l\u00fcmc\u00fcl bir y\u00fczle\u015fmenin ortas\u0131nda bulur. Geceyi ge\u00e7irmek zorunda kald\u0131\u011f\u0131 ve son zamanlar\u0131n<span class=\"excerpt-hellip\"> [\u2026]<\/span><\/p>\n","protected":false},"featured_media":0,"template":"","meta":{"_monsterinsights_skip_tracking":false,"_monsterinsights_sitenote_active":false,"_monsterinsights_sitenote_note":"","_monsterinsights_sitenote_category":0},"product_brand":[],"product_cat":[12803,12291],"product_tag":[],"class_list":{"0":"post-723443","1":"product","2":"type-product","3":"status-publish","5":"product_cat-aksiyon-macera","6":"product_cat-edebiyat","7":"pa_cilt-ciltsiz","8":"pa_tur-kitap","9":"pa_yayinevi-koridor-yayincilik","10":"pa_yazar-lee-child","12":"first","13":"instock","14":"sale","15":"shipping-taxable","16":"purchasable","17":"product-type-simple"},"_links":{"self":[{"href":"https:\/\/roveyayinevi.com.tr\/index.php\/wp-json\/wp\/v2\/product\/723443","targetHints":{"allow":["GET"]}}],"collection":[{"href":"https:\/\/roveyayinevi.com.tr\/index.php\/wp-json\/wp\/v2\/product"}],"about":[{"href":"https:\/\/roveyayinevi.com.tr\/index.php\/wp-json\/wp\/v2\/types\/product"}],"wp:attachment":[{"href":"https:\/\/roveyayinevi.com.tr\/index.php\/wp-json\/wp\/v2\/media?parent=723443"}],"wp:term":[{"taxonomy":"product_brand","embeddable":true,"href":"https:\/\/roveyayinevi.com.tr\/index.php\/wp-json\/wp\/v2\/product_brand?post=723443"},{"taxonomy":"product_cat","embeddable":true,"href":"https:\/\/roveyayinevi.com.tr\/index.php\/wp-json\/wp\/v2\/product_cat?post=723443"},{"taxonomy":"product_tag","embeddable":true,"href":"https:\/\/roveyayinevi.com.tr\/index.php\/wp-json\/wp\/v2\/product_tag?post=723443"}],"curies":[{"name":"wp","href":"https:\/\/api.w.org\/{rel}","templated":true}]}}