{"id":723442,"date":"2025-08-27T19:19:07","date_gmt":"2025-08-27T16:19:07","guid":{"rendered":"https:\/\/roveyayinevi.com.tr\/index.php\/urun\/osmanli-kumandanlari\/"},"modified":"2026-04-16T02:31:11","modified_gmt":"2026-04-15T23:31:11","slug":"osmanli-kumandanlari","status":"publish","type":"product","link":"https:\/\/roveyayinevi.com.tr\/index.php\/urun\/osmanli-kumandanlari\/","title":{"rendered":"Osmanl\u0131 Kumandanlar\u0131"},"content":{"rendered":"<p>Osmanl\u0131\u2019n\u0131n son ve Cumhuriyet\u2019in ilk d\u00f6nemlerinde \u00e7e\u015fitli ar\u015fiv kaynaklar\u0131, kronikler ve yerli yabanc\u0131 bir\u00e7ok tarih\u00e7inin kitaplar\u0131ndan beslenerek kaleme ald\u0131\u011f\u0131 eserlerle \u201cTarihi Sevdiren Adam\u201d olarak me\u015fhur olan Ahmet Refik Alt\u0131nay\u2019\u0131n kitaplar\u0131 yeniden Tima\u015f okurlar\u0131yla bulu\u015fuyor. G\u00fcn\u00fcm\u00fcz T\u00fcrk\u00e7esine uyarlanm\u0131\u015f ak\u0131c\u0131 bir \u00fcslupla haz\u0131rlanan serinin ilk kitab\u0131 Osmanl\u0131 Kumandanlar\u0131\u2019nda; kiminin ad\u0131n\u0131 duymad\u0131\u011f\u0131m\u0131z kimininkine ise a\u015fina oldu\u011fumuz bir\u00e7ok Osmanl\u0131 kumandan\u0131n\u0131n sorumluluk y\u00fckl\u00fc m\u00fccadeleleri, k\u0131l\u0131\u00e7la merhameti yan yana ta\u015f\u0131ma konusundaki \u00e7abalar\u0131 ger\u00e7ek hik\u00e2yeleriyle veriliyor.Rumeli F\u00e2tihi \u015eehzade S\u00fcleyman Pa\u015fa\u2019dan Osmanl\u0131 Devleti\u2019nin te\u015fkilatlanmas\u0131nda bir\u00e7ok hizmetleri bulunan Lala \u015eahin Pa\u015fa\u2019yla Timurta\u015f Pa\u015fa\u2019ya; Fatih Sultan Mehmet\u2019in hem sadrazamlar\u0131ndan hem de g\u00f6zde komutanlar\u0131ndan Gedik Ahmet Pa\u015fa\u2019dan Yemen ve Kafkasya Fatihi \u00d6zdemiro\u011flu Osman Pa\u015fa\u2019ya; Kanuni Sultan S\u00fcleyman\u2019\u0131n sa\u011f kolu Makbul \u0130brahim Pa\u015fa\u2019dan Kanije M\u00fcdafii Tiryaki Hasan Pa\u015fa\u2019ya kadar birbirinden k\u0131ymetli bir\u00e7ok Osmanl\u0131 kumandan\u0131 bu kitapta bir zafer ge\u00e7idinde\u2026<\/p>\n","protected":false},"excerpt":{"rendered":"<p>Osmanl\u0131\u2019n\u0131n son ve Cumhuriyet\u2019in ilk d\u00f6nemlerinde \u00e7e\u015fitli ar\u015fiv kaynaklar\u0131, kronikler ve yerli yabanc\u0131 bir\u00e7ok tarih\u00e7inin kitaplar\u0131ndan beslenerek kaleme ald\u0131\u011f\u0131 eserlerle \u201cTarihi Sevdiren Adam\u201d olarak me\u015fhur olan<span class=\"excerpt-hellip\"> [\u2026]<\/span><\/p>\n","protected":false},"featured_media":0,"template":"","meta":{"_monsterinsights_skip_tracking":false,"_monsterinsights_sitenote_active":false,"_monsterinsights_sitenote_note":"","_monsterinsights_sitenote_category":0},"product_brand":[],"product_cat":[13517,12304],"product_tag":[],"class_list":{"0":"post-723442","1":"product","2":"type-product","3":"status-publish","5":"product_cat-osmanli-tarihi","6":"product_cat-tarih","7":"pa_cilt-ciltsiz","8":"pa_tur-kitap","9":"pa_yayinevi-timas-yayinlari","10":"pa_yazar-ahmed-refik","12":"first","13":"instock","14":"sale","15":"shipping-taxable","16":"purchasable","17":"product-type-simple"},"_links":{"self":[{"href":"https:\/\/roveyayinevi.com.tr\/index.php\/wp-json\/wp\/v2\/product\/723442","targetHints":{"allow":["GET"]}}],"collection":[{"href":"https:\/\/roveyayinevi.com.tr\/index.php\/wp-json\/wp\/v2\/product"}],"about":[{"href":"https:\/\/roveyayinevi.com.tr\/index.php\/wp-json\/wp\/v2\/types\/product"}],"wp:attachment":[{"href":"https:\/\/roveyayinevi.com.tr\/index.php\/wp-json\/wp\/v2\/media?parent=723442"}],"wp:term":[{"taxonomy":"product_brand","embeddable":true,"href":"https:\/\/roveyayinevi.com.tr\/index.php\/wp-json\/wp\/v2\/product_brand?post=723442"},{"taxonomy":"product_cat","embeddable":true,"href":"https:\/\/roveyayinevi.com.tr\/index.php\/wp-json\/wp\/v2\/product_cat?post=723442"},{"taxonomy":"product_tag","embeddable":true,"href":"https:\/\/roveyayinevi.com.tr\/index.php\/wp-json\/wp\/v2\/product_tag?post=723442"}],"curies":[{"name":"wp","href":"https:\/\/api.w.org\/{rel}","templated":true}]}}