{"id":723439,"date":"2025-08-27T19:19:04","date_gmt":"2025-08-27T16:19:04","guid":{"rendered":"https:\/\/roveyayinevi.com.tr\/index.php\/urun\/gunduz-kitabi-gece-kitabi\/"},"modified":"2026-04-16T02:31:11","modified_gmt":"2026-04-15T23:31:11","slug":"gunduz-kitabi-gece-kitabi","status":"publish","type":"product","link":"https:\/\/roveyayinevi.com.tr\/index.php\/urun\/gunduz-kitabi-gece-kitabi\/","title":{"rendered":"G\u00fcnd\u00fcz Kitab\u0131 &#8211; Gece Kitab\u0131"},"content":{"rendered":"<p>Do\u011fa, ola\u011fan\u00fcst\u00fc bir uyum i\u00e7inde ger\u00e7ekle\u015fen bir d\u00f6ng\u00fc i\u00e7indedir. Bu d\u00f6ng\u00fc, birbirini tamamlayan olaylar sayesinde s\u00fcrer gider: K\u0131\u015ftan sonra bahar gelir, gece, g\u00fcnd\u00fcz\u00fcn son \u0131\u015f\u0131klar\u0131n\u0131 yakalar, ya\u011fmurdan sonra g\u00fcne\u015f mutlaka tekrar g\u00f6r\u00fcn\u00fcr\u2026\u0130\u015fte Pastoral Hik\u00e2yeler\u2019in ikinci kitab\u0131, g\u00fcnd\u00fcz ve geceye dair hik\u00e2yesini anlatmaya devam ediyor.<\/p>\n","protected":false},"excerpt":{"rendered":"<p>Do\u011fa, ola\u011fan\u00fcst\u00fc bir uyum i\u00e7inde ger\u00e7ekle\u015fen bir d\u00f6ng\u00fc i\u00e7indedir. Bu d\u00f6ng\u00fc, birbirini tamamlayan olaylar sayesinde s\u00fcrer gider: K\u0131\u015ftan sonra bahar gelir, gece, g\u00fcnd\u00fcz\u00fcn son \u0131\u015f\u0131klar\u0131n\u0131 yakalar,<span class=\"excerpt-hellip\"> [\u2026]<\/span><\/p>\n","protected":false},"featured_media":0,"template":"","meta":{"_monsterinsights_skip_tracking":false,"_monsterinsights_sitenote_active":false,"_monsterinsights_sitenote_note":"","_monsterinsights_sitenote_category":0},"product_brand":[],"product_cat":[12274,12518],"product_tag":[],"class_list":{"0":"post-723439","1":"product","2":"type-product","3":"status-publish","5":"product_cat-cocuk-ve-genclik-kitaplari","6":"product_cat-okul-oncesi-kitaplar","7":"pa_cilt-ciltsiz","8":"pa_tur-kitap","9":"pa_yayinevi-beta-kids","10":"pa_yazar-alp-gokalp","12":"first","13":"instock","14":"sale","15":"shipping-taxable","16":"purchasable","17":"product-type-simple"},"_links":{"self":[{"href":"https:\/\/roveyayinevi.com.tr\/index.php\/wp-json\/wp\/v2\/product\/723439","targetHints":{"allow":["GET"]}}],"collection":[{"href":"https:\/\/roveyayinevi.com.tr\/index.php\/wp-json\/wp\/v2\/product"}],"about":[{"href":"https:\/\/roveyayinevi.com.tr\/index.php\/wp-json\/wp\/v2\/types\/product"}],"wp:attachment":[{"href":"https:\/\/roveyayinevi.com.tr\/index.php\/wp-json\/wp\/v2\/media?parent=723439"}],"wp:term":[{"taxonomy":"product_brand","embeddable":true,"href":"https:\/\/roveyayinevi.com.tr\/index.php\/wp-json\/wp\/v2\/product_brand?post=723439"},{"taxonomy":"product_cat","embeddable":true,"href":"https:\/\/roveyayinevi.com.tr\/index.php\/wp-json\/wp\/v2\/product_cat?post=723439"},{"taxonomy":"product_tag","embeddable":true,"href":"https:\/\/roveyayinevi.com.tr\/index.php\/wp-json\/wp\/v2\/product_tag?post=723439"}],"curies":[{"name":"wp","href":"https:\/\/api.w.org\/{rel}","templated":true}]}}