{"id":723438,"date":"2025-08-27T19:19:04","date_gmt":"2025-08-27T16:19:04","guid":{"rendered":"https:\/\/roveyayinevi.com.tr\/index.php\/urun\/disney-esrarengiz-kasaba-dipper-ve-mabelin-gizem-rehberi-ile-araliksiz-eglence\/"},"modified":"2026-04-16T02:31:11","modified_gmt":"2026-04-15T23:31:11","slug":"disney-esrarengiz-kasaba-dipper-ve-mabelin-gizem-rehberi-ile-araliksiz-eglence","status":"publish","type":"product","link":"https:\/\/roveyayinevi.com.tr\/index.php\/urun\/disney-esrarengiz-kasaba-dipper-ve-mabelin-gizem-rehberi-ile-araliksiz-eglence\/","title":{"rendered":"Disney &#8211; Esrarengiz Kasaba Dipper Ve Mabel\u2019\u0131n Gizem Rehberi \u0130le Aral\u0131ks\u0131z E\u011flence!"},"content":{"rendered":"<p>Bu kitab\u0131 her kim bulursa, benim ad\u0131m Dipper Pines ve size korku, gizem ve do\u011fa\u00fcst\u00fc olaylarla dolu bir hayattan korkun\u00e7 uyar\u0131lar getiriyorum! Hayatta kalmak i\u00e7in garipli\u011fi ele alabilece\u011finiz birtak\u0131m ipu\u00e7lar\u0131 ve hileler yazd\u0131m. Ve gariplikten bahsetmi\u015fken&#8230;.Merhaba!!! Ben Mabel! Dipper e\u011fer onun yata\u011f\u0131n\u0131n \u00fczerinde z\u0131plamay\u0131 b\u0131rak\u0131rsam bu defteri onunla birlikte yazmama izin verece\u011fine dair s\u00f6z verdi! Burada birtak\u0131m harika ipu\u00e7lar\u0131m var. Mesela yememeniz gereken \u015feyleri nas\u0131l yiyebilece\u011finiz, \u00f6rg\u00fc i\u015fi ile hayatta kalma ve kendi ka\u011f\u0131t evcil hayvan\u0131n\u0131z\u0131 yapmak! Heyy!!Dipper ve Mabel\u2019\u0131n Gizem Rehberi\u2019ni bulsan neler yapard\u0131n? Esrarengiz Kasaba\u2019n\u0131n gizemleri \u00fczerine ayd\u0131nlat\u0131c\u0131 notlar, e\u011flenceli \u00f6nerilerle dolu bu kitab\u0131 bulman \u015fart! Kitab\u0131n i\u00e7inde sakl\u0131 olan hazineden bahsetmiyorum bile!<\/p>\n","protected":false},"excerpt":{"rendered":"<p>Bu kitab\u0131 her kim bulursa, benim ad\u0131m Dipper Pines ve size korku, gizem ve do\u011fa\u00fcst\u00fc olaylarla dolu bir hayattan korkun\u00e7 uyar\u0131lar getiriyorum! Hayatta kalmak i\u00e7in garipli\u011fi<span class=\"excerpt-hellip\"> [\u2026]<\/span><\/p>\n","protected":false},"featured_media":0,"template":"","meta":{"_monsterinsights_skip_tracking":false,"_monsterinsights_sitenote_active":false,"_monsterinsights_sitenote_note":"","_monsterinsights_sitenote_category":0},"product_brand":[],"product_cat":[12274,12284],"product_tag":[],"class_list":{"0":"post-723438","1":"product","2":"type-product","3":"status-publish","5":"product_cat-cocuk-ve-genclik-kitaplari","6":"product_cat-hikayeler","7":"pa_cilt-ciltsiz","8":"pa_tur-kitap","9":"pa_yayinevi-beta-kids","10":"pa_yazar-rob-renzetti","12":"first","13":"instock","14":"sale","15":"shipping-taxable","16":"purchasable","17":"product-type-simple"},"_links":{"self":[{"href":"https:\/\/roveyayinevi.com.tr\/index.php\/wp-json\/wp\/v2\/product\/723438","targetHints":{"allow":["GET"]}}],"collection":[{"href":"https:\/\/roveyayinevi.com.tr\/index.php\/wp-json\/wp\/v2\/product"}],"about":[{"href":"https:\/\/roveyayinevi.com.tr\/index.php\/wp-json\/wp\/v2\/types\/product"}],"wp:attachment":[{"href":"https:\/\/roveyayinevi.com.tr\/index.php\/wp-json\/wp\/v2\/media?parent=723438"}],"wp:term":[{"taxonomy":"product_brand","embeddable":true,"href":"https:\/\/roveyayinevi.com.tr\/index.php\/wp-json\/wp\/v2\/product_brand?post=723438"},{"taxonomy":"product_cat","embeddable":true,"href":"https:\/\/roveyayinevi.com.tr\/index.php\/wp-json\/wp\/v2\/product_cat?post=723438"},{"taxonomy":"product_tag","embeddable":true,"href":"https:\/\/roveyayinevi.com.tr\/index.php\/wp-json\/wp\/v2\/product_tag?post=723438"}],"curies":[{"name":"wp","href":"https:\/\/api.w.org\/{rel}","templated":true}]}}