{"id":723432,"date":"2025-08-27T19:18:59","date_gmt":"2025-08-27T16:18:59","guid":{"rendered":"https:\/\/roveyayinevi.com.tr\/index.php\/urun\/cicekbocegi-tombalak-ciltli\/"},"modified":"2026-04-16T02:31:08","modified_gmt":"2026-04-15T23:31:08","slug":"cicekbocegi-tombalak-ciltli","status":"publish","type":"product","link":"https:\/\/roveyayinevi.com.tr\/index.php\/urun\/cicekbocegi-tombalak-ciltli\/","title":{"rendered":"\u00c7i\u00e7ekb\u00f6ce\u011fi Tombalak (Ciltli)"},"content":{"rendered":"<p>Erika Bartos\u2019un renkli ve sevimli d\u00fcnyas\u0131 b\u00fcy\u00fcmeye devam ediyor! U\u011furb\u00f6ce\u011fi Sevecen, Salyangoz Tomurcuk ve arkada\u015flar\u0131n\u0131 yak\u0131ndan tan\u0131yal\u0131m: \u00c7i\u00e7ekb\u00f6ce\u011fi kiminle oynamay\u0131 \u00e7ok seviyor?  \u201cU\u011furb\u00f6ce\u011fi Sevecen ile Salyangoz Tomurcuk\u201d serisinin 0-3 ya\u015f grubundaki \u00e7ocuklara \u00f6zel kitaplar\u0131na \u00fc\u00e7 yeni kitap daha eklendi. Minikler, U\u011furb\u00f6ce\u011fi Sevecen, Salyangoz Tomurcuk, Ar\u0131c\u0131k Baltazar, \u00c7i\u00e7ekb\u00f6ce\u011fi Tombalak, Geyikb\u00f6ce\u011fi ve Kelebek Peri\u2019yle birlikte evleri, e\u015fyalar\u0131, giysileri ve renkleri \u00f6\u011frenecek. Erika Bartos\u2019un miniklere haz\u0131rlad\u0131\u011f\u0131 bu sevimli kitaplar\u0131n bir \u00f6zelli\u011fi de fiziksel \u00f6zelliklerinin minik okurlar d\u00fc\u015f\u00fcn\u00fclerek tasarlanm\u0131\u015f, k\u00f6\u015felerinin yuvarlat\u0131lm\u0131\u015f olmas\u0131. <\/p>\n","protected":false},"excerpt":{"rendered":"<p>Erika Bartos\u2019un renkli ve sevimli d\u00fcnyas\u0131 b\u00fcy\u00fcmeye devam ediyor! U\u011furb\u00f6ce\u011fi Sevecen, Salyangoz Tomurcuk ve arkada\u015flar\u0131n\u0131 yak\u0131ndan tan\u0131yal\u0131m: \u00c7i\u00e7ekb\u00f6ce\u011fi kiminle oynamay\u0131 \u00e7ok seviyor? \u201cU\u011furb\u00f6ce\u011fi Sevecen ile Salyangoz<span class=\"excerpt-hellip\"> [\u2026]<\/span><\/p>\n","protected":false},"featured_media":0,"template":"","meta":{"_monsterinsights_skip_tracking":false,"_monsterinsights_sitenote_active":false,"_monsterinsights_sitenote_note":"","_monsterinsights_sitenote_category":0},"product_brand":[],"product_cat":[12274,12518],"product_tag":[],"class_list":{"0":"post-723432","1":"product","2":"type-product","3":"status-publish","5":"product_cat-cocuk-ve-genclik-kitaplari","6":"product_cat-okul-oncesi-kitaplar","7":"pa_cilt-ciltli","8":"pa_tur-kitap","9":"pa_yayinevi-yapi-kredi-yayinlari","10":"pa_yazar-erika-bartos","12":"first","13":"instock","14":"sale","15":"shipping-taxable","16":"purchasable","17":"product-type-simple"},"_links":{"self":[{"href":"https:\/\/roveyayinevi.com.tr\/index.php\/wp-json\/wp\/v2\/product\/723432","targetHints":{"allow":["GET"]}}],"collection":[{"href":"https:\/\/roveyayinevi.com.tr\/index.php\/wp-json\/wp\/v2\/product"}],"about":[{"href":"https:\/\/roveyayinevi.com.tr\/index.php\/wp-json\/wp\/v2\/types\/product"}],"wp:attachment":[{"href":"https:\/\/roveyayinevi.com.tr\/index.php\/wp-json\/wp\/v2\/media?parent=723432"}],"wp:term":[{"taxonomy":"product_brand","embeddable":true,"href":"https:\/\/roveyayinevi.com.tr\/index.php\/wp-json\/wp\/v2\/product_brand?post=723432"},{"taxonomy":"product_cat","embeddable":true,"href":"https:\/\/roveyayinevi.com.tr\/index.php\/wp-json\/wp\/v2\/product_cat?post=723432"},{"taxonomy":"product_tag","embeddable":true,"href":"https:\/\/roveyayinevi.com.tr\/index.php\/wp-json\/wp\/v2\/product_tag?post=723432"}],"curies":[{"name":"wp","href":"https:\/\/api.w.org\/{rel}","templated":true}]}}