{"id":723426,"date":"2025-08-27T19:18:22","date_gmt":"2025-08-27T16:18:22","guid":{"rendered":"https:\/\/roveyayinevi.com.tr\/index.php\/urun\/40-kusagi-sairleri\/"},"modified":"2026-04-16T02:31:08","modified_gmt":"2026-04-15T23:31:08","slug":"40-kusagi-sairleri","status":"publish","type":"product","link":"https:\/\/roveyayinevi.com.tr\/index.php\/urun\/40-kusagi-sairleri\/","title":{"rendered":"40 Ku\u015fa\u011f\u0131 \u015eairleri"},"content":{"rendered":"<p>&#8220;40 Ku\u015fa\u011f\u0131 \u015fairlerinin bir arada an\u0131lmas\u0131n\u0131n nedeni, d\u00fc\u015f\u00fcnceleri ve d\u00fc\u015f\u00fcncelerine uygun yarat\u0131lar\u0131d\u0131r. Edebiyat\u0131n ya\u015fama kat\u0131lmas\u0131, edebiyata ya\u015fam\u0131n kat\u0131lmas\u0131, edebiyat\u0131n toplumsal sorunlara e\u011filmesi ve bir i\u015flev y\u00fcklenmesi 40 Ku\u015fa\u011f\u0131\u2019n\u0131n kayg\u0131s\u0131d\u0131r. Bu kayg\u0131n\u0131n ve bu y\u00fcklemenin nedenini ise ancak o g\u00fcnlerin ya\u015fam ko\u015fullar\u0131n\u0131n ve edebiyat ortam\u0131n\u0131n bilinmesiyle kavrayabiliriz. 40 Ku\u015fa\u011f\u0131 \u015fairlerinin ortak kayg\u0131lar\u0131n\u0131n olu\u015fturdu\u011fu bir anlay\u0131\u015fla &#8216;ku\u015fak&#8217; olarak belirlenmelerinden daha do\u011fal ne olabilir? Bu do\u011fall\u0131k, 1940\u2019l\u0131 y\u0131llar T\u00fcrkiye\u2019sinin ko\u015fullar\u0131 i\u00e7inde, ayd\u0131n duyarl\u0131\u011f\u0131n\u0131n \u015fair \u00e7\u0131\u011fl\u0131klar\u0131yla somutland\u0131\u011f\u0131 bir sonuca varm\u0131\u015ft\u0131. N\u00e2z\u0131m Hikmet\u2019le ba\u015flayan bir sosyalist gelene\u011fin s\u00fcrd\u00fcr\u00fcc\u00fcs\u00fc olan 40 Ku\u015fa\u011f\u0131 \u015fairleri; miras ald\u0131klar\u0131 bu \u2018yeni\u2019 sese ve solu\u011fa, kendi \u00f6zg\u00fcnl\u00fcklerini katmas\u0131n\u0131 becermi\u015f ve N\u00e2z\u0131m Hikmet\u2019in a\u00e7t\u0131\u011f\u0131 ayd\u0131nl\u0131k ufka yeni ufuklar eklemesini ba\u015farm\u0131\u015ft\u0131.\u201d  Attil\u00e2 \u0130lhan, 40 Ku\u015fa\u011f\u0131 \u015fairleri i\u00e7in, \u201c40 Ku\u015fa\u011f\u0131-Sava\u015f Ku\u015fa\u011f\u0131 \u015fairlerimize bir \u015feyler bor\u00e7luyuz, zira \u00fclkemizin \u2018h\u00fcrriyet ve demokrasi m\u00fccadelesinde al\u0131nlar\u0131nda \u0131\u015f\u0131\u011f\u0131 ilk hissedenler\u2019 onlar olmu\u015flard\u0131r\u201d der. \u00d6ner Ya\u011fc\u0131, 40 Ku\u015fa\u011f\u0131 \u015eairleri kitab\u0131yla, T\u00fcrk yaz\u0131n\u0131 ad\u0131na i\u015fte bu borcu bir par\u00e7a olsun kapat\u0131yor; fa\u015fizme ve gerili\u011fe kar\u015f\u0131 sesini y\u00fckseltmi\u015f, boyun e\u011fmemi\u015f bir onurlu ku\u015fa\u011f\u0131, yeniden okurlarla bulu\u015fturuyor&#8230; <\/p>\n","protected":false},"excerpt":{"rendered":"<p>&#8220;40 Ku\u015fa\u011f\u0131 \u015fairlerinin bir arada an\u0131lmas\u0131n\u0131n nedeni, d\u00fc\u015f\u00fcnceleri ve d\u00fc\u015f\u00fcncelerine uygun yarat\u0131lar\u0131d\u0131r. Edebiyat\u0131n ya\u015fama kat\u0131lmas\u0131, edebiyata ya\u015fam\u0131n kat\u0131lmas\u0131, edebiyat\u0131n toplumsal sorunlara e\u011filmesi ve bir i\u015flev y\u00fcklenmesi<span class=\"excerpt-hellip\"> [\u2026]<\/span><\/p>\n","protected":false},"featured_media":0,"template":"","meta":{"_monsterinsights_skip_tracking":false,"_monsterinsights_sitenote_active":false,"_monsterinsights_sitenote_note":"","_monsterinsights_sitenote_category":0},"product_brand":[],"product_cat":[13072,12291],"product_tag":[],"class_list":{"0":"post-723426","1":"product","2":"type-product","3":"status-publish","5":"product_cat-arastirma-inceleme-referans","6":"product_cat-edebiyat","7":"pa_cilt-ciltsiz","8":"pa_tur-kitap","9":"pa_yayinevi-telgrafhane-yayinlari","10":"pa_yazar-oner-yagci","12":"first","13":"instock","14":"sale","15":"shipping-taxable","16":"purchasable","17":"product-type-simple"},"_links":{"self":[{"href":"https:\/\/roveyayinevi.com.tr\/index.php\/wp-json\/wp\/v2\/product\/723426","targetHints":{"allow":["GET"]}}],"collection":[{"href":"https:\/\/roveyayinevi.com.tr\/index.php\/wp-json\/wp\/v2\/product"}],"about":[{"href":"https:\/\/roveyayinevi.com.tr\/index.php\/wp-json\/wp\/v2\/types\/product"}],"wp:attachment":[{"href":"https:\/\/roveyayinevi.com.tr\/index.php\/wp-json\/wp\/v2\/media?parent=723426"}],"wp:term":[{"taxonomy":"product_brand","embeddable":true,"href":"https:\/\/roveyayinevi.com.tr\/index.php\/wp-json\/wp\/v2\/product_brand?post=723426"},{"taxonomy":"product_cat","embeddable":true,"href":"https:\/\/roveyayinevi.com.tr\/index.php\/wp-json\/wp\/v2\/product_cat?post=723426"},{"taxonomy":"product_tag","embeddable":true,"href":"https:\/\/roveyayinevi.com.tr\/index.php\/wp-json\/wp\/v2\/product_tag?post=723426"}],"curies":[{"name":"wp","href":"https:\/\/api.w.org\/{rel}","templated":true}]}}