{"id":723425,"date":"2025-08-27T19:18:21","date_gmt":"2025-08-27T16:18:21","guid":{"rendered":"https:\/\/roveyayinevi.com.tr\/index.php\/urun\/eyvah-yemekhane-haydi-herkes-okula\/"},"modified":"2026-03-11T02:52:31","modified_gmt":"2026-03-10T23:52:31","slug":"eyvah-yemekhane-haydi-herkes-okula","status":"publish","type":"product","link":"https:\/\/roveyayinevi.com.tr\/index.php\/urun\/eyvah-yemekhane-haydi-herkes-okula\/","title":{"rendered":"Eyvah Yemekhane! &#8211; Haydi Herkes Okula"},"content":{"rendered":"<p>\u0130talya\u2019n\u0131n sevilen \u00e7ocuk kitaplar\u0131 yazar\u0131 ve \u00e7izeri, bol \u00f6d\u00fcll\u00fc Nicoletta Costa, \u00e7ocuklar\u0131n okuldaki g\u00fcnl\u00fck ya\u015fam\u0131n\u0131 anlat\u0131yor. Yemekhanede bug\u00fcn Niko\u2019nun sevmedi\u011fi yemek \u00e7\u0131km\u0131\u015ft\u0131. Niko, ya m\u0131zm\u0131z diye \u00e7a\u011fr\u0131lmaya katlanacak ya da sevmedi\u011fi yeme\u011fi yiyecekti. Se\u00e7im o kadar da zor de\u011fildi. \u00c7ocuklar\u0131n okuma becerisini geli\u015ftirmek ve ba\u011f\u0131ms\u0131z birer okur olmalar\u0131 yolunda onlara kolayl\u0131k sa\u011flamak amac\u0131yla kaleme al\u0131nan dizide \u00e7ocuklar\u0131n okul hayat\u0131nda kar\u015f\u0131la\u015ft\u0131klar\u0131 s\u0131k\u0131nt\u0131 veren konular da ele al\u0131n\u0131yor. Dizi, tasar\u0131m\u0131, metin yo\u011funlu\u011fu ve kullan\u0131lan fontuyla, okuma yazmay\u0131 \u00f6\u011frenen \u00e7ocuklara destek oluyor.<\/p>\n","protected":false},"excerpt":{"rendered":"<p>\u0130talya\u2019n\u0131n sevilen \u00e7ocuk kitaplar\u0131 yazar\u0131 ve \u00e7izeri, bol \u00f6d\u00fcll\u00fc Nicoletta Costa, \u00e7ocuklar\u0131n okuldaki g\u00fcnl\u00fck ya\u015fam\u0131n\u0131 anlat\u0131yor. Yemekhanede bug\u00fcn Niko\u2019nun sevmedi\u011fi yemek \u00e7\u0131km\u0131\u015ft\u0131. Niko, ya m\u0131zm\u0131z diye<span class=\"excerpt-hellip\"> [\u2026]<\/span><\/p>\n","protected":false},"featured_media":0,"template":"","meta":{"_monsterinsights_skip_tracking":false,"_monsterinsights_sitenote_active":false,"_monsterinsights_sitenote_note":"","_monsterinsights_sitenote_category":0},"product_brand":[],"product_cat":[12274,12284],"product_tag":[],"class_list":{"0":"post-723425","1":"product","2":"type-product","3":"status-publish","5":"product_cat-cocuk-ve-genclik-kitaplari","6":"product_cat-hikayeler","7":"pa_cilt-ciltsiz","8":"pa_tur-kitap","9":"pa_yayinevi-hep-kitap","10":"pa_yazar-nicoletta-costa","12":"first","13":"instock","14":"sale","15":"shipping-taxable","16":"purchasable","17":"product-type-simple"},"_links":{"self":[{"href":"https:\/\/roveyayinevi.com.tr\/index.php\/wp-json\/wp\/v2\/product\/723425","targetHints":{"allow":["GET"]}}],"collection":[{"href":"https:\/\/roveyayinevi.com.tr\/index.php\/wp-json\/wp\/v2\/product"}],"about":[{"href":"https:\/\/roveyayinevi.com.tr\/index.php\/wp-json\/wp\/v2\/types\/product"}],"wp:attachment":[{"href":"https:\/\/roveyayinevi.com.tr\/index.php\/wp-json\/wp\/v2\/media?parent=723425"}],"wp:term":[{"taxonomy":"product_brand","embeddable":true,"href":"https:\/\/roveyayinevi.com.tr\/index.php\/wp-json\/wp\/v2\/product_brand?post=723425"},{"taxonomy":"product_cat","embeddable":true,"href":"https:\/\/roveyayinevi.com.tr\/index.php\/wp-json\/wp\/v2\/product_cat?post=723425"},{"taxonomy":"product_tag","embeddable":true,"href":"https:\/\/roveyayinevi.com.tr\/index.php\/wp-json\/wp\/v2\/product_tag?post=723425"}],"curies":[{"name":"wp","href":"https:\/\/api.w.org\/{rel}","templated":true}]}}