{"id":723422,"date":"2025-08-27T19:18:19","date_gmt":"2025-08-27T16:18:19","guid":{"rendered":"https:\/\/roveyayinevi.com.tr\/index.php\/urun\/hadis-kulturu-arastirmalari\/"},"modified":"2026-04-16T02:31:08","modified_gmt":"2026-04-15T23:31:08","slug":"hadis-kulturu-arastirmalari","status":"publish","type":"product","link":"https:\/\/roveyayinevi.com.tr\/index.php\/urun\/hadis-kulturu-arastirmalari\/","title":{"rendered":"Hadis K\u00fclt\u00fcr\u00fc Ara\u015ft\u0131rmalar\u0131"},"content":{"rendered":"<p>Ignaz Goldziher\u2019in farkl\u0131 kitap ve makalelerinde, hadis ilmi hakk\u0131ndaki d\u00fc\u015f\u00fcnce ve yakla\u015f\u0131mlar\u0131n\u0131 g\u00f6rmek m\u00fcmk\u00fcnd\u00fcr. Ku\u015fkusuz bunlardan en \u00f6nemlisi, hadis ilmini tarih\u00ee geli\u015fimi i\u00e7erisinde ele ald\u0131\u011f\u0131 Muhammedanische Studien (\u0130slam K\u00fclt\u00fcr\u00fc Ara\u015ft\u0131rmalar\u0131) adl\u0131 eserinin \u00f6zellikle ikinci cildidir. Goldziher bu kitab\u0131n\u0131 1890 y\u0131l\u0131nda yay\u0131mlad\u0131. Daha sonra elde etti\u011fi kaynak ve veriler \u00e7er\u00e7evesinde, bu kitapta ortaya koydu\u011fu baz\u0131 g\u00f6r\u00fc\u015flerini de\u011fi\u015ftirdi.   Bu kitapta \u00e7evirileri sunulan hadisle ilgili makalelerin hepsi Goldziher\u2019in bu eserinden sonra kaleme al\u0131nm\u0131\u015ft\u0131r.  Goldziher\u2019in do\u011frudan hadisle ilgili makaleleri, \u00f6zellikle bu alandaki fikr\u00ee geli\u015fimini anlamak a\u00e7\u0131s\u0131ndan \u00f6nemlidir.        <\/p>\n","protected":false},"excerpt":{"rendered":"<p>Ignaz Goldziher\u2019in farkl\u0131 kitap ve makalelerinde, hadis ilmi hakk\u0131ndaki d\u00fc\u015f\u00fcnce ve yakla\u015f\u0131mlar\u0131n\u0131 g\u00f6rmek m\u00fcmk\u00fcnd\u00fcr. Ku\u015fkusuz bunlardan en \u00f6nemlisi, hadis ilmini tarih\u00ee geli\u015fimi i\u00e7erisinde ele ald\u0131\u011f\u0131 Muhammedanische<span class=\"excerpt-hellip\"> [\u2026]<\/span><\/p>\n","protected":false},"featured_media":0,"template":"","meta":{"_monsterinsights_skip_tracking":false,"_monsterinsights_sitenote_active":false,"_monsterinsights_sitenote_note":"","_monsterinsights_sitenote_category":0},"product_brand":[],"product_cat":[13036,12718,12719],"product_tag":[],"class_list":{"0":"post-723422","1":"product","2":"type-product","3":"status-publish","5":"product_cat-arastirma-inceleme-islam","6":"product_cat-din","7":"product_cat-islam","8":"pa_cilt-ciltsiz","9":"pa_tur-kitap","10":"pa_yayinevi-otto-yayinlari","11":"pa_yazar-ignaz-goldziher","13":"first","14":"instock","15":"sale","16":"shipping-taxable","17":"purchasable","18":"product-type-simple"},"_links":{"self":[{"href":"https:\/\/roveyayinevi.com.tr\/index.php\/wp-json\/wp\/v2\/product\/723422","targetHints":{"allow":["GET"]}}],"collection":[{"href":"https:\/\/roveyayinevi.com.tr\/index.php\/wp-json\/wp\/v2\/product"}],"about":[{"href":"https:\/\/roveyayinevi.com.tr\/index.php\/wp-json\/wp\/v2\/types\/product"}],"wp:attachment":[{"href":"https:\/\/roveyayinevi.com.tr\/index.php\/wp-json\/wp\/v2\/media?parent=723422"}],"wp:term":[{"taxonomy":"product_brand","embeddable":true,"href":"https:\/\/roveyayinevi.com.tr\/index.php\/wp-json\/wp\/v2\/product_brand?post=723422"},{"taxonomy":"product_cat","embeddable":true,"href":"https:\/\/roveyayinevi.com.tr\/index.php\/wp-json\/wp\/v2\/product_cat?post=723422"},{"taxonomy":"product_tag","embeddable":true,"href":"https:\/\/roveyayinevi.com.tr\/index.php\/wp-json\/wp\/v2\/product_tag?post=723422"}],"curies":[{"name":"wp","href":"https:\/\/api.w.org\/{rel}","templated":true}]}}