{"id":723421,"date":"2025-08-27T19:18:18","date_gmt":"2025-08-27T16:18:18","guid":{"rendered":"https:\/\/roveyayinevi.com.tr\/index.php\/urun\/cilgin-supurge-sipsak\/"},"modified":"2026-04-16T02:31:08","modified_gmt":"2026-04-15T23:31:08","slug":"cilgin-supurge-sipsak","status":"publish","type":"product","link":"https:\/\/roveyayinevi.com.tr\/index.php\/urun\/cilgin-supurge-sipsak\/","title":{"rendered":"\u00c7\u0131lg\u0131n S\u00fcp\u00fcrge \u015eip\u015fak"},"content":{"rendered":"<p>Bahanelerin ard\u0131nda yatan ger\u00e7ekli\u011fi sorgulamak&#8230;Alman \u00e7ocuk ve gen\u00e7lik edebiyat\u0131n\u0131n y\u00fckselen y\u0131ld\u0131zlar\u0131ndan Salah Naoura&#8217;n\u0131n yeni &#8221;harikas\u0131&#8221; \u00c7\u0131lg\u0131n S\u00fcp\u00fcrge \u015eip\u015fak, k\u0131rm\u0131z\u0131 bir kanepede ba\u015flay\u0131p tozlu \u00e7\u00f6l yollar\u0131na uzanan, casusluk filmlerini aratmayan, \u00e7\u0131lg\u0131n m\u0131 \u00e7\u0131lg\u0131n bir roman!Hakikatlere ve uydurmacalara meydan okuyan ola\u011fan\u00fcst\u00fc kurgusuyla en \u00e7etrefilli maceralara bile parmak \u0131s\u0131rtan bu s\u00fcr\u00fckleyici roman, yalana ba\u015fvuran ile yalandan sak\u0131nan\u0131 ba\u015f d\u00f6nd\u00fcr\u00fcc\u00fc bir hik\u00e2ye zincirinde bulu\u015fturuyor.\u0130nsanlar\u0131n zaaflar\u0131 ile yersiz istek ve arzular\u0131 \u00fczerine d\u00fc\u015f\u00fcnd\u00fcren \u00e7ok katmanl\u0131 anlat\u0131m\u0131yla bir \u00e7ocuk roman\u0131ndan fazlas\u0131n\u0131 vadeden Salah Naoura, t\u00fcketim k\u00fclt\u00fcr\u00fcn\u00fcn vazge\u00e7ilmez unsurlar\u0131ndan reklam ve pazarlama taktiklerini de ince ince ele\u015ftiriyor.Hafta sonu \u00f6devimi ne yaz\u0131k ki yapamad\u0131m. Hepsi, \u015eip-\u015eak&#8217;\u0131n su\u00e7u.Bir elektrikli s\u00fcp\u00fcrge bu. 3A s\u0131n\u0131f\u0131ndan arkada\u015f\u0131m Gerti ile birlikte onu de\u011fi\u015ftirmemiz gerekiyordu, bu y\u00fczden d\u00fcnya turuna \u00e7\u0131kmak zorunda kald\u0131k. Yetkili firma d\u00fcnyan\u0131n \u00f6b\u00fcr ucundaym\u0131\u015f. Avustralya&#8217;n\u0131n oralarda bir yerde. Geri d\u00f6nd\u00fc\u011f\u00fcm\u00fczde pazar ak\u015fam\u0131 olmu\u015ftu bile, saat \u00e7ok ge\u00e7ti ve ben de \u00e7ok yorgundum. \u00d6devimi yar\u0131n yapar\u0131m.Ak\u0131llara durgunluk verecek hik\u00e2yemiz; bu k\u0131sa, \u00f6z ve son derece inand\u0131r\u0131c\u0131 (!) mazeret yaz\u0131s\u0131yla ba\u015fl\u0131yor. Lara, Gerti ve Ralf, G\u00fcven M\u00fcd\u00fcr&#8217;\u00fcn odas\u0131nda, tam on be\u015f g\u00fcn boyunca anlatt\u0131k\u00e7a anlat\u0131yor. Fakat, ba\u015flang\u0131\u00e7ta ceza olarak planlanan bu bulu\u015fmalar k\u0131sa bir s\u00fcre sonra arkas\u0131 merakla beklenen hik\u00e2ye anlatma oturumlar\u0131na d\u00f6n\u00fc\u015f\u00fcyor. Olaylar dallan\u0131p budakland\u0131k\u00e7a i\u015fin i\u00e7ine esrarengiz s\u0131rlar ve tuhaf insanlar kar\u0131\u015f\u0131yor. Ve heyecan her ge\u00e7en g\u00fcn art\u0131p b\u00fcy\u00fck sona do\u011fru nefesler tutulduk\u00e7a, dinleyenlerin merak\u0131 ve ilgisi katmerleniyor!\u00c7ocuklardaki hayal g\u00fcc\u00fcn\u00fcn s\u0131n\u0131r tan\u0131mazl\u0131\u011f\u0131n\u0131 d\u00e2hiyane bir kurguyla bizlere g\u00f6stermeye \u00e7al\u0131\u015fan Salah Naoura, insanl\u0131\u011f\u0131n en kadim geleneklerinden hik\u00e2ye anlat\u0131c\u0131l\u0131\u011f\u0131na bamba\u015fka bir yorum kazand\u0131r\u0131yor.Ba\u015f\u0131ndan sonuna kadar e\u011flenceyi bir an bile eksik etmeyen \u00c7\u0131lg\u0131n S\u00fcp\u00fcrge \u015eip\u015fak, ezber bozan yap\u0131s\u0131yla son y\u0131llar\u0131n en etkileyici \u00e7ocuk romanlar\u0131ndan biri!<\/p>\n","protected":false},"excerpt":{"rendered":"<p>Bahanelerin ard\u0131nda yatan ger\u00e7ekli\u011fi sorgulamak&#8230;Alman \u00e7ocuk ve gen\u00e7lik edebiyat\u0131n\u0131n y\u00fckselen y\u0131ld\u0131zlar\u0131ndan Salah Naoura&#8217;n\u0131n yeni &#8221;harikas\u0131&#8221; \u00c7\u0131lg\u0131n S\u00fcp\u00fcrge \u015eip\u015fak, k\u0131rm\u0131z\u0131 bir kanepede ba\u015flay\u0131p tozlu \u00e7\u00f6l yollar\u0131na uzanan,<span class=\"excerpt-hellip\"> [\u2026]<\/span><\/p>\n","protected":false},"featured_media":0,"template":"","meta":{"_monsterinsights_skip_tracking":false,"_monsterinsights_sitenote_active":false,"_monsterinsights_sitenote_note":"","_monsterinsights_sitenote_category":0},"product_brand":[],"product_cat":[12274,12284],"product_tag":[],"class_list":{"0":"post-723421","1":"product","2":"type-product","3":"status-publish","5":"product_cat-cocuk-ve-genclik-kitaplari","6":"product_cat-hikayeler","7":"pa_cilt-ciltsiz","8":"pa_tur-kitap","9":"pa_yayinevi-tudem-yayinlari","10":"pa_yazar-salah-naoura","12":"first","13":"instock","14":"sale","15":"shipping-taxable","16":"purchasable","17":"product-type-simple"},"_links":{"self":[{"href":"https:\/\/roveyayinevi.com.tr\/index.php\/wp-json\/wp\/v2\/product\/723421","targetHints":{"allow":["GET"]}}],"collection":[{"href":"https:\/\/roveyayinevi.com.tr\/index.php\/wp-json\/wp\/v2\/product"}],"about":[{"href":"https:\/\/roveyayinevi.com.tr\/index.php\/wp-json\/wp\/v2\/types\/product"}],"wp:attachment":[{"href":"https:\/\/roveyayinevi.com.tr\/index.php\/wp-json\/wp\/v2\/media?parent=723421"}],"wp:term":[{"taxonomy":"product_brand","embeddable":true,"href":"https:\/\/roveyayinevi.com.tr\/index.php\/wp-json\/wp\/v2\/product_brand?post=723421"},{"taxonomy":"product_cat","embeddable":true,"href":"https:\/\/roveyayinevi.com.tr\/index.php\/wp-json\/wp\/v2\/product_cat?post=723421"},{"taxonomy":"product_tag","embeddable":true,"href":"https:\/\/roveyayinevi.com.tr\/index.php\/wp-json\/wp\/v2\/product_tag?post=723421"}],"curies":[{"name":"wp","href":"https:\/\/api.w.org\/{rel}","templated":true}]}}