{"id":723419,"date":"2025-08-27T19:18:17","date_gmt":"2025-08-27T16:18:17","guid":{"rendered":"https:\/\/roveyayinevi.com.tr\/index.php\/urun\/garip-ama-gercek-5-350-muthis-gercek\/"},"modified":"2026-04-16T02:31:08","modified_gmt":"2026-04-15T23:31:08","slug":"garip-ama-gercek-5-350-muthis-gercek","status":"publish","type":"product","link":"https:\/\/roveyayinevi.com.tr\/index.php\/urun\/garip-ama-gercek-5-350-muthis-gercek\/","title":{"rendered":"Garip Ama Ger\u00e7ek! 5 &#8211; 350 M\u00fcthi\u015f Ger\u00e7ek"},"content":{"rendered":"<p>Tuhaf hayvanlar\u0131, s\u0131ra d\u0131\u015f\u0131 mek\u00e2nlar\u0131, \u00e7\u0131lg\u0131n icatlar\u0131, \u00fcrk\u00fct\u00fcc\u00fc do\u011fal olaylar\u0131n\u0131, hayranl\u0131k uyand\u0131ran yeteneklerini ve \u00e7ok daha fazlas\u0131n\u0131 ke\u015ffet. Garip d\u00fcnyam\u0131z hakk\u0131nda e\u011flenceli ve komik ger\u00e7ekler bu seride. Garip Ama Ger\u00e7ek 5, serinin garip ama ger\u00e7ek bilgiler i\u00e7eren son \u00fcyesi!<\/p>\n","protected":false},"excerpt":{"rendered":"<p>Tuhaf hayvanlar\u0131, s\u0131ra d\u0131\u015f\u0131 mek\u00e2nlar\u0131, \u00e7\u0131lg\u0131n icatlar\u0131, \u00fcrk\u00fct\u00fcc\u00fc do\u011fal olaylar\u0131n\u0131, hayranl\u0131k uyand\u0131ran yeteneklerini ve \u00e7ok daha fazlas\u0131n\u0131 ke\u015ffet. Garip d\u00fcnyam\u0131z hakk\u0131nda e\u011flenceli ve komik ger\u00e7ekler bu<span class=\"excerpt-hellip\"> [\u2026]<\/span><\/p>\n","protected":false},"featured_media":0,"template":"","meta":{"_monsterinsights_skip_tracking":false,"_monsterinsights_sitenote_active":false,"_monsterinsights_sitenote_note":"","_monsterinsights_sitenote_category":0},"product_brand":[],"product_cat":[13829,12274],"product_tag":[],"class_list":{"0":"post-723419","1":"product","2":"type-product","3":"status-publish","5":"product_cat-bilimsel-kitaplar","6":"product_cat-cocuk-ve-genclik-kitaplari","7":"pa_cilt-ciltsiz","8":"pa_tur-kitap","9":"pa_yayinevi-beta-kids","10":"pa_yazar-kolektif","12":"first","13":"instock","14":"sale","15":"shipping-taxable","16":"purchasable","17":"product-type-simple"},"_links":{"self":[{"href":"https:\/\/roveyayinevi.com.tr\/index.php\/wp-json\/wp\/v2\/product\/723419","targetHints":{"allow":["GET"]}}],"collection":[{"href":"https:\/\/roveyayinevi.com.tr\/index.php\/wp-json\/wp\/v2\/product"}],"about":[{"href":"https:\/\/roveyayinevi.com.tr\/index.php\/wp-json\/wp\/v2\/types\/product"}],"wp:attachment":[{"href":"https:\/\/roveyayinevi.com.tr\/index.php\/wp-json\/wp\/v2\/media?parent=723419"}],"wp:term":[{"taxonomy":"product_brand","embeddable":true,"href":"https:\/\/roveyayinevi.com.tr\/index.php\/wp-json\/wp\/v2\/product_brand?post=723419"},{"taxonomy":"product_cat","embeddable":true,"href":"https:\/\/roveyayinevi.com.tr\/index.php\/wp-json\/wp\/v2\/product_cat?post=723419"},{"taxonomy":"product_tag","embeddable":true,"href":"https:\/\/roveyayinevi.com.tr\/index.php\/wp-json\/wp\/v2\/product_tag?post=723419"}],"curies":[{"name":"wp","href":"https:\/\/api.w.org\/{rel}","templated":true}]}}