{"id":723418,"date":"2025-08-27T19:18:16","date_gmt":"2025-08-27T16:18:16","guid":{"rendered":"https:\/\/roveyayinevi.com.tr\/index.php\/urun\/cami-ve-siyaset\/"},"modified":"2026-04-16T02:31:08","modified_gmt":"2026-04-15T23:31:08","slug":"cami-ve-siyaset","status":"publish","type":"product","link":"https:\/\/roveyayinevi.com.tr\/index.php\/urun\/cami-ve-siyaset\/","title":{"rendered":"Cami ve Siyaset"},"content":{"rendered":"<p>Bu \u00e7al\u0131\u015fmam\u0131zda \u0130slam tarihinde cami ile siyasetin nas\u0131l bir ili\u015fki i\u00e7erisinde oldu\u011fu sorusuna yan\u0131tlar verdik.\u0130slam\u2019da mabet\/mescit kavram\u0131n\u0131n dayand\u0131\u011f\u0131 Kur\u2019an\u00ee ve Muhammed\u00ee temelleri g\u00f6zler \u00f6n\u00fcne sererek \u0130slam tarihindeki ve g\u00fcn\u00fcm\u00fczdeki mabetlerin o temellerle ne denli ko\u015futluk arz etti\u011fini irdeledik. G\u00f6rd\u00fck ki ko\u015futluktan ziyade kar\u015f\u0131tl\u0131k denilebilecek \u00f6zellikler \u00f6ne \u00e7\u0131k\u0131yor. Bu \u00f6zelliklerin T\u00fcrkiye\u2019de ve \u0130slam toplumlar\u0131nda yaratt\u0131\u011f\u0131 patolojik sonu\u00e7lar\u0131n \u00e7ok derin politik ve sosyolojik sorunlara yol a\u00e7t\u0131\u011f\u0131n\u0131 s\u00f6z\u00fcm\u00fcz\u00fc sak\u0131nmadan te\u015fhis ettik. Ne ac\u0131 ki bug\u00fcnk\u00fc camilerin Muhammed\u00ee mescitlerle ilgisi yok denecek kadar azd\u0131r. Ne ac\u0131 ki bug\u00fcnk\u00fc camilerin pek \u00e7o\u011fu Kur\u2019an\u2019da a\u011f\u0131r  bir bi\u00e7imde yerilen Mescid-i D\u0131rar tan\u0131mlamas\u0131na dahil durumdad\u0131r.  Mescitlerin yeniden \u0130slam\u00eele\u015ftirilmesi i\u00e7in bu \u00e7al\u0131\u015fman\u0131n k\u0131lavuz olmas\u0131n\u0131 diliyoruz. <\/p>\n","protected":false},"excerpt":{"rendered":"<p>Bu \u00e7al\u0131\u015fmam\u0131zda \u0130slam tarihinde cami ile siyasetin nas\u0131l bir ili\u015fki i\u00e7erisinde oldu\u011fu sorusuna yan\u0131tlar verdik.\u0130slam\u2019da mabet\/mescit kavram\u0131n\u0131n dayand\u0131\u011f\u0131 Kur\u2019an\u00ee ve Muhammed\u00ee temelleri g\u00f6zler \u00f6n\u00fcne sererek \u0130slam<span class=\"excerpt-hellip\"> [\u2026]<\/span><\/p>\n","protected":false},"featured_media":0,"template":"","meta":{"_monsterinsights_skip_tracking":false,"_monsterinsights_sitenote_active":false,"_monsterinsights_sitenote_note":"","_monsterinsights_sitenote_category":0},"product_brand":[],"product_cat":[13036,12718,12719],"product_tag":[],"class_list":{"0":"post-723418","1":"product","2":"type-product","3":"status-publish","5":"product_cat-arastirma-inceleme-islam","6":"product_cat-din","7":"product_cat-islam","8":"pa_cilt-ciltsiz","9":"pa_tur-kitap","10":"pa_yayinevi-kirmizi-kedi-yayinevi","11":"pa_yazar-cemil-kilic","13":"first","14":"instock","15":"sale","16":"shipping-taxable","17":"purchasable","18":"product-type-simple"},"_links":{"self":[{"href":"https:\/\/roveyayinevi.com.tr\/index.php\/wp-json\/wp\/v2\/product\/723418","targetHints":{"allow":["GET"]}}],"collection":[{"href":"https:\/\/roveyayinevi.com.tr\/index.php\/wp-json\/wp\/v2\/product"}],"about":[{"href":"https:\/\/roveyayinevi.com.tr\/index.php\/wp-json\/wp\/v2\/types\/product"}],"wp:attachment":[{"href":"https:\/\/roveyayinevi.com.tr\/index.php\/wp-json\/wp\/v2\/media?parent=723418"}],"wp:term":[{"taxonomy":"product_brand","embeddable":true,"href":"https:\/\/roveyayinevi.com.tr\/index.php\/wp-json\/wp\/v2\/product_brand?post=723418"},{"taxonomy":"product_cat","embeddable":true,"href":"https:\/\/roveyayinevi.com.tr\/index.php\/wp-json\/wp\/v2\/product_cat?post=723418"},{"taxonomy":"product_tag","embeddable":true,"href":"https:\/\/roveyayinevi.com.tr\/index.php\/wp-json\/wp\/v2\/product_tag?post=723418"}],"curies":[{"name":"wp","href":"https:\/\/api.w.org\/{rel}","templated":true}]}}