{"id":723417,"date":"2025-08-27T19:18:16","date_gmt":"2025-08-27T16:18:16","guid":{"rendered":"https:\/\/roveyayinevi.com.tr\/index.php\/urun\/suryani-ortodokslarda-kilise-muzigi\/"},"modified":"2026-04-16T02:31:08","modified_gmt":"2026-04-15T23:31:08","slug":"suryani-ortodokslarda-kilise-muzigi","status":"publish","type":"product","link":"https:\/\/roveyayinevi.com.tr\/index.php\/urun\/suryani-ortodokslarda-kilise-muzigi\/","title":{"rendered":"S\u00fcryani Ortodokslarda Kilise M\u00fczi\u011fi"},"content":{"rendered":"<p>Ad\u0131yaman ve \u00c7evre \u0130ller S\u00fcryani Kadim Metropolitli\u011fi Mor Petruspavlus Kilisesi \u00f6zelinde etnografik y\u00f6ntemlerle ger\u00e7ekle\u015ftirilen bu \u00e7al\u0131\u015fma, Ad\u0131yaman S\u00fcryanilerinin kilise m\u00fczi\u011fi \u00fczerine; etnom\u00fczikolojinin \u201c\u0130nan\u00e7 M\u00fczi\u011fi Etnolojisi\u201d alan\u0131na uygun olarak, 2014-2018 y\u0131llar\u0131 aras\u0131nda olu\u015fturulmu\u015f ve \u0130n\u00f6n\u00fc \u00dcniversitesi Sosyal Bilimler Enstit\u00fcs\u00fc\u2019ne 2018 y\u0131l\u0131nda teslim edilmi\u015f d\u00f6rt y\u0131l s\u00fcren bir doktora tezi \u00e7al\u0131\u015fmas\u0131n\u0131n \u00fcr\u00fcn\u00fcd\u00fcr.   S\u00fcryaniler, Mezopotamya co\u011frafyas\u0131nda 5500 y\u0131l \u00f6nceki ilk varl\u0131\u011f\u0131 Aramlar olarak tarihsel kay\u0131tlara ge\u00e7mi\u015f, 2000 y\u0131l \u00f6nce H\u0131ristiyanl\u0131\u011f\u0131 kabul etmi\u015f, k\u00f6kl\u00fc tarihsel ge\u00e7mi\u015fi, k\u00fclt\u00fcr\u00fc ve kendilerine \u00f6zg\u00fc inan\u00e7sal ve d\u00fcnyevi m\u00fczik k\u00fclt\u00fcrleri olan, Hindistan, Suriye, Yak\u0131n Do\u011fu, T\u00fcrkiye, Avrupa, Amerika Birle\u015fik Devletleri ve d\u00fcnyan\u0131n bir\u00e7ok yerinde diasporas\u0131 bulunan, d\u00fcnya \u00fczerindeki n\u00fcfusu yakla\u015f\u0131k 4,5 milyon olan bir halkt\u0131r. Etnografik ara\u015ft\u0131rmalar, metodolojik olarak her ne kadar izlenmesi m\u00fcmk\u00fcn olan dar bir b\u00f6lge \u00fczerinde ger\u00e7ekle\u015ftirilse de s\u00f6z konusu inan\u00e7 m\u00fczi\u011fi oldu\u011funda inan\u00e7lar\u0131n k\u00fclt\u00fcrel a\u00e7\u0131dan kadimle en ba\u011flant\u0131l\u0131, en muhafazak\u00e2r ve en zor de\u011fi\u015fen belleksel olgu olmas\u0131ndan dolay\u0131, ele ald\u0131\u011f\u0131m\u0131z b\u00f6lge olan Ad\u0131yaman ili S\u00fcryani Ortodokslar\u0131 ile \u201cD\u00fcnya S\u00fcryani Ortodokslar\u0131n\u0131n Kilise M\u00fczi\u011fi\u201d uygulamalar\u0131 aras\u0131ndaki farkl\u0131l\u0131klar olduk\u00e7a azd\u0131r. Dolay\u0131s\u0131yla Ad\u0131yaman S\u00fcryani Ortodokslar\u0131na ait inan\u00e7 m\u00fczi\u011fi uygulamalar\u0131, hemen hemen D\u00fcnya S\u00fcryani Ortodoksilerinin bir \u00f6rne\u011fi niteli\u011findedir. Yak\u0131n Do\u011fu\u2019nun bir par\u00e7as\u0131 olan bu halk\u0131n m\u00fcziksel uygulamalar\u0131 da do\u011fal olarak bu b\u00f6lgenin k\u00fclt\u00fcrel bir temsilidir. S\u00fcryani \u0130nan\u00e7 M\u00fczi\u011fini, metinsel olarak \u0130ncil, Mezmurlar ve S\u00fcryani azizlerinin kutsal \u015fiirlerinin makamsal veya tecvitli icras\u0131 olu\u015fturmaktad\u0131r. Bunun yan\u0131nda S\u00fcryani k\u00fclt\u00fcr\u00fcnde say\u0131 mistisizminin ve makamlara y\u00fcklenen anlamlar\u0131n \u00f6zel bir inan\u00e7sal de\u011feri de vard\u0131r. Bu \u00e7al\u0131\u015fma ile \u00fclkemiz ve d\u00fcnya \u00fczerindeki inan\u00e7sal cemaatlerin etnom\u00fczikolojik bir perspektifle incelenmesi anlam\u0131ndaki \u201c\u0130nan\u00e7 M\u00fczi\u011fi Etnolojisi\u201d alan\u0131na bir nebze \u0131\u015f\u0131k olabilirsek ne mutlu bize\u2026<\/p>\n","protected":false},"excerpt":{"rendered":"<p>Ad\u0131yaman ve \u00c7evre \u0130ller S\u00fcryani Kadim Metropolitli\u011fi Mor Petruspavlus Kilisesi \u00f6zelinde etnografik y\u00f6ntemlerle ger\u00e7ekle\u015ftirilen bu \u00e7al\u0131\u015fma, Ad\u0131yaman S\u00fcryanilerinin kilise m\u00fczi\u011fi \u00fczerine; etnom\u00fczikolojinin \u201c\u0130nan\u00e7 M\u00fczi\u011fi Etnolojisi\u201d alan\u0131na<span class=\"excerpt-hellip\"> [\u2026]<\/span><\/p>\n","protected":false},"featured_media":0,"template":"","meta":{"_monsterinsights_skip_tracking":false,"_monsterinsights_sitenote_active":false,"_monsterinsights_sitenote_note":"","_monsterinsights_sitenote_category":0},"product_brand":[],"product_cat":[19998,12388],"product_tag":[],"class_list":{"0":"post-723417","1":"product","2":"type-product","3":"status-publish","5":"product_cat-din-felsefesi","6":"product_cat-felsefe","7":"pa_cilt-ciltsiz","8":"pa_tur-kitap","9":"pa_yayinevi-siyasal-kitabevi","10":"pa_yazar-mehmet-emin-sen","12":"first","13":"instock","14":"sale","15":"shipping-taxable","16":"purchasable","17":"product-type-simple"},"_links":{"self":[{"href":"https:\/\/roveyayinevi.com.tr\/index.php\/wp-json\/wp\/v2\/product\/723417","targetHints":{"allow":["GET"]}}],"collection":[{"href":"https:\/\/roveyayinevi.com.tr\/index.php\/wp-json\/wp\/v2\/product"}],"about":[{"href":"https:\/\/roveyayinevi.com.tr\/index.php\/wp-json\/wp\/v2\/types\/product"}],"wp:attachment":[{"href":"https:\/\/roveyayinevi.com.tr\/index.php\/wp-json\/wp\/v2\/media?parent=723417"}],"wp:term":[{"taxonomy":"product_brand","embeddable":true,"href":"https:\/\/roveyayinevi.com.tr\/index.php\/wp-json\/wp\/v2\/product_brand?post=723417"},{"taxonomy":"product_cat","embeddable":true,"href":"https:\/\/roveyayinevi.com.tr\/index.php\/wp-json\/wp\/v2\/product_cat?post=723417"},{"taxonomy":"product_tag","embeddable":true,"href":"https:\/\/roveyayinevi.com.tr\/index.php\/wp-json\/wp\/v2\/product_tag?post=723417"}],"curies":[{"name":"wp","href":"https:\/\/api.w.org\/{rel}","templated":true}]}}