{"id":723416,"date":"2025-08-27T19:18:15","date_gmt":"2025-08-27T16:18:15","guid":{"rendered":"https:\/\/roveyayinevi.com.tr\/index.php\/urun\/kopru\/"},"modified":"2026-04-16T02:31:08","modified_gmt":"2026-04-15T23:31:08","slug":"kopru","status":"publish","type":"product","link":"https:\/\/roveyayinevi.com.tr\/index.php\/urun\/kopru\/","title":{"rendered":"K\u00f6pr\u00fc"},"content":{"rendered":"<p>Tarih a\u00e7\u0131s\u0131ndan bak\u0131ld\u0131\u011f\u0131nda \u0130stanbul ola\u011fan\u00fcst\u00fc bir ev sahibidir. \u0130stanbul\u2019da ad\u0131na Alt\u0131n Boynuz da denilen Hali\u00e7 ile alakal\u0131 beni \u00e7ok \u015fa\u015f\u0131rtan bir olay \u00f6rg\u00fcs\u00fcyle kar\u015f\u0131la\u015ft\u0131m. \u0130stanbul\u2019un kurulmas\u0131, T\u00fcrklerin eline ge\u00e7mesi, II. Bayezid\u2019in tahta \u00e7\u0131kmas\u0131, Cem Sultan\u2019\u0131n \u00f6ld\u00fcr\u00fclmesi derken ola\u011fan\u00fcst\u00fc bir sanat\u00e7\u0131 oldu\u011funu d\u00fc\u015f\u00fcnd\u00fc\u011f\u00fcm Michelangelo\u2019nun \u0130stanbul\u2019da Mimar Sinan ile tan\u0131\u015fmas\u0131na s\u00fcr\u00fcklenen bir hikaye yakalad\u0131m. Dahas\u0131, bu topraklarda a\u015f\u0131k oldu\u011fu kad\u0131n\u0131n izine rastlad\u0131m.<\/p>\n","protected":false},"excerpt":{"rendered":"<p>Tarih a\u00e7\u0131s\u0131ndan bak\u0131ld\u0131\u011f\u0131nda \u0130stanbul ola\u011fan\u00fcst\u00fc bir ev sahibidir. \u0130stanbul\u2019da ad\u0131na Alt\u0131n Boynuz da denilen Hali\u00e7 ile alakal\u0131 beni \u00e7ok \u015fa\u015f\u0131rtan bir olay \u00f6rg\u00fcs\u00fcyle kar\u015f\u0131la\u015ft\u0131m. \u0130stanbul\u2019un kurulmas\u0131,<span class=\"excerpt-hellip\"> [\u2026]<\/span><\/p>\n","protected":false},"featured_media":0,"template":"","meta":{"_monsterinsights_skip_tracking":false,"_monsterinsights_sitenote_active":false,"_monsterinsights_sitenote_note":"","_monsterinsights_sitenote_category":0},"product_brand":[],"product_cat":[12291,12711],"product_tag":[],"class_list":{"0":"post-723416","1":"product","2":"type-product","3":"status-publish","5":"product_cat-edebiyat","6":"product_cat-roman-oyku","7":"pa_cilt-ciltsiz","8":"pa_tur-kitap","9":"pa_yayinevi-phoenix-yayinevi","10":"pa_yazar-okan-ekici","12":"first","13":"instock","14":"sale","15":"shipping-taxable","16":"purchasable","17":"product-type-simple"},"_links":{"self":[{"href":"https:\/\/roveyayinevi.com.tr\/index.php\/wp-json\/wp\/v2\/product\/723416","targetHints":{"allow":["GET"]}}],"collection":[{"href":"https:\/\/roveyayinevi.com.tr\/index.php\/wp-json\/wp\/v2\/product"}],"about":[{"href":"https:\/\/roveyayinevi.com.tr\/index.php\/wp-json\/wp\/v2\/types\/product"}],"wp:attachment":[{"href":"https:\/\/roveyayinevi.com.tr\/index.php\/wp-json\/wp\/v2\/media?parent=723416"}],"wp:term":[{"taxonomy":"product_brand","embeddable":true,"href":"https:\/\/roveyayinevi.com.tr\/index.php\/wp-json\/wp\/v2\/product_brand?post=723416"},{"taxonomy":"product_cat","embeddable":true,"href":"https:\/\/roveyayinevi.com.tr\/index.php\/wp-json\/wp\/v2\/product_cat?post=723416"},{"taxonomy":"product_tag","embeddable":true,"href":"https:\/\/roveyayinevi.com.tr\/index.php\/wp-json\/wp\/v2\/product_tag?post=723416"}],"curies":[{"name":"wp","href":"https:\/\/api.w.org\/{rel}","templated":true}]}}