{"id":723415,"date":"2025-08-27T19:18:14","date_gmt":"2025-08-27T16:18:14","guid":{"rendered":"https:\/\/roveyayinevi.com.tr\/index.php\/urun\/alayina-isyan\/"},"modified":"2026-04-16T02:31:08","modified_gmt":"2026-04-15T23:31:08","slug":"alayina-isyan","status":"publish","type":"product","link":"https:\/\/roveyayinevi.com.tr\/index.php\/urun\/alayina-isyan\/","title":{"rendered":"Alay\u0131na \u0130syan"},"content":{"rendered":"<p>sava\u015fa, devlete, d\u00fczene, sisteme, aileye,\u015fiddete, ahlaka, m\u00fclkiyete kar\u015f\u0131,kad\u0131na, hayvana, a\u015fka, cinselli\u011fe,soka\u011fa, isyana dair, \u00f6fkeli, g\u00f6z\u00fcpek,c\u00fcretk\u00e2r, k\u0131\u015fk\u0131rt\u0131c\u0131, kafa kar\u0131\u015ft\u0131r\u0131c\u0131,yoldan \u00e7\u0131kar\u0131c\u0131, sorgulatanve ayk\u0131r\u0131 d\u00fc\u015f\u00fcnceler\u2026<\/p>\n","protected":false},"excerpt":{"rendered":"<p>sava\u015fa, devlete, d\u00fczene, sisteme, aileye,\u015fiddete, ahlaka, m\u00fclkiyete kar\u015f\u0131,kad\u0131na, hayvana, a\u015fka, cinselli\u011fe,soka\u011fa, isyana dair, \u00f6fkeli, g\u00f6z\u00fcpek,c\u00fcretk\u00e2r, k\u0131\u015fk\u0131rt\u0131c\u0131, kafa kar\u0131\u015ft\u0131r\u0131c\u0131,yoldan \u00e7\u0131kar\u0131c\u0131, sorgulatanve ayk\u0131r\u0131 d\u00fc\u015f\u00fcnceler\u2026<\/p>\n","protected":false},"featured_media":0,"template":"","meta":{"_monsterinsights_skip_tracking":false,"_monsterinsights_sitenote_active":false,"_monsterinsights_sitenote_note":"","_monsterinsights_sitenote_category":0},"product_brand":[],"product_cat":[12777,12291],"product_tag":[],"class_list":{"0":"post-723415","1":"product","2":"type-product","3":"status-publish","5":"product_cat-deneme","6":"product_cat-edebiyat","7":"pa_cilt-ciltsiz","8":"pa_tur-kitap","9":"pa_yayinevi-can-yayinlari","10":"pa_yazar-mine-sogut","12":"first","13":"instock","14":"sale","15":"shipping-taxable","16":"purchasable","17":"product-type-simple"},"_links":{"self":[{"href":"https:\/\/roveyayinevi.com.tr\/index.php\/wp-json\/wp\/v2\/product\/723415","targetHints":{"allow":["GET"]}}],"collection":[{"href":"https:\/\/roveyayinevi.com.tr\/index.php\/wp-json\/wp\/v2\/product"}],"about":[{"href":"https:\/\/roveyayinevi.com.tr\/index.php\/wp-json\/wp\/v2\/types\/product"}],"wp:attachment":[{"href":"https:\/\/roveyayinevi.com.tr\/index.php\/wp-json\/wp\/v2\/media?parent=723415"}],"wp:term":[{"taxonomy":"product_brand","embeddable":true,"href":"https:\/\/roveyayinevi.com.tr\/index.php\/wp-json\/wp\/v2\/product_brand?post=723415"},{"taxonomy":"product_cat","embeddable":true,"href":"https:\/\/roveyayinevi.com.tr\/index.php\/wp-json\/wp\/v2\/product_cat?post=723415"},{"taxonomy":"product_tag","embeddable":true,"href":"https:\/\/roveyayinevi.com.tr\/index.php\/wp-json\/wp\/v2\/product_tag?post=723415"}],"curies":[{"name":"wp","href":"https:\/\/api.w.org\/{rel}","templated":true}]}}