{"id":723414,"date":"2025-08-27T19:18:13","date_gmt":"2025-08-27T16:18:13","guid":{"rendered":"https:\/\/roveyayinevi.com.tr\/index.php\/urun\/ilk-ask-ilk-gunah\/"},"modified":"2026-04-16T02:31:08","modified_gmt":"2026-04-15T23:31:08","slug":"ilk-ask-ilk-gunah","status":"publish","type":"product","link":"https:\/\/roveyayinevi.com.tr\/index.php\/urun\/ilk-ask-ilk-gunah\/","title":{"rendered":"\u0130lk A\u015fk \u0130lk G\u00fcnah"},"content":{"rendered":"<p>\u00dc\u00e7 yak\u0131n arkada\u015f\u0131n hik\u00e2yesi bu:Biri \u00f6ld\u00fc, biri hapiste, di\u011feri de y\u0131llard\u0131r ger\u00e7e\u011fin pe\u015finde.Okulunun en pop\u00fcler k\u0131zlar\u0131ndan biri olan Angela Wong on alt\u0131 ya\u015f\u0131ndayken ard\u0131nda hi\u00e7bir iz b\u0131rakmadan kaybolmu\u015ftu. Kimse, \u015fimdilerde b\u00fcy\u00fck bir firman\u0131n y\u00fckselen y\u0131ld\u0131z\u0131 ve y\u00f6neticisi olan en yak\u0131n arkada\u015f\u0131 Geo\u2019nun bir \u015fekilde bu i\u015fe bula\u015fm\u0131\u015f olaca\u011f\u0131ndan \u015f\u00fcphelenmemi\u015fti.Ama on d\u00f6rt y\u0131l sonra, Angela\u2019n\u0131n kal\u0131nt\u0131lar\u0131 Geo\u2019nun \u00e7ocukluk evinin yak\u0131n\u0131ndaki a\u011fa\u00e7l\u0131kta bulundu\u011funda, hayat\u0131ndaki en \u00f6nemli iki ki\u015fiyi o gece kaybeden Kaiser nihayet her \u015feyi \u00f6\u011frenmi\u015fti: Angela, Calvin James\u2019in kurban\u0131yd\u0131. Y\u0131llar \u00f6nce Geo\u2019nun sevgilisi ve yakalanana kadar en az \u00fc\u00e7 kad\u0131n\u0131 daha \u00f6ld\u00fcrm\u00fc\u015f olan adam\u0131n.Herkes, ger\u00e7e\u011fin nihayet g\u00fcn y\u00fcz\u00fcne \u00e7\u0131kt\u0131\u011f\u0131n\u0131 d\u00fc\u015f\u00fcnse de derinlere g\u00f6m\u00fclm\u00fc\u015f daha karanl\u0131k s\u0131rlar da vard\u0131. O u\u011fursuz gece ya\u015fananlar herkesin bildi\u011finden \u00e7ok daha karma\u015f\u0131k ve kan dondurucuydu. Angela ile ayn\u0131 \u015fekilde \u00f6ld\u00fcr\u00fclen yeni cesetler ortaya \u00e7\u0131kmaya ba\u015flad\u0131k\u00e7a tak\u0131nt\u0131l\u0131 ge\u00e7mi\u015f, \u00f6l\u00fcmc\u00fcl \u015fimdiyle i\u00e7 i\u00e7e ge\u00e7ecekti.\u201cF\u0131rt\u0131nal\u0131 bir gece kadar karanl\u0131k ve sinir bozucu bir kitap. \u0130lk A\u015fk \u0130lk G\u00fcnah sayfalar\u0131 yutarcas\u0131na \u00e7eviren okurlar\u0131n solu\u011funu kesecek. Merak uyand\u0131r\u0131c\u0131, cesur ve kesinlikle unutulmaz.&#8221;- Riley Sager&#8221;Su\u00e7 ve ceza, su\u00e7luluk ve umut \u00fczerine s\u00fcr\u00fckleyici bir hik\u00e2ye.&#8221;- Caroline Kepnes&#8221;\u0130lk A\u015fk \u0130lk G\u00fcnah b\u00fcy\u00fcleyici karakterler ve katmanl\u0131 hik\u00e2yesiyle iyi yaz\u0131lm\u0131\u015f bir roman. \u0130nsana ac\u0131 veren bir yo\u011funlu\u011fu var. &#8220;- Chevy Stevens&#8221;\u015eiddet dolu bir su\u00e7un uzun s\u00fcren yank\u0131lar\u0131, kolay kolay unutamayaca\u011f\u0131n\u0131z bir ana karakter \u00fczerinden anlat\u0131l\u0131yor.&#8221;- Joseph Finder&#8221;\u0130lk sayfadan ba\u011fland\u0131m. Yazar\u0131n ustal\u0131kl\u0131 anlat\u0131m\u0131 ve zorlay\u0131c\u0131 sesi beni gittik\u00e7e daha derine \u00e7ekti. Her yeni olayla birlikte bo\u011faz\u0131mdaki el daha da s\u0131k\u0131la\u015ft\u0131 ve hareket edemez h\u00e2le geldim. S\u00fcrprizlerle dolu, zeki, keskin bir gerilim. Kemerlerinizi ba\u011flay\u0131n.\u201d- Lisa Unger&#8221;Bu g\u00f6ze \u00e7arpan gerilimde merak uyand\u0131ran karakterler, kan dondurucu detaylar ve soluk kesen \u015fa\u015f\u0131rtmacalar \u00f6yle iyi harmanlanm\u0131\u015f ki o bomba sona varana dek \u00e7\u0131lg\u0131nca okumak isteyeceksiniz.\u201d- Lisa Gardner&#8221;Bu roman sizi avucunun i\u00e7ine alacak.\u201d- Publishers Weekly&#8221;Sayfalar boyu s\u00fcren bomba gibi bir gerilim-korku \u00f6rg\u00fcs\u00fc sizi bekliyor. Hillier okura her \u015feyin ger\u00e7ek oldu\u011funu hissettirerek deh\u015fete d\u00fc\u015f\u00fcrme konusunda m\u00fcthi\u015f bir yetene\u011fe sahip.&#8221;- Booklist\u201c\u0130lk A\u015fk \u0130lk G\u00fcnah modern bir Kuzular\u0131n Sessizli\u011fi.\u201d- Aspen Daily News&#8221;D\u00fc\u011f\u00fcmler \u00e7\u00f6z\u00fcl\u00fcrken, en tecr\u00fcbeli gerilim okurlar\u0131n\u0131n bile nefesi kesilecek.&#8221;- Cleveland Plain Dealer&#8221;Rahat bir koltuk se\u00e7in \u00e7\u00fcnk\u00fc son sayfaya dek yerinizden k\u0131p\u0131rdamak istemeyeceksiniz.&#8221;- Milwaukee Journal-Sentinel<\/p>\n","protected":false},"excerpt":{"rendered":"<p>\u00dc\u00e7 yak\u0131n arkada\u015f\u0131n hik\u00e2yesi bu:Biri \u00f6ld\u00fc, biri hapiste, di\u011feri de y\u0131llard\u0131r ger\u00e7e\u011fin pe\u015finde.Okulunun en pop\u00fcler k\u0131zlar\u0131ndan biri olan Angela Wong on alt\u0131 ya\u015f\u0131ndayken ard\u0131nda hi\u00e7bir iz<span class=\"excerpt-hellip\"> [\u2026]<\/span><\/p>\n","protected":false},"featured_media":0,"template":"","meta":{"_monsterinsights_skip_tracking":false,"_monsterinsights_sitenote_active":false,"_monsterinsights_sitenote_note":"","_monsterinsights_sitenote_category":0},"product_brand":[],"product_cat":[12291,12711],"product_tag":[],"class_list":{"0":"post-723414","1":"product","2":"type-product","3":"status-publish","5":"product_cat-edebiyat","6":"product_cat-roman-oyku","7":"pa_cilt-ciltsiz","8":"pa_tur-kitap","9":"pa_yayinevi-yabanci-yayinevi","10":"pa_yazar-jennifer-hillier","12":"first","13":"instock","14":"sale","15":"shipping-taxable","16":"purchasable","17":"product-type-simple"},"_links":{"self":[{"href":"https:\/\/roveyayinevi.com.tr\/index.php\/wp-json\/wp\/v2\/product\/723414","targetHints":{"allow":["GET"]}}],"collection":[{"href":"https:\/\/roveyayinevi.com.tr\/index.php\/wp-json\/wp\/v2\/product"}],"about":[{"href":"https:\/\/roveyayinevi.com.tr\/index.php\/wp-json\/wp\/v2\/types\/product"}],"wp:attachment":[{"href":"https:\/\/roveyayinevi.com.tr\/index.php\/wp-json\/wp\/v2\/media?parent=723414"}],"wp:term":[{"taxonomy":"product_brand","embeddable":true,"href":"https:\/\/roveyayinevi.com.tr\/index.php\/wp-json\/wp\/v2\/product_brand?post=723414"},{"taxonomy":"product_cat","embeddable":true,"href":"https:\/\/roveyayinevi.com.tr\/index.php\/wp-json\/wp\/v2\/product_cat?post=723414"},{"taxonomy":"product_tag","embeddable":true,"href":"https:\/\/roveyayinevi.com.tr\/index.php\/wp-json\/wp\/v2\/product_tag?post=723414"}],"curies":[{"name":"wp","href":"https:\/\/api.w.org\/{rel}","templated":true}]}}