{"id":723411,"date":"2025-08-27T19:18:11","date_gmt":"2025-08-27T16:18:11","guid":{"rendered":"https:\/\/roveyayinevi.com.tr\/index.php\/urun\/hicbir-sey-gorundugu-gibi-degil\/"},"modified":"2026-04-08T02:38:49","modified_gmt":"2026-04-07T23:38:49","slug":"hicbir-sey-gorundugu-gibi-degil","status":"publish","type":"product","link":"https:\/\/roveyayinevi.com.tr\/index.php\/urun\/hicbir-sey-gorundugu-gibi-degil\/","title":{"rendered":"Hi\u00e7bir \u015eey G\u00f6r\u00fcnd\u00fc\u011f\u00fc Gibi De\u011fil"},"content":{"rendered":"<p>Hayat, ba\u015fkala\u015fmay\u0131, beden de\u011fi\u015ftirmeyi ve kabuk ba\u011flamay\u0131 \u00f6\u011frendi\u011fimiz bir yol. O, kanl\u0131 ayaklara, \u00e7\u00fcr\u00fckle dolu bileklere a\u015fina. Onda b\u00fcy\u00fcler, boyutlar, sava\u015flar ve en \u00e7ok da \u00f6l\u00fcm var. Girdaplarla ve labirentlerle dolu, hem bug\u00fcne hem de ac\u0131mas\u0131z tarih\u00ee olaylara uzanan zek\u00e2 dolu bir roman.B\u00fclent Ayy\u0131ld\u0131z 2019 G\u0130O Roman Ba\u015far\u0131 \u00d6d\u00fcl\u00fc\u2019ne lay\u0131k g\u00f6r\u00fclen roman\u0131 Hi\u00e7bir \u015eey G\u00f6r\u00fcnd\u00fc\u011f\u00fc Gibi De\u011fil ile bizi bir yola davet ediyor. Onunla tamamlan\u0131p onunla eksilmemiz i\u00e7in.\u201cZaman\u0131 d\u00fcz bir \u00e7izgi gibi d\u00fc\u015f\u00fcnmeyi b\u0131rakmal\u0131s\u0131n. Hay\u0131r, o ilerlemiyor. Tam tersine, bizi hapseden bir zindandan ibaret. Ge\u00e7mi\u015f, gelecek ve \u015fimdi ayn\u0131 anda buradalar. Vakit, bir kavanozdaki bal\u0131\u011f\u0131n i\u00e7inde d\u00f6n\u00fcp durdu\u011fu sudan ibaret. Bal\u0131k istedi\u011fi y\u00f6ne do\u011fru gidebilir: \u0130lerledi\u011fini zanneder, sonsuzlukta kaybolmaktan korkar; fakat g\u00f6rebilece\u011fi en son nokta kavanozun cam duvarlar\u0131d\u0131r. Bir g\u00f6r\u00fcnmezli\u011fe toslar kendini. Zaman\u0131 anlamak istiyorsan, kavanozun d\u0131\u015f\u0131nda nefes almay\u0131 \u00f6\u011frenmelisin.\u201d<\/p>\n","protected":false},"excerpt":{"rendered":"<p>Hayat, ba\u015fkala\u015fmay\u0131, beden de\u011fi\u015ftirmeyi ve kabuk ba\u011flamay\u0131 \u00f6\u011frendi\u011fimiz bir yol. O, kanl\u0131 ayaklara, \u00e7\u00fcr\u00fckle dolu bileklere a\u015fina. Onda b\u00fcy\u00fcler, boyutlar, sava\u015flar ve en \u00e7ok da \u00f6l\u00fcm<span class=\"excerpt-hellip\"> [\u2026]<\/span><\/p>\n","protected":false},"featured_media":0,"template":"","meta":{"_monsterinsights_skip_tracking":false,"_monsterinsights_sitenote_active":false,"_monsterinsights_sitenote_note":"","_monsterinsights_sitenote_category":0},"product_brand":[],"product_cat":[12291,17033],"product_tag":[],"class_list":{"0":"post-723411","1":"product","2":"type-product","3":"status-publish","5":"product_cat-edebiyat","6":"product_cat-korku-gerilim","7":"pa_cilt-ciltsiz","8":"pa_tur-kitap","9":"pa_yayinevi-ithaki-yayinlari","10":"pa_yazar-bulent-ayyildiz","12":"first","13":"instock","14":"sale","15":"shipping-taxable","16":"purchasable","17":"product-type-simple"},"_links":{"self":[{"href":"https:\/\/roveyayinevi.com.tr\/index.php\/wp-json\/wp\/v2\/product\/723411","targetHints":{"allow":["GET"]}}],"collection":[{"href":"https:\/\/roveyayinevi.com.tr\/index.php\/wp-json\/wp\/v2\/product"}],"about":[{"href":"https:\/\/roveyayinevi.com.tr\/index.php\/wp-json\/wp\/v2\/types\/product"}],"wp:attachment":[{"href":"https:\/\/roveyayinevi.com.tr\/index.php\/wp-json\/wp\/v2\/media?parent=723411"}],"wp:term":[{"taxonomy":"product_brand","embeddable":true,"href":"https:\/\/roveyayinevi.com.tr\/index.php\/wp-json\/wp\/v2\/product_brand?post=723411"},{"taxonomy":"product_cat","embeddable":true,"href":"https:\/\/roveyayinevi.com.tr\/index.php\/wp-json\/wp\/v2\/product_cat?post=723411"},{"taxonomy":"product_tag","embeddable":true,"href":"https:\/\/roveyayinevi.com.tr\/index.php\/wp-json\/wp\/v2\/product_tag?post=723411"}],"curies":[{"name":"wp","href":"https:\/\/api.w.org\/{rel}","templated":true}]}}