{"id":723409,"date":"2025-08-27T19:18:09","date_gmt":"2025-08-27T16:18:09","guid":{"rendered":"https:\/\/roveyayinevi.com.tr\/index.php\/urun\/innsmouthun-uzerindeki-golge\/"},"modified":"2026-04-16T02:31:08","modified_gmt":"2026-04-15T23:31:08","slug":"innsmouthun-uzerindeki-golge","status":"publish","type":"product","link":"https:\/\/roveyayinevi.com.tr\/index.php\/urun\/innsmouthun-uzerindeki-golge\/","title":{"rendered":"Innsmouth&#8217;un \u00dczerindeki G\u00f6lge"},"content":{"rendered":"<p>Innsmouth\u2019un \u00dczerindeki G\u00f6lge, modern insan\u0131n \u00e7\u00f6k\u00fc\u015f\u00fcn\u00fcn, \u00e7\u00fcr\u00fcmesinin ve yozla\u015fmas\u0131n\u0131n ilkel ve yabani ge\u00e7mi\u015fimizle ili\u015fkisini g\u00f6steren, gotik k\u00f6klere sad\u0131k bir yolculuk, d\u00f6n\u00fc\u015f\u00fcm ve cinnet \u00f6yk\u00fcs\u00fc. Lovecraft\u2019\u0131n 1930\u2019lar\u0131n ba\u015f\u0131nda kaleme ald\u0131\u011f\u0131 ve sa\u011fl\u0131\u011f\u0131nda bir kitap halinde yay\u0131mlanan tek eseri olan Innsmouth\u2019un \u00dczerindeki G\u00f6lge, gen\u00e7 ve isimsiz bir kahraman\u0131n kadim ve bilinmeyen bir deh\u015fetle y\u00fczle\u015fmesinin \u00f6yk\u00fcs\u00fcn\u00fc anlat\u0131yor. Innsmouth\u2019un tuhaf g\u00f6r\u00fcn\u00fcml\u00fc insanlar\u0131n\u0131n ge\u00e7mi\u015fine indik\u00e7e, tekinsiz bir uygarl\u0131\u011f\u0131n t\u00fcyler \u00fcrpertici efsaneleri \u015fehrin sokaklar\u0131na s\u0131z\u0131yor, insanlar\u0131n g\u00f6lgelerine yans\u0131yor. Kadim varl\u0131klara kurban edilen, karada ba\u015flay\u0131p denizin dibinde biten ya\u015famlar\u0131n \u00f6yk\u00fcs\u00fc, bu u\u011fursuz kasabadan ka\u00e7maya \u00e7al\u0131\u015fan kahraman\u0131m\u0131z\u0131n s\u00fcr\u00fckleyici maceras\u0131yla sona erse de Derinlerde Ya\u015fayanlar ve Eskiler\u2019in deh\u015feti h\u00fck\u00fcm s\u00fcrmeye devam ediyor.Innsmouth\u2019a giden otob\u00fcse sak\u0131n binme\u2026<\/p>\n","protected":false},"excerpt":{"rendered":"<p>Innsmouth\u2019un \u00dczerindeki G\u00f6lge, modern insan\u0131n \u00e7\u00f6k\u00fc\u015f\u00fcn\u00fcn, \u00e7\u00fcr\u00fcmesinin ve yozla\u015fmas\u0131n\u0131n ilkel ve yabani ge\u00e7mi\u015fimizle ili\u015fkisini g\u00f6steren, gotik k\u00f6klere sad\u0131k bir yolculuk, d\u00f6n\u00fc\u015f\u00fcm ve cinnet \u00f6yk\u00fcs\u00fc. Lovecraft\u2019\u0131n 1930\u2019lar\u0131n<span class=\"excerpt-hellip\"> [\u2026]<\/span><\/p>\n","protected":false},"featured_media":0,"template":"","meta":{"_monsterinsights_skip_tracking":false,"_monsterinsights_sitenote_active":false,"_monsterinsights_sitenote_note":"","_monsterinsights_sitenote_category":0},"product_brand":[],"product_cat":[12291,17033],"product_tag":[],"class_list":{"0":"post-723409","1":"product","2":"type-product","3":"status-publish","5":"product_cat-edebiyat","6":"product_cat-korku-gerilim","7":"pa_cilt-ciltsiz","8":"pa_tur-kitap","9":"pa_yayinevi-ithaki-yayinlari","10":"pa_yazar-howard-phillips-lovecraft","12":"first","13":"instock","14":"sale","15":"shipping-taxable","16":"purchasable","17":"product-type-simple"},"_links":{"self":[{"href":"https:\/\/roveyayinevi.com.tr\/index.php\/wp-json\/wp\/v2\/product\/723409","targetHints":{"allow":["GET"]}}],"collection":[{"href":"https:\/\/roveyayinevi.com.tr\/index.php\/wp-json\/wp\/v2\/product"}],"about":[{"href":"https:\/\/roveyayinevi.com.tr\/index.php\/wp-json\/wp\/v2\/types\/product"}],"wp:attachment":[{"href":"https:\/\/roveyayinevi.com.tr\/index.php\/wp-json\/wp\/v2\/media?parent=723409"}],"wp:term":[{"taxonomy":"product_brand","embeddable":true,"href":"https:\/\/roveyayinevi.com.tr\/index.php\/wp-json\/wp\/v2\/product_brand?post=723409"},{"taxonomy":"product_cat","embeddable":true,"href":"https:\/\/roveyayinevi.com.tr\/index.php\/wp-json\/wp\/v2\/product_cat?post=723409"},{"taxonomy":"product_tag","embeddable":true,"href":"https:\/\/roveyayinevi.com.tr\/index.php\/wp-json\/wp\/v2\/product_tag?post=723409"}],"curies":[{"name":"wp","href":"https:\/\/api.w.org\/{rel}","templated":true}]}}