{"id":723408,"date":"2025-08-27T19:18:08","date_gmt":"2025-08-27T16:18:08","guid":{"rendered":"https:\/\/roveyayinevi.com.tr\/index.php\/urun\/pereira-iddia-ediyor\/"},"modified":"2026-04-16T02:31:08","modified_gmt":"2026-04-15T23:31:08","slug":"pereira-iddia-ediyor","status":"publish","type":"product","link":"https:\/\/roveyayinevi.com.tr\/index.php\/urun\/pereira-iddia-ediyor\/","title":{"rendered":"Pereira \u0130ddia Ediyor"},"content":{"rendered":"<p>\u0130yimser bir varolu\u015f\u00e7u \u00e7izgiroman 1938 y\u0131l\u0131n\u0131n Temmuz\u2019unda, Salazar diktat\u00f6rl\u00fc\u011f\u00fcn\u00fcn h\u00fck\u00fcm s\u00fcrd\u00fc\u011f\u00fc Portekiz\u2019in Lizbon \u015fehri&#8230; S\u0131caktan kavrulan bir \u015fehirde, ya\u015fl\u0131ca bir gazeteci olan Pereira, olduk\u00e7a muhafazakar bir gazete olan Lisboa\u2019n\u0131n k\u00fclt\u00fcr-sanat sayfalar\u0131nda 30 y\u0131ld\u0131r her g\u00fcn yazmaktad\u0131r. Durgun ya\u015fam\u0131na, bir g\u00fcn hi\u00e7 beklenmedik \u015fekilde Francesco Monteiro Rossi ad\u0131nda bir adam girer. Pereira onu stajyer yazar olarak i\u015fe al\u0131r. Ancak gen\u00e7 yazar, Pereira\u2019n\u0131n kendisinden yazmas\u0131n\u0131 istedi\u011fi isimler yerine, fa\u015fist rejimin d\u00fc\u015fman\u0131 Lorca ve Mayakovski gibi yazarlardan bahseder. Pereira, bu tehlikeli i\u015f arkada\u015f\u0131n\u0131 kovmak yerine korur. Totaliter rejime ve sans\u00fcre kar\u015f\u0131 direni\u015fin sembol eserlerinden biri olan Pereira \u0130ddia Ediyor, diktat\u00f6rl\u00fck bask\u0131s\u0131yla ya\u015fayan bir adam\u0131n bilin\u00e7lenme yolculu\u011funu anlat\u0131yor.<\/p>\n","protected":false},"excerpt":{"rendered":"<p>\u0130yimser bir varolu\u015f\u00e7u \u00e7izgiroman 1938 y\u0131l\u0131n\u0131n Temmuz\u2019unda, Salazar diktat\u00f6rl\u00fc\u011f\u00fcn\u00fcn h\u00fck\u00fcm s\u00fcrd\u00fc\u011f\u00fc Portekiz\u2019in Lizbon \u015fehri&#8230; S\u0131caktan kavrulan bir \u015fehirde, ya\u015fl\u0131ca bir gazeteci olan Pereira, olduk\u00e7a muhafazakar bir<span class=\"excerpt-hellip\"> [\u2026]<\/span><\/p>\n","protected":false},"featured_media":0,"template":"","meta":{"_monsterinsights_skip_tracking":false,"_monsterinsights_sitenote_active":false,"_monsterinsights_sitenote_note":"","_monsterinsights_sitenote_category":0},"product_brand":[],"product_cat":[12416,12291],"product_tag":[],"class_list":{"0":"post-723408","1":"product","2":"type-product","3":"status-publish","5":"product_cat-cizgi-roman","6":"product_cat-edebiyat","7":"pa_cilt-ciltsiz","8":"pa_tur-kitap","9":"pa_yayinevi-kara-karga-yayinlari","10":"pa_yazar-pierre-henry-gomont","12":"first","13":"instock","14":"sale","15":"shipping-taxable","16":"purchasable","17":"product-type-simple"},"_links":{"self":[{"href":"https:\/\/roveyayinevi.com.tr\/index.php\/wp-json\/wp\/v2\/product\/723408","targetHints":{"allow":["GET"]}}],"collection":[{"href":"https:\/\/roveyayinevi.com.tr\/index.php\/wp-json\/wp\/v2\/product"}],"about":[{"href":"https:\/\/roveyayinevi.com.tr\/index.php\/wp-json\/wp\/v2\/types\/product"}],"wp:attachment":[{"href":"https:\/\/roveyayinevi.com.tr\/index.php\/wp-json\/wp\/v2\/media?parent=723408"}],"wp:term":[{"taxonomy":"product_brand","embeddable":true,"href":"https:\/\/roveyayinevi.com.tr\/index.php\/wp-json\/wp\/v2\/product_brand?post=723408"},{"taxonomy":"product_cat","embeddable":true,"href":"https:\/\/roveyayinevi.com.tr\/index.php\/wp-json\/wp\/v2\/product_cat?post=723408"},{"taxonomy":"product_tag","embeddable":true,"href":"https:\/\/roveyayinevi.com.tr\/index.php\/wp-json\/wp\/v2\/product_tag?post=723408"}],"curies":[{"name":"wp","href":"https:\/\/api.w.org\/{rel}","templated":true}]}}