{"id":723402,"date":"2025-08-27T19:18:04","date_gmt":"2025-08-27T16:18:04","guid":{"rendered":"https:\/\/roveyayinevi.com.tr\/index.php\/urun\/postmodern-ekonomi\/"},"modified":"2026-04-16T02:31:08","modified_gmt":"2026-04-15T23:31:08","slug":"postmodern-ekonomi","status":"publish","type":"product","link":"https:\/\/roveyayinevi.com.tr\/index.php\/urun\/postmodern-ekonomi\/","title":{"rendered":"Postmodern Ekonomi"},"content":{"rendered":"<p>Nas\u0131l ki \u201cmodern mimari Missouri, St.Louis\u2019de 15 Temmuz 1972, yakla\u015f\u0131k saat 15:32\u2019de, \u00fcnl\u00fc Pruitt-Igoe projesi uyar\u0131nca in\u015fa edilmi\u015f olan birka\u00e7 blok dinamitlenerek son bir coup de grace indirildi\u011finde \u00f6ld\u00fc\u201d ise; modern iktisat da Washington, DC\u2019de 15 A\u011fustos 1971\u2019de saat 21:00 sular\u0131nda 37. ABD Ba\u015fkan\u0131 Richard Nixon\u2019\u0131n Oval Ofis\u2019ten yapt\u0131\u011f\u0131 konu\u015fmayla son bulmu\u015ftur.Bretton Woods sisteminin nihayeti, bar\u0131nd\u0131rd\u0131\u011f\u0131 \u00e7oklu formlar nedeniyle \u00f6z\u00fcnde istikrars\u0131z olan libidinal y\u00fck\u00fcn \u00f6n\u00fcndeki son setin de y\u0131k\u0131lmas\u0131na neden olmu\u015f ve ekonomik buhran s\u00fcrekli bir olas\u0131l\u0131k haline gelmi\u015ftir. Bu kaotik ortamda teknolojiye atanan temel i\u015flev uzam ve tarihsellik aras\u0131ndaki ili\u015fkiyi bozunuma u\u011fratarak yeniden b\u00f6l\u00fc\u015f\u00fcm\u00fc kronotopik \u00e7er\u00e7eveden m\u00fcstakil k\u0131lmakt\u0131r. Zamandan ve uzamdan azade kalan t\u00fcketicinin kaderi ka\u00e7\u0131n\u0131lmaz \u015fekilde t\u00fcm gelir ve servetini kaybetmektir. Bu nedenledir ki postmodern duruma m\u00fcndemi\u00e7 olan yoksulluk her zaman ve her yerde bir b\u00f6l\u00fc\u015f\u00fcm problemidir. Bu kitap i\u015faret edilen problemin k\u00f6kenlerine ili\u015fkin bir aray\u0131\u015f\u0131n \u00e7\u0131kt\u0131s\u0131 olarak de\u011ferlendirilebilir.<\/p>\n","protected":false},"excerpt":{"rendered":"<p>Nas\u0131l ki \u201cmodern mimari Missouri, St.Louis\u2019de 15 Temmuz 1972, yakla\u015f\u0131k saat 15:32\u2019de, \u00fcnl\u00fc Pruitt-Igoe projesi uyar\u0131nca in\u015fa edilmi\u015f olan birka\u00e7 blok dinamitlenerek son bir coup de<span class=\"excerpt-hellip\"> [\u2026]<\/span><\/p>\n","protected":false},"featured_media":0,"template":"","meta":{"_monsterinsights_skip_tracking":false,"_monsterinsights_sitenote_active":false,"_monsterinsights_sitenote_note":"","_monsterinsights_sitenote_category":0},"product_brand":[],"product_cat":[13043,37200],"product_tag":[],"class_list":{"0":"post-723402","1":"product","2":"type-product","3":"status-publish","5":"product_cat-ekonomi","6":"product_cat-referans-kitaplar-ekonomi","7":"pa_cilt-ciltsiz","8":"pa_tur-kitap","9":"pa_yayinevi-efil-yayinevi","10":"pa_yazar-erdem-secilmis","12":"first","13":"instock","14":"sale","15":"shipping-taxable","16":"purchasable","17":"product-type-simple"},"_links":{"self":[{"href":"https:\/\/roveyayinevi.com.tr\/index.php\/wp-json\/wp\/v2\/product\/723402","targetHints":{"allow":["GET"]}}],"collection":[{"href":"https:\/\/roveyayinevi.com.tr\/index.php\/wp-json\/wp\/v2\/product"}],"about":[{"href":"https:\/\/roveyayinevi.com.tr\/index.php\/wp-json\/wp\/v2\/types\/product"}],"wp:attachment":[{"href":"https:\/\/roveyayinevi.com.tr\/index.php\/wp-json\/wp\/v2\/media?parent=723402"}],"wp:term":[{"taxonomy":"product_brand","embeddable":true,"href":"https:\/\/roveyayinevi.com.tr\/index.php\/wp-json\/wp\/v2\/product_brand?post=723402"},{"taxonomy":"product_cat","embeddable":true,"href":"https:\/\/roveyayinevi.com.tr\/index.php\/wp-json\/wp\/v2\/product_cat?post=723402"},{"taxonomy":"product_tag","embeddable":true,"href":"https:\/\/roveyayinevi.com.tr\/index.php\/wp-json\/wp\/v2\/product_tag?post=723402"}],"curies":[{"name":"wp","href":"https:\/\/api.w.org\/{rel}","templated":true}]}}