{"id":723401,"date":"2025-08-27T19:18:03","date_gmt":"2025-08-27T16:18:03","guid":{"rendered":"https:\/\/roveyayinevi.com.tr\/index.php\/urun\/kurumsal-iktisat-teknoloji-ve-ekonomik-performans\/"},"modified":"2026-04-16T02:31:08","modified_gmt":"2026-04-15T23:31:08","slug":"kurumsal-iktisat-teknoloji-ve-ekonomik-performans","status":"publish","type":"product","link":"https:\/\/roveyayinevi.com.tr\/index.php\/urun\/kurumsal-iktisat-teknoloji-ve-ekonomik-performans\/","title":{"rendered":"Kurumsal \u0130ktisat, Teknoloji ve Ekonomik Performans"},"content":{"rendered":"<p>Pre-modern toplumlarda iktisadi geli\u015fme, genellikle kapitalizmin ve sanayile\u015fmenin etkisi anlam\u0131nda dar bir \u00e7er\u00e7evede ele al\u0131nmaktayd\u0131. G\u00fcn\u00fcm\u00fcz\u00fcn modern perspektifiyle bak\u0131ld\u0131\u011f\u0131nda, iktisadi geli\u015fmi\u015flik a\u00e7\u0131s\u0131ndan geride kalan bir\u00e7ok toplumun ayn\u0131 zamanda sosyo-k\u00fclt\u00fcrel ve teknolojik-kurumsal bir\u00e7ok konuda da geride kald\u0131\u011f\u0131 g\u00f6r\u00fclmektedir. Bug\u00fcn ekonomik geli\u015fmi\u015fli\u011fi, b\u00fcy\u00fcmenin h\u0131zland\u0131r\u0131lmas\u0131, e\u015fitsizli\u011fin azalt\u0131lmas\u0131, yoksullu\u011fun ortadan kald\u0131r\u0131lmas\u0131n\u0131n yan\u0131 s\u0131ra sosyal yap\u0131lar, tutumlar, kurumlar, teknolojik yeterlilik gibi \u00e7ok boyutlu bir s\u00fcre\u00e7 d\u00e2hilinde d\u00fc\u015f\u00fcnmek gerekmektedir. Neoklasik iktisada kar\u015f\u0131 bir ele\u015ftiri olarak ortaya \u00e7\u0131kan ve hem bireysel hem de toplumsal d\u00fczeyde ka\u00e7\u0131n\u0131lmaz bir \u00e7\u00f6z\u00fcmleme birimi olan kurumlar\u0131 kavramsalla\u015ft\u0131rmay\u0131 ama\u00e7layan Kurumsal \u0130ktisad\u0131n bak\u0131\u015f a\u00e7\u0131s\u0131, incelenmesi gereken bir konudur. Ekonomik performans\u0131n arkas\u0131ndaki g\u00f6z ard\u0131 edilen fakt\u00f6rler nelerdir? H\u00e2kim g\u00f6r\u00fc\u015f, mevcut ekonomik problemleri a\u00e7\u0131klamada yeterli midir? Bu kitap, h\u00e2kim iktisadi d\u00fc\u015f\u00fcnceyle anla\u015f\u0131lmas\u0131 zor olan bir\u00e7ok ekonomik problemin, asl\u0131nda ekonomik performans\u0131n arkas\u0131nda g\u00f6z ard\u0131 edilen fakt\u00f6rlerle ili\u015fkili oldu\u011fu ger\u00e7e\u011fini ele almakta ve iktisadi geli\u015fmeyi kurumsal iktisat \u00e7er\u00e7evesinde de\u011ferlendirmektedir.<\/p>\n","protected":false},"excerpt":{"rendered":"<p>Pre-modern toplumlarda iktisadi geli\u015fme, genellikle kapitalizmin ve sanayile\u015fmenin etkisi anlam\u0131nda dar bir \u00e7er\u00e7evede ele al\u0131nmaktayd\u0131. G\u00fcn\u00fcm\u00fcz\u00fcn modern perspektifiyle bak\u0131ld\u0131\u011f\u0131nda, iktisadi geli\u015fmi\u015flik a\u00e7\u0131s\u0131ndan geride kalan bir\u00e7ok toplumun<span class=\"excerpt-hellip\"> [\u2026]<\/span><\/p>\n","protected":false},"featured_media":0,"template":"","meta":{"_monsterinsights_skip_tracking":false,"_monsterinsights_sitenote_active":false,"_monsterinsights_sitenote_note":"","_monsterinsights_sitenote_category":0},"product_brand":[],"product_cat":[13043,14144],"product_tag":[],"class_list":{"0":"post-723401","1":"product","2":"type-product","3":"status-publish","5":"product_cat-ekonomi","6":"product_cat-turkiye-ekonomisi","7":"pa_cilt-ciltsiz","8":"pa_tur-kitap","9":"pa_yayinevi-efil-yayinevi","10":"pa_yazar-huseyin-ozalp","12":"first","13":"instock","14":"sale","15":"shipping-taxable","16":"purchasable","17":"product-type-simple"},"_links":{"self":[{"href":"https:\/\/roveyayinevi.com.tr\/index.php\/wp-json\/wp\/v2\/product\/723401","targetHints":{"allow":["GET"]}}],"collection":[{"href":"https:\/\/roveyayinevi.com.tr\/index.php\/wp-json\/wp\/v2\/product"}],"about":[{"href":"https:\/\/roveyayinevi.com.tr\/index.php\/wp-json\/wp\/v2\/types\/product"}],"wp:attachment":[{"href":"https:\/\/roveyayinevi.com.tr\/index.php\/wp-json\/wp\/v2\/media?parent=723401"}],"wp:term":[{"taxonomy":"product_brand","embeddable":true,"href":"https:\/\/roveyayinevi.com.tr\/index.php\/wp-json\/wp\/v2\/product_brand?post=723401"},{"taxonomy":"product_cat","embeddable":true,"href":"https:\/\/roveyayinevi.com.tr\/index.php\/wp-json\/wp\/v2\/product_cat?post=723401"},{"taxonomy":"product_tag","embeddable":true,"href":"https:\/\/roveyayinevi.com.tr\/index.php\/wp-json\/wp\/v2\/product_tag?post=723401"}],"curies":[{"name":"wp","href":"https:\/\/api.w.org\/{rel}","templated":true}]}}