{"id":723400,"date":"2025-08-27T19:18:02","date_gmt":"2025-08-27T16:18:02","guid":{"rendered":"https:\/\/roveyayinevi.com.tr\/index.php\/urun\/casit\/"},"modified":"2026-04-16T02:31:08","modified_gmt":"2026-04-15T23:31:08","slug":"casit","status":"publish","type":"product","link":"https:\/\/roveyayinevi.com.tr\/index.php\/urun\/casit\/","title":{"rendered":"\u00c7a\u015f\u0131t"},"content":{"rendered":"<p>Do\u011fu ve Bat\u0131 ka\u011fanlar\u0131n\u0131n dirli\u011finde, birbirinin g\u00fcc\u00fcn\u00fc \u00f6l\u00e7meye \u00e7al\u0131\u015fan, \u00e7erisini ve mal\u0131n\u0131 s\u0131nayan \u00e7a\u015f\u0131tlar vard\u0131. Bu \u00e7a\u015f\u0131tlar T\u00fcrkeli&#8217;ne ba\u015f olmak, di\u011fer ka\u011fanlar hakk\u0131nda bilgi edinmek i\u00e7in kullan\u0131l\u0131rd\u0131. T\u00fcrk yurtlar\u0131na \u00c7in&#8217;den gelen \u00e7a\u015f\u0131tlar olurdu ama bunlar\u0131n yan\u0131 s\u0131ra, \u00c7inliye yard\u0131m eden ve Su\u011fdak denilen budundan da \u00e7a\u015f\u0131tlara da rastlan\u0131rd\u0131. Bunlar T\u00fcrk d\u00fc\u015fmanlar\u0131 olarak bilinirdiler. G\u00f6kt\u00fcrkler, \u00d6t\u00fcken&#8217;de yerle\u015fmi\u015f y\u00fczlerce \u00e7a\u015f\u0131tla ad\u0131 konulmam\u0131\u015f bir m\u00fccadeleye giri\u015fmi\u015fti. Ne var ki, \u00e7a\u015f\u0131t ordusunun ba\u015f\u0131ndaki ki\u015fi de bir G\u00f6kt\u00fcrk&#8217;t\u00fc! T\u00fcrk&#8217;\u00fcn T\u00fcrk&#8217;le vuru\u015fmas\u0131 ve \u00e7a\u015f\u0131tl\u0131\u011f\u0131na rastlansa da, T\u00fcrk&#8217;\u00fcn \u00c7inliye \u00e7a\u015f\u0131tl\u0131kla hizmet etmesi i\u015fitilmi\u015f \u015fey de\u011fildi! \u00d6t\u00fcken&#8217;de art\u0131k, olmaz i\u015fler oluyordu. Devletin en ulu s\u0131rr\u0131n\u0131 ta\u015f\u0131yan g\u00fcm\u00fc\u015f oklar, kimlerin elindeydi? Umay Ana&#8217;n\u0131n kutlu s\u0131rr\u0131 gizledi\u011fi kaplumba\u011fa yontusu neredeydi? Vezir Tonyukuk, Bilge Ka\u011fan ve K\u00fcl Tigin&#8217;in \u00f6l\u00fcm\u00fcnden sonra G\u00f6kt\u00fcrk Devleti&#8217;ni ayakta tutmaya \u00e7abalayan \u0130l-\u0130tmi\u015f Katun b\u00fct\u00fcn bu sorular\u0131n kar\u015f\u0131l\u0131klar\u0131n\u0131 bulmak zorundayd\u0131.<\/p>\n","protected":false},"excerpt":{"rendered":"<p>Do\u011fu ve Bat\u0131 ka\u011fanlar\u0131n\u0131n dirli\u011finde, birbirinin g\u00fcc\u00fcn\u00fc \u00f6l\u00e7meye \u00e7al\u0131\u015fan, \u00e7erisini ve mal\u0131n\u0131 s\u0131nayan \u00e7a\u015f\u0131tlar vard\u0131. Bu \u00e7a\u015f\u0131tlar T\u00fcrkeli&#8217;ne ba\u015f olmak, di\u011fer ka\u011fanlar hakk\u0131nda bilgi edinmek i\u00e7in<span class=\"excerpt-hellip\"> [\u2026]<\/span><\/p>\n","protected":false},"featured_media":0,"template":"","meta":{"_monsterinsights_skip_tracking":false,"_monsterinsights_sitenote_active":false,"_monsterinsights_sitenote_note":"","_monsterinsights_sitenote_category":0},"product_brand":[],"product_cat":[12291,12745],"product_tag":[],"class_list":{"0":"post-723400","1":"product","2":"type-product","3":"status-publish","5":"product_cat-edebiyat","6":"product_cat-tarihi-roman","7":"pa_cilt-ciltsiz","8":"pa_tur-kitap","9":"pa_yayinevi-otuken-nesriyat","10":"pa_yazar-levent-itez","12":"first","13":"instock","14":"sale","15":"shipping-taxable","16":"purchasable","17":"product-type-simple"},"_links":{"self":[{"href":"https:\/\/roveyayinevi.com.tr\/index.php\/wp-json\/wp\/v2\/product\/723400","targetHints":{"allow":["GET"]}}],"collection":[{"href":"https:\/\/roveyayinevi.com.tr\/index.php\/wp-json\/wp\/v2\/product"}],"about":[{"href":"https:\/\/roveyayinevi.com.tr\/index.php\/wp-json\/wp\/v2\/types\/product"}],"wp:attachment":[{"href":"https:\/\/roveyayinevi.com.tr\/index.php\/wp-json\/wp\/v2\/media?parent=723400"}],"wp:term":[{"taxonomy":"product_brand","embeddable":true,"href":"https:\/\/roveyayinevi.com.tr\/index.php\/wp-json\/wp\/v2\/product_brand?post=723400"},{"taxonomy":"product_cat","embeddable":true,"href":"https:\/\/roveyayinevi.com.tr\/index.php\/wp-json\/wp\/v2\/product_cat?post=723400"},{"taxonomy":"product_tag","embeddable":true,"href":"https:\/\/roveyayinevi.com.tr\/index.php\/wp-json\/wp\/v2\/product_tag?post=723400"}],"curies":[{"name":"wp","href":"https:\/\/api.w.org\/{rel}","templated":true}]}}