{"id":723396,"date":"2025-08-27T19:17:59","date_gmt":"2025-08-27T16:17:59","guid":{"rendered":"https:\/\/roveyayinevi.com.tr\/index.php\/urun\/batman-gecegezen\/"},"modified":"2026-04-16T02:31:07","modified_gmt":"2026-04-15T23:31:07","slug":"batman-gecegezen","status":"publish","type":"product","link":"https:\/\/roveyayinevi.com.tr\/index.php\/urun\/batman-gecegezen\/","title":{"rendered":"Batman Gecegezen"},"content":{"rendered":"<p>New York Times \u00e7oksatan yazar\u0131ndan yepyeni bir \u00e7izgi roman!   \u201cGerilim dolu ak\u0131c\u0131l\u0131\u011f\u0131 ve dinamik ill\u00fcstrasyonlar\u0131 olan Gecegezen, sinematik havas\u0131yla tam bir g\u00f6rsel \u015f\u00f6len.\u201d\u2014Kirkus   New York Times \u00e7oksatan yazar\u0131 Marie Lu\u2019nun roman\u0131ndan uyarlanan bu macera dolu \u00e7izgi roman, okurlar\u0131 Gotham \u015eehri\u2019nin en karanl\u0131k gizemlerini bar\u0131nd\u0131ran Arkham T\u0131marhanesi\u2019nin kap\u0131lar\u0131 ard\u0131na g\u00f6t\u00fcr\u00fcyor.   Gecegezenler olarak bilinen ac\u0131mas\u0131z bir \u00e7ete Gotham sokaklar\u0131nda ter\u00f6r estirmekte, \u015fehrin elitlerini teker teker avlamaktad\u0131r. On sekizinci ya\u015f g\u00fcn\u00fc partisinden eve d\u00f6nerken verdi\u011fi ani bir karar taze milyarder Bruce Wayne\u2019i hem Gecegezenler\u2019in ilgi oda\u011f\u0131 haline getirir hem de kendisini me\u015fhur Arkham T\u0131marhanesi\u2019nin kap\u0131lar\u0131 ard\u0131nda bulmas\u0131na neden olur. Orada ac\u0131mas\u0131z bir katil olan Madeleine Wallace ile tan\u0131\u015f\u0131r. Madeleine, Bruce\u2019un \u00e7\u00f6zmesi gereken bir gizemdir. Ancak Bruce onu ger\u00e7ekten kendi s\u0131rlar\u0131n\u0131 payla\u015fmaya ikna m\u0131 ediyordu yoksa Madeleine\u2019e Gotham \u015eehri\u2019ni dize getirmek i\u00e7in ihtiyac\u0131 olan bilgiyi mi vermek \u00fczereydi?Stuart Moore taraf\u0131ndan uyarlanan ve Chris Wildgoose taraf\u0131ndan resmedilen bu \u00e7izgi roman Batman\u2019in, hen\u00fcz maskesini ve pelerinini ku\u015fanmadan \u00f6nceki haline heyecan verici bir bak\u0131\u015f. <\/p>\n","protected":false},"excerpt":{"rendered":"<p>New York Times \u00e7oksatan yazar\u0131ndan yepyeni bir \u00e7izgi roman! \u201cGerilim dolu ak\u0131c\u0131l\u0131\u011f\u0131 ve dinamik ill\u00fcstrasyonlar\u0131 olan Gecegezen, sinematik havas\u0131yla tam bir g\u00f6rsel \u015f\u00f6len.\u201d\u2014Kirkus New York Times<span class=\"excerpt-hellip\"> [\u2026]<\/span><\/p>\n","protected":false},"featured_media":0,"template":"","meta":{"_monsterinsights_skip_tracking":false,"_monsterinsights_sitenote_active":false,"_monsterinsights_sitenote_note":"","_monsterinsights_sitenote_category":0},"product_brand":[],"product_cat":[12416,12291],"product_tag":[],"class_list":{"0":"post-723396","1":"product","2":"type-product","3":"status-publish","5":"product_cat-cizgi-roman","6":"product_cat-edebiyat","7":"pa_cilt-ciltsiz","8":"pa_tur-kitap","9":"pa_yayinevi-epsilon-yayinlari","10":"pa_yazar-marie-lu","12":"first","13":"instock","14":"sale","15":"shipping-taxable","16":"purchasable","17":"product-type-simple"},"_links":{"self":[{"href":"https:\/\/roveyayinevi.com.tr\/index.php\/wp-json\/wp\/v2\/product\/723396","targetHints":{"allow":["GET"]}}],"collection":[{"href":"https:\/\/roveyayinevi.com.tr\/index.php\/wp-json\/wp\/v2\/product"}],"about":[{"href":"https:\/\/roveyayinevi.com.tr\/index.php\/wp-json\/wp\/v2\/types\/product"}],"wp:attachment":[{"href":"https:\/\/roveyayinevi.com.tr\/index.php\/wp-json\/wp\/v2\/media?parent=723396"}],"wp:term":[{"taxonomy":"product_brand","embeddable":true,"href":"https:\/\/roveyayinevi.com.tr\/index.php\/wp-json\/wp\/v2\/product_brand?post=723396"},{"taxonomy":"product_cat","embeddable":true,"href":"https:\/\/roveyayinevi.com.tr\/index.php\/wp-json\/wp\/v2\/product_cat?post=723396"},{"taxonomy":"product_tag","embeddable":true,"href":"https:\/\/roveyayinevi.com.tr\/index.php\/wp-json\/wp\/v2\/product_tag?post=723396"}],"curies":[{"name":"wp","href":"https:\/\/api.w.org\/{rel}","templated":true}]}}