{"id":723392,"date":"2025-08-27T19:17:56","date_gmt":"2025-08-27T16:17:56","guid":{"rendered":"https:\/\/roveyayinevi.com.tr\/index.php\/urun\/merakli-zihinler\/"},"modified":"2026-04-16T02:31:07","modified_gmt":"2026-04-15T23:31:07","slug":"merakli-zihinler","status":"publish","type":"product","link":"https:\/\/roveyayinevi.com.tr\/index.php\/urun\/merakli-zihinler\/","title":{"rendered":"Merakl\u0131 Zihinler"},"content":{"rendered":"<p>\u201cBu Kitap, Insan\u0131 Kendine \u00c7eken Bir Ziyafetten Farks\u0131z.\u201d New Scientist  \u201c\u00c7ok G\u00fc\u00e7l\u00fc B\u0130r Eser\u2026 matematik Kamplar\u0131n\u0131 Unutun, Bir Bilim Insan\u0131n\u0131n Kariyeri Bir Televizyon Dizisi Ya Da James Bond Filmiyle De Ba\u015flayabilir. merakl\u0131 Zihinler e\u011flenceli Hik\u00e2yelerle Dolu\u2026\u201dPopular Science d\u00fcnyanin En B\u00fcy\u00fck B\u0130l\u0130m \u0130nsanlarindan Bazilari, Yetenekler\u0130n\u0130 hang\u0130 yollardan Ke\u015ffett\u0130kler\u0130n\u0130 ve Hayatlarini B\u0130l\u0130me Adamaya Nasil Karar Verd\u0130kler\u0130n\u0130 anlatiyor.Merakl\u0131 Zihinler, Aralar\u0131nda Richard Dawkins, Robert M. Sapolsky, Steven Pinker, V. S. Ramachandran, Mihaly Csikszentmihalyi, Daniel C. Dennett, Freeman Dyson, Murray Gell-Mann, Nicholas Humphrey Ve Lynn Margulis\u2019in De Bulundu\u011fu Yirmi Yedi Bilim Insan\u0131n\u0131n \u00d6zg\u00fcn Otobiyografik Hik\u00e2yelerinden Olu\u015fuyor. Her Yazar, Bilim Insan\u0131 Olma Kararl\u0131l\u0131\u011f\u0131n\u0131 Tetikleyen An\u0131 Ya Da \u00c7ocukken Etkisi Alt\u0131nda Kald\u0131\u011f\u0131 Ki\u015fileri, Olaylar\u0131 Ve Ortamlar\u0131 Tan\u0131mlamaya \u00c7al\u0131\u015f\u0131yor. Onlar\u0131 Birer Bilim Insan\u0131 Olmaya Iten Olaylar M\u0131 Ya\u015fad\u0131lar, Yoksa \u015eartlar M\u0131 \u00d6yle \u015eekillendi? Bilimi Se\u00e7melerinde Anne Ve Babalar\u0131n\u0131n, Akranlar\u0131n\u0131n Veya \u00d6\u011fretmenlerinin Pay\u0131 Neydi? Neden Psikolojiyi De\u011fil De Matemati\u011fi Ya Da Neden Biyolojiyi De\u011fil De Fizi\u011fi Se\u00e7tiler? Bilim Insan\u0131 Olma Yolundaki D\u00f6n\u00fcm Noktalar\u0131, Hatalar\u0131 Ve Ayd\u0131nlanma Anlar\u0131 Nelerdi? A\u00e7\u0131k Y\u00fcreklilikle Kaleme Al\u0131nm\u0131\u015f, Son Derece I\u00e7ten, Tutkulu Ve Ilgi \u00c7ekici Ya\u015fam \u00d6yk\u00fclerinden Olu\u015fan merakl\u0131 Zihinler\u2019in Bize Yaln\u0131zca Bilim De\u011fil, Hayat Hakk\u0131nda Da \u00d6\u011fretece\u011fi Pek \u00c7ok \u015eey Var.  \u201cMerakli Z\u0130h\u0130nler, Bir Yeti\u015fkini Bilim Insan\u0131na D\u00f6n\u00fc\u015ft\u00fcrecek Gizli Bir Tarif Vermek Yerine, Tarifi Olu\u015fturan Malzemelerin Birbirlerinden Ne Kadar Farkl\u0131 Olabilece\u011fini Kan\u0131tl\u0131yor. K\u0131sacas\u0131 Bu Kitap B\u00fct\u00fcn Vuruculu\u011funu Ki\u015filerin Miza\u00e7lar\u0131ndan Al\u0131yor.\u201dDiscover \u201cBu Denemeler Bize Iyi, Hik\u00e2ye Tad\u0131nda Kaleme Al\u0131nm\u0131\u015f Ki\u015fisel Ge\u00e7mi\u015flerden Bekledi\u011fimiz Samimiyeti Ve Merak Unsurunu G\u00fczel Bir Dille Harmanlanm\u0131\u015f Olarak Sunuyor\u2026 B\u00fct\u00fcn Iyi Hik\u00e2yeler Gibi S\u00fcr\u00fckleyici Ve Ikna Edici.\u201dNature\u201cBu E\u015fsiz Derlemede, Ayn\u0131 Zamanda Harika Birer Yazar Olan Bilim Insanlar\u0131n\u0131 Kariyer Olarak Bilimi Se\u00e7meye Iten Detaylar Anlat\u0131l\u0131yor. \u0130lham Verici.\u201dSci Fi\u201c\u00d6nde Gelen D\u00fc\u015f\u00fcn\u00fcrlerin Istisnas\u0131z Herkesi B\u00fcy\u00fcleyen An\u0131lar\u0131\u2026 Sonu\u00e7: Tek Bir Fiyasko Bile Bar\u0131nd\u0131rmayan Bir Hik\u00e2yeler Koleksiyonu.\u201dObserver\u201cD\u00fcnyaca \u00dcnl\u00fc Bilim Insanlar\u0131n\u0131n Kaleme Ald\u0131\u011f\u0131 Bu Otobiyografik Hik\u00e2yeler, Bilime Ilgisi Olanlar\u0131 \u00c7ok Mutlu Edecek.Booklist\u201cEtkileyici Bir Denemeler Koleksiyonu\u2026 Komik Ve Insan\u0131 D\u00fc\u015f\u00fcnmeye Sevk Eden Hik\u00e2yelerle Dolu.\u201dPsychology Today\u201c\u0130nce Detaylar\u0131 I\u00e7tenlikle G\u00f6zler \u00d6n\u00fcne Seren Keyifli Bir Okuma Deneyimi.\u201dScience News\u201cB\u00fcy\u00fcleyici\u2026 Canland\u0131r\u0131c\u0131 Bir Tart\u0131\u015fma.\u201dThe Washington Post Book World<\/p>\n","protected":false},"excerpt":{"rendered":"<p>\u201cBu Kitap, Insan\u0131 Kendine \u00c7eken Bir Ziyafetten Farks\u0131z.\u201d New Scientist \u201c\u00c7ok G\u00fc\u00e7l\u00fc B\u0130r Eser\u2026 matematik Kamplar\u0131n\u0131 Unutun, Bir Bilim Insan\u0131n\u0131n Kariyeri Bir Televizyon Dizisi Ya Da<span class=\"excerpt-hellip\"> [\u2026]<\/span><\/p>\n","protected":false},"featured_media":0,"template":"","meta":{"_monsterinsights_skip_tracking":false,"_monsterinsights_sitenote_active":false,"_monsterinsights_sitenote_note":"","_monsterinsights_sitenote_category":0},"product_brand":[],"product_cat":[13005,13006],"product_tag":[],"class_list":{"0":"post-723392","1":"product","2":"type-product","3":"status-publish","5":"product_cat-bilim-muhendislik","6":"product_cat-populer-bilim","7":"pa_cilt-ciltsiz","8":"pa_tur-kitap","9":"pa_yayinevi-pegasus-yayinlari","10":"pa_yazar-john-brockman","12":"first","13":"instock","14":"sale","15":"shipping-taxable","16":"purchasable","17":"product-type-simple"},"_links":{"self":[{"href":"https:\/\/roveyayinevi.com.tr\/index.php\/wp-json\/wp\/v2\/product\/723392","targetHints":{"allow":["GET"]}}],"collection":[{"href":"https:\/\/roveyayinevi.com.tr\/index.php\/wp-json\/wp\/v2\/product"}],"about":[{"href":"https:\/\/roveyayinevi.com.tr\/index.php\/wp-json\/wp\/v2\/types\/product"}],"wp:attachment":[{"href":"https:\/\/roveyayinevi.com.tr\/index.php\/wp-json\/wp\/v2\/media?parent=723392"}],"wp:term":[{"taxonomy":"product_brand","embeddable":true,"href":"https:\/\/roveyayinevi.com.tr\/index.php\/wp-json\/wp\/v2\/product_brand?post=723392"},{"taxonomy":"product_cat","embeddable":true,"href":"https:\/\/roveyayinevi.com.tr\/index.php\/wp-json\/wp\/v2\/product_cat?post=723392"},{"taxonomy":"product_tag","embeddable":true,"href":"https:\/\/roveyayinevi.com.tr\/index.php\/wp-json\/wp\/v2\/product_tag?post=723392"}],"curies":[{"name":"wp","href":"https:\/\/api.w.org\/{rel}","templated":true}]}}