{"id":723391,"date":"2025-08-27T19:17:55","date_gmt":"2025-08-27T16:17:55","guid":{"rendered":"https:\/\/roveyayinevi.com.tr\/index.php\/urun\/hediyyetul-mustak\/"},"modified":"2026-04-16T02:31:07","modified_gmt":"2026-04-15T23:31:07","slug":"hediyyetul-mustak","status":"publish","type":"product","link":"https:\/\/roveyayinevi.com.tr\/index.php\/urun\/hediyyetul-mustak\/","title":{"rendered":"Hediyyet\u00fc&#8217;l-M\u00fc\u015ftak"},"content":{"rendered":"<p>Her metnin olu\u015fturuldu\u011fu d\u00f6nemle aras\u0131nda s\u0131k\u0131 bir ili\u015fki bulunur. Bu sebeple bir metnin hakk\u0131yla anla\u015f\u0131labilmesi i\u00e7in yaz\u0131ld\u0131\u011f\u0131 d\u00f6nemin \u00f6zelliklerinin, anlay\u0131\u015f tarz\u0131n\u0131n, fikr\u00ee ve i\u00e7tima\u00ee yap\u0131s\u0131n\u0131n bilinmesi gerekmektedir. Klasik T\u00fcrk edebiyat\u0131na dahil olan metinlerin daha iyi \u00e7\u00f6z\u00fcmlenebilmesi i\u00e7in \u00f6zellikle d\u00een\u00ee literat\u00fcr\u00fcn, kelimelerin kullan\u0131ld\u0131\u011f\u0131 d\u00f6nemdeki anlamlar\u0131n\u0131n ve anlam \u00e7e\u015fitlerinin, \u015ferh metotlar\u0131n\u0131n bilinmesi icap eder. Bu da klasik \u015ferh metodunu yans\u0131tan metinlerin incelenmesi yoluyla olacakt\u0131r. XVIII. y\u00fczy\u0131l Osmanl\u0131 m\u00fcellifleri aras\u0131nda yer alan La\u2018l\u00ee-z\u00e2de Abd\u00fclb\u00e2k\u00ee, mensubu oldu\u011fu Bayr\u00e2m\u00ee- Mel\u00e2m\u00ee ekol\u00fc hakk\u0131nda bilgi veren eserleriyle bilinmektedir. Bu kitap, La\u2018l\u00ee-z\u00e2de Abd\u00fclb\u00e2k\u00ee\u2019nin b\u00fcy\u00fck dedesi Sar\u0131 Abdullah Efendi\u2019nin (\u00f6.1071\/1660) Meslek\u00fc\u2019l-\u2018U\u015f\u015f\u00e2k kasidesine yazd\u0131\u011f\u0131 \u015ferhtir ve \u00f6zellikle T\u00fcrk tasavvuf anlay\u0131\u015f\u0131n\u0131 ve mensup oldu\u011fu ekol\u00fcn \u00e2d\u00e2b\u0131n\u0131 yans\u0131tmas\u0131 bak\u0131m\u0131ndan b\u00fcy\u00fck \u00f6nem arz etmektedir. \u00c7al\u0131\u015fman\u0131n birinci b\u00f6l\u00fcm\u00fcnde \u015f\u00e2irin hayat\u0131 ve tespit edilebilen eserleri hakk\u0131nda bilgi verildikten sonra ikinci b\u00f6l\u00fcm\u00fcnde, sadele\u015ftirilmi\u015f metne yer verilmi\u015ftir. Ard\u0131ndan eserin tespit edilebilen n\u00fcshalar\u0131 tavsif edilerek edisyon kritik yap\u0131lm\u0131\u015f ve transkripsiyonlu metin ortaya konmu\u015ftur. <\/p>\n","protected":false},"excerpt":{"rendered":"<p>Her metnin olu\u015fturuldu\u011fu d\u00f6nemle aras\u0131nda s\u0131k\u0131 bir ili\u015fki bulunur. Bu sebeple bir metnin hakk\u0131yla anla\u015f\u0131labilmesi i\u00e7in yaz\u0131ld\u0131\u011f\u0131 d\u00f6nemin \u00f6zelliklerinin, anlay\u0131\u015f tarz\u0131n\u0131n, fikr\u00ee ve i\u00e7tima\u00ee yap\u0131s\u0131n\u0131n bilinmesi<span class=\"excerpt-hellip\"> [\u2026]<\/span><\/p>\n","protected":false},"featured_media":0,"template":"","meta":{"_monsterinsights_skip_tracking":false,"_monsterinsights_sitenote_active":false,"_monsterinsights_sitenote_note":"","_monsterinsights_sitenote_category":0},"product_brand":[],"product_cat":[27157,12291],"product_tag":[],"class_list":{"0":"post-723391","1":"product","2":"type-product","3":"status-publish","5":"product_cat-derleme","6":"product_cat-edebiyat","7":"pa_cilt-ciltsiz","8":"pa_tur-kitap","9":"pa_yayinevi-ketebe-yayinlari","10":"pa_yazar-lalizade-abdulbaki","12":"first","13":"instock","14":"sale","15":"shipping-taxable","16":"purchasable","17":"product-type-simple"},"_links":{"self":[{"href":"https:\/\/roveyayinevi.com.tr\/index.php\/wp-json\/wp\/v2\/product\/723391","targetHints":{"allow":["GET"]}}],"collection":[{"href":"https:\/\/roveyayinevi.com.tr\/index.php\/wp-json\/wp\/v2\/product"}],"about":[{"href":"https:\/\/roveyayinevi.com.tr\/index.php\/wp-json\/wp\/v2\/types\/product"}],"wp:attachment":[{"href":"https:\/\/roveyayinevi.com.tr\/index.php\/wp-json\/wp\/v2\/media?parent=723391"}],"wp:term":[{"taxonomy":"product_brand","embeddable":true,"href":"https:\/\/roveyayinevi.com.tr\/index.php\/wp-json\/wp\/v2\/product_brand?post=723391"},{"taxonomy":"product_cat","embeddable":true,"href":"https:\/\/roveyayinevi.com.tr\/index.php\/wp-json\/wp\/v2\/product_cat?post=723391"},{"taxonomy":"product_tag","embeddable":true,"href":"https:\/\/roveyayinevi.com.tr\/index.php\/wp-json\/wp\/v2\/product_tag?post=723391"}],"curies":[{"name":"wp","href":"https:\/\/api.w.org\/{rel}","templated":true}]}}