{"id":723390,"date":"2025-08-27T19:17:55","date_gmt":"2025-08-27T16:17:55","guid":{"rendered":"https:\/\/roveyayinevi.com.tr\/index.php\/urun\/osmanlida-bilim-ve-teknoloji\/"},"modified":"2026-04-16T02:31:07","modified_gmt":"2026-04-15T23:31:07","slug":"osmanlida-bilim-ve-teknoloji","status":"publish","type":"product","link":"https:\/\/roveyayinevi.com.tr\/index.php\/urun\/osmanlida-bilim-ve-teknoloji\/","title":{"rendered":"Osmanl\u0131&#8217;da Bilim ve Teknoloji"},"content":{"rendered":"<p>OSMANLI\u2019NIN B\u0130L\u0130M VE TEKNOLOJ\u0130 ATLASI Prof. Dr. Aykut Kazanc\u0131gil, Osmanl\u0131 Devleti\u2019ndeki bilim ve e\u011fitim kurumlar\u0131n\u0131n v\u00fccuda getirdi\u011fi b\u00fcy\u00fck bilgi birikimini derli toplu bir \u015fekilde ve \u2018i\u00e7eriden\u2019 bir bak\u0131\u015fla okuyucunun \u00f6n\u00fcne koyuyor. Osmanl\u0131 tarih\u00e7ili\u011finde, 19. y\u00fczy\u0131ldan itibaren biri d\u0131\u015far\u0131dan, di\u011feri i\u00e7eriden olmak \u00fczere iki paralel yorum hakim oldu. Bunlardan birincisi, Oryantalist s\u00f6ylemin kurdu\u011fu Do\u011fu\u2019nun bir par\u00e7as\u0131 alarak ele al\u0131yordu Osmanl\u0131\u2019y\u0131. Bu s\u00f6ylemde Do\u011fu donmu\u015f, az geli\u015fmi\u015f, pasif, \u00e2t\u0131l olan\u0131 ve Bat\u0131 kar\u015f\u0131s\u0131nda daima ikincil ve geriden geleni temsil ediyordu. Di\u011fer bak\u0131\u015f ise i\u00e7erdendi ama o da en az Bat\u0131l\u0131 yorum kadar silikle\u015ftiriyordu Osmanl\u0131 tarihini. \u0130kinci bak\u0131\u015fta, Osmanl\u0131 gerileme momentinde yakaland\u0131\u011f\u0131 i\u00e7in, bir alt\u0131n \u00e7a\u011f varsay\u0131l\u0131yor ve sonraki d\u00f6nemler, hi\u00e7bir yeni geli\u015fme g\u00f6steremedi\u011fi i\u00e7in su\u00e7lan\u0131p bir kenara at\u0131l\u0131yordu. Her iki bak\u0131\u015fta ortak olan nokta, Osmanl\u0131 tarihinin \u2018i\u00e7inden\u2019 nas\u0131l g\u00f6r\u00fcnd\u00fc\u011f\u00fcn\u00fc, nas\u0131l zengin bir entelekt\u00fcel gelene\u011fi tevar\u00fcs edip geli\u015ftirdi\u011fini ve modern d\u00f6neme bu miras\u0131 ne t\u00fcr \u00e7abalarla intikal ettirdi\u011fini hi\u00e7 merak etmemeleridir. Oysa bu d\u00f6nemlerde Osmanl\u0131 toplum ve devleti b\u00fcy\u00fck d\u00f6n\u00fc\u015f\u00fcmler ge\u00e7irmi\u015f ve kendisini modern \u015fartlara ba\u015far\u0131yla uyarlamas\u0131n\u0131 bilmi\u015fti. <\/p>\n","protected":false},"excerpt":{"rendered":"<p>OSMANLI\u2019NIN B\u0130L\u0130M VE TEKNOLOJ\u0130 ATLASI Prof. Dr. Aykut Kazanc\u0131gil, Osmanl\u0131 Devleti\u2019ndeki bilim ve e\u011fitim kurumlar\u0131n\u0131n v\u00fccuda getirdi\u011fi b\u00fcy\u00fck bilgi birikimini derli toplu bir \u015fekilde ve \u2018i\u00e7eriden\u2019<span class=\"excerpt-hellip\"> [\u2026]<\/span><\/p>\n","protected":false},"featured_media":0,"template":"","meta":{"_monsterinsights_skip_tracking":false,"_monsterinsights_sitenote_active":false,"_monsterinsights_sitenote_note":"","_monsterinsights_sitenote_category":0},"product_brand":[],"product_cat":[13517,12304],"product_tag":[],"class_list":{"0":"post-723390","1":"product","2":"type-product","3":"status-publish","5":"product_cat-osmanli-tarihi","6":"product_cat-tarih","7":"pa_cilt-ciltsiz","8":"pa_tur-kitap","9":"pa_yayinevi-ketebe-yayinlari","10":"pa_yazar-aykut-kazancigil","12":"first","13":"instock","14":"sale","15":"shipping-taxable","16":"purchasable","17":"product-type-simple"},"_links":{"self":[{"href":"https:\/\/roveyayinevi.com.tr\/index.php\/wp-json\/wp\/v2\/product\/723390","targetHints":{"allow":["GET"]}}],"collection":[{"href":"https:\/\/roveyayinevi.com.tr\/index.php\/wp-json\/wp\/v2\/product"}],"about":[{"href":"https:\/\/roveyayinevi.com.tr\/index.php\/wp-json\/wp\/v2\/types\/product"}],"wp:attachment":[{"href":"https:\/\/roveyayinevi.com.tr\/index.php\/wp-json\/wp\/v2\/media?parent=723390"}],"wp:term":[{"taxonomy":"product_brand","embeddable":true,"href":"https:\/\/roveyayinevi.com.tr\/index.php\/wp-json\/wp\/v2\/product_brand?post=723390"},{"taxonomy":"product_cat","embeddable":true,"href":"https:\/\/roveyayinevi.com.tr\/index.php\/wp-json\/wp\/v2\/product_cat?post=723390"},{"taxonomy":"product_tag","embeddable":true,"href":"https:\/\/roveyayinevi.com.tr\/index.php\/wp-json\/wp\/v2\/product_tag?post=723390"}],"curies":[{"name":"wp","href":"https:\/\/api.w.org\/{rel}","templated":true}]}}