{"id":723389,"date":"2025-08-27T19:17:54","date_gmt":"2025-08-27T16:17:54","guid":{"rendered":"https:\/\/roveyayinevi.com.tr\/index.php\/urun\/sehrin-sarklisi\/"},"modified":"2026-04-16T02:31:07","modified_gmt":"2026-04-15T23:31:07","slug":"sehrin-sarklisi","status":"publish","type":"product","link":"https:\/\/roveyayinevi.com.tr\/index.php\/urun\/sehrin-sarklisi\/","title":{"rendered":"\u015eehrin \u015earkl\u0131s\u0131"},"content":{"rendered":"<p>Uzaklarda namzedini ar\u0131yorken g\u00fcnah\u0131n a\u00e7\u0131l\u0131yor hat\u0131rayla aramdaki f\u00e2s\u0131la kapkaranl\u0131k ak\u015fam\u0131nda o bakire sabah\u0131n bir kez daha galip gelir hakikatler b\u00e2t\u0131la   Hen\u00fcz yeni dirilmi\u015ftir ay gecenin \u00fcst\u00fcne gece siyah g\u00f6zleriyle sar\u0131\u015f\u0131nl\u0131k da\u011f\u0131t\u0131r y\u00fcrek d\u00fcnden davetlidir sanc\u0131l\u0131 bir d\u00fc\u011f\u00fcne sonras\u0131nda rahme d\u00fc\u015fer \u015fu canh\u0131ra\u015f d\u00f6rt sat\u0131r:   \u0130\u015fte geldim, gidiyorum d\u00fcnya denen bu yerden incitmedim onurunu o yemye\u015fil bah\u00e7enin a\u011f\u0131r aksak \u00fc\u00e7 be\u015f vezin ama \u015f\u00f6yle dedirten: her m\u0131srada buram buram rayihas\u0131 T\u00fcrk\u00e7enin <\/p>\n","protected":false},"excerpt":{"rendered":"<p>Uzaklarda namzedini ar\u0131yorken g\u00fcnah\u0131n a\u00e7\u0131l\u0131yor hat\u0131rayla aramdaki f\u00e2s\u0131la kapkaranl\u0131k ak\u015fam\u0131nda o bakire sabah\u0131n bir kez daha galip gelir hakikatler b\u00e2t\u0131la Hen\u00fcz yeni dirilmi\u015ftir ay gecenin \u00fcst\u00fcne<span class=\"excerpt-hellip\"> [\u2026]<\/span><\/p>\n","protected":false},"featured_media":0,"template":"","meta":{"_monsterinsights_skip_tracking":false,"_monsterinsights_sitenote_active":false,"_monsterinsights_sitenote_note":"","_monsterinsights_sitenote_category":0},"product_brand":[],"product_cat":[12291,12509],"product_tag":[],"class_list":{"0":"post-723389","1":"product","2":"type-product","3":"status-publish","5":"product_cat-edebiyat","6":"product_cat-siir","7":"pa_cilt-ciltsiz","8":"pa_tur-kitap","9":"pa_yayinevi-ketebe-yayinlari","10":"pa_yazar-abdulhalik-aker","12":"first","13":"instock","14":"sale","15":"shipping-taxable","16":"purchasable","17":"product-type-simple"},"_links":{"self":[{"href":"https:\/\/roveyayinevi.com.tr\/index.php\/wp-json\/wp\/v2\/product\/723389","targetHints":{"allow":["GET"]}}],"collection":[{"href":"https:\/\/roveyayinevi.com.tr\/index.php\/wp-json\/wp\/v2\/product"}],"about":[{"href":"https:\/\/roveyayinevi.com.tr\/index.php\/wp-json\/wp\/v2\/types\/product"}],"wp:attachment":[{"href":"https:\/\/roveyayinevi.com.tr\/index.php\/wp-json\/wp\/v2\/media?parent=723389"}],"wp:term":[{"taxonomy":"product_brand","embeddable":true,"href":"https:\/\/roveyayinevi.com.tr\/index.php\/wp-json\/wp\/v2\/product_brand?post=723389"},{"taxonomy":"product_cat","embeddable":true,"href":"https:\/\/roveyayinevi.com.tr\/index.php\/wp-json\/wp\/v2\/product_cat?post=723389"},{"taxonomy":"product_tag","embeddable":true,"href":"https:\/\/roveyayinevi.com.tr\/index.php\/wp-json\/wp\/v2\/product_tag?post=723389"}],"curies":[{"name":"wp","href":"https:\/\/api.w.org\/{rel}","templated":true}]}}