{"id":723387,"date":"2025-08-27T19:17:52","date_gmt":"2025-08-27T16:17:52","guid":{"rendered":"https:\/\/roveyayinevi.com.tr\/index.php\/urun\/karanlikta-patlama\/"},"modified":"2026-04-16T02:31:07","modified_gmt":"2026-04-15T23:31:07","slug":"karanlikta-patlama","status":"publish","type":"product","link":"https:\/\/roveyayinevi.com.tr\/index.php\/urun\/karanlikta-patlama\/","title":{"rendered":"Karanl\u0131kta Patlama"},"content":{"rendered":"<p>\u0130yi \u00f6yk\u00fc nedir? Bir \u00f6yk\u00fcn\u00fcn iyi olup olmad\u0131\u011f\u0131 nas\u0131l anla\u015f\u0131l\u0131r? Peki, iyi bir \u00f6yk\u00fcy\u00fc iyi k\u0131lan \u00f6\u011feler nelerdir? Fizik-metafizik, bi\u00e7im-\u00f6z, ba\u011flam, ger\u00e7ek-yap\u0131nt\u0131 gibi s\u0131k s\u0131k duydu\u011fumuz kavramlar\u0131n bir \u00f6yk\u00fcn\u00fcn d\u00fcnyas\u0131ndaki kar\u015f\u0131l\u0131klar\u0131 nedir? Roman\u0131 ve \u00f6yk\u00fcleriyle tan\u0131d\u0131\u011f\u0131m\u0131z Handan Acar Y\u0131ld\u0131z bu defa kapsaml\u0131 bir edebiyat incelemesiyle kar\u015f\u0131m\u0131zda. Kafka\u2019dan Camus\u2019ye, Borges\u2019den Sad\u0131k Hidayet\u2019e, Cortazar\u2019dan Faulkner\u2019a d\u00fcnya edebiyat\u0131ndan 20 \u00f6yk\u00fcc\u00fcn\u00fcn 20 \u00f6yk\u00fcs\u00fcn\u00fcn yo\u011fun bir analize tabi tutuldu\u011fu Karanl\u0131kta Patlama, Handan Acar Y\u0131ld\u0131z\u2019\u0131n felsefi, sistematik ve neredeyse matematiksel yakla\u015f\u0131m\u0131 sayesinde ka\u00e7\u0131r\u0131lmamas\u0131 gereken bir kuram kitab\u0131 kimli\u011fine b\u00fcr\u00fcn\u00fcyor. Ar\u0131lar\u0131n nas\u0131l bal yap\u0131ld\u0131\u011f\u0131n\u0131 a\u00e7\u0131klayamayaca\u011f\u0131, yapmakla anlaman\u0131n ve anlatman\u0131n farkl\u0131 \u015feyler oldu\u011fu s\u00f6ylenir. Fakat kendisi de bir \u00f6yk\u00fcc\u00fc olan Handan Acar Y\u0131ld\u0131z\u2019\u0131n \u00f6yk\u00fcye ve \u00f6yk\u00fcn\u00fcn do\u011fas\u0131na dair s\u00f6yleyecek \u00e7ok s\u00f6z\u00fc oldu\u011fu kesin. G\u00f6r\u00fcnen o ki \u015fimdiye dek \u201cyapmakla\u201d me\u015fgul olan yazar\u0131m\u0131z bu defa \u201canlaman\u0131n ve anlatman\u0131n\u201d pe\u015finde. <\/p>\n","protected":false},"excerpt":{"rendered":"<p>\u0130yi \u00f6yk\u00fc nedir? Bir \u00f6yk\u00fcn\u00fcn iyi olup olmad\u0131\u011f\u0131 nas\u0131l anla\u015f\u0131l\u0131r? Peki, iyi bir \u00f6yk\u00fcy\u00fc iyi k\u0131lan \u00f6\u011feler nelerdir? Fizik-metafizik, bi\u00e7im-\u00f6z, ba\u011flam, ger\u00e7ek-yap\u0131nt\u0131 gibi s\u0131k s\u0131k duydu\u011fumuz<span class=\"excerpt-hellip\"> [\u2026]<\/span><\/p>\n","protected":false},"featured_media":0,"template":"","meta":{"_monsterinsights_skip_tracking":false,"_monsterinsights_sitenote_active":false,"_monsterinsights_sitenote_note":"","_monsterinsights_sitenote_category":0},"product_brand":[],"product_cat":[13072,12291],"product_tag":[],"class_list":{"0":"post-723387","1":"product","2":"type-product","3":"status-publish","5":"product_cat-arastirma-inceleme-referans","6":"product_cat-edebiyat","7":"pa_cilt-ciltsiz","8":"pa_tur-kitap","9":"pa_yayinevi-ketebe-yayinlari","10":"pa_yazar-handan-acar-yildiz","12":"first","13":"instock","14":"sale","15":"shipping-taxable","16":"purchasable","17":"product-type-simple"},"_links":{"self":[{"href":"https:\/\/roveyayinevi.com.tr\/index.php\/wp-json\/wp\/v2\/product\/723387","targetHints":{"allow":["GET"]}}],"collection":[{"href":"https:\/\/roveyayinevi.com.tr\/index.php\/wp-json\/wp\/v2\/product"}],"about":[{"href":"https:\/\/roveyayinevi.com.tr\/index.php\/wp-json\/wp\/v2\/types\/product"}],"wp:attachment":[{"href":"https:\/\/roveyayinevi.com.tr\/index.php\/wp-json\/wp\/v2\/media?parent=723387"}],"wp:term":[{"taxonomy":"product_brand","embeddable":true,"href":"https:\/\/roveyayinevi.com.tr\/index.php\/wp-json\/wp\/v2\/product_brand?post=723387"},{"taxonomy":"product_cat","embeddable":true,"href":"https:\/\/roveyayinevi.com.tr\/index.php\/wp-json\/wp\/v2\/product_cat?post=723387"},{"taxonomy":"product_tag","embeddable":true,"href":"https:\/\/roveyayinevi.com.tr\/index.php\/wp-json\/wp\/v2\/product_tag?post=723387"}],"curies":[{"name":"wp","href":"https:\/\/api.w.org\/{rel}","templated":true}]}}