{"id":723385,"date":"2025-08-27T19:17:51","date_gmt":"2025-08-27T16:17:51","guid":{"rendered":"https:\/\/roveyayinevi.com.tr\/index.php\/urun\/gocmek-ne-garip-sey-anne\/"},"modified":"2026-04-16T02:31:07","modified_gmt":"2026-04-15T23:31:07","slug":"gocmek-ne-garip-sey-anne","status":"publish","type":"product","link":"https:\/\/roveyayinevi.com.tr\/index.php\/urun\/gocmek-ne-garip-sey-anne\/","title":{"rendered":"G\u00f6\u00e7mek Ne Garip \u015eey Anne!"},"content":{"rendered":"<p>Bo\u011faz havas\u0131 m\u0131yd\u0131 i\u00e7ime \u00e7ekti\u011fim, \u0130stanbul\u2019un kiri pas\u0131 m\u0131yd\u0131 yoksa? Ya da o kentte att\u0131\u011f\u0131m t\u00fcm kahkahalar m\u0131yd\u0131? Belki de \u00fcniversiteye gitti\u011fimden beri o devasa kentte ge\u00e7irdi\u011fim 17 y\u0131l\u0131md\u0131 an an? H\u00e2l\u00e2 bilmiyorum. Ya\u015fam kadar a\u011f\u0131r bir \u015feyi i\u00e7ime \u00e7ektim; sonra da topografik olarak yedi tepeli de\u011filse bile yedi bela oldu\u011funu herkese binlerce kez ispatlam\u0131\u015f olan o kente son kez bakt\u0131m. Ve d\u00fc\u015ft\u00fcm yola. 35 ya\u015f\u0131mda ve hen\u00fcz iki ya\u015f\u0131na bile girmemi\u015f \u00e7ocu\u011fumla. 2016\u2019n\u0131n Ekim\u2019iydi. Ekim\u2019in ba\u015f\u0131. Mutluluktan havalara u\u00e7muyordum ama \u00f6lesiye mutsuz da de\u011fildim. Heyecanl\u0131yd\u0131m biraz. \u0130\u00e7imdeki \u00fcrperti klimadan de\u011fildi, sanm\u0131yorum. Ben bahar bah\u00e7e d\u00fc\u015fl\u00fcyordum lakin ille de bir yan\u0131m yaprak d\u00f6k\u00fcyordu. Sanki kavlimi yerine getirmemi\u015fim gibi bir his&#8230; kalbimi di\u015fliyordu. Nabz\u0131m\u0131n h\u0131zlanmas\u0131 ve kulaklar\u0131mdaki bas\u0131n\u00e7 u\u00e7a\u011f\u0131n ini\u015finden de\u011fildi, i\u015fte tam da bundand\u0131. Ah ben ki g\u00f6klere s\u0131\u011famam\u0131\u015ft\u0131m, yerlere nas\u0131l s\u0131\u011facakt\u0131m!\u201cKalmak zor, g\u00f6\u00e7mek daha zor. Ama g\u00f6\u00e7t\u00fc\u011f\u00fcn yere al\u0131\u015fmak, yak\u0131nlar\u0131n\u0131 geride b\u0131rakmak, en zoru. Filiz Yavuz, her T\u00fcrkiyeli g\u00f6\u00e7menin ya\u015fad\u0131\u011f\u0131 zorluklar\u0131, gazeteci titizli\u011fiyle ve e\u011flenceli, i\u00e7ten bir dille anlat\u0131yor. Elinizdeki kitap, m\u00fckemmel bir modern gurbetlik hik\u00e2yesi. 21. y\u00fczy\u0131l\u0131n ba\u015f\u0131nda T\u00fcrkiye&#8217;den g\u00f6\u00e7enlerin haletiruhiyesini anlamak i\u00e7in m\u00fckemmel bir kaynak.\u201dMehve\u015f Evin\u201cG\u00f6\u00e7mek Ne Garip \u015eey Anne! adl\u0131 kitap Filiz\u2019in Madrid\u2019e gidi\u015fiyle ba\u015fl\u0131yor. T\u00fcrkiye\u2019nin 20 y\u0131ll\u0131k panoramas\u0131n\u0131 T\u00fcrkiye\u2019den g\u00f6\u00e7\u00fcn k\u0131sa tarihi izliyor; s\u00fcren g\u00f6\u00e7 dalgas\u0131n\u0131n k\u00f6kleri irdeleniyor. Hepimize sirayet eden umut ve umutsuzluk aras\u0131ndaki gelgitler ve mutlulu\u011fun umutla ili\u015fkisi ortaya konuyor. Kitap, T\u00fcrkiye\u2019den g\u00f6\u00e7 etmek isteyenler i\u00e7in ayn\u0131 zamanda bir k\u0131lavuz niteli\u011finde. Gitmenin ve gidilen yerde tutunman\u0131n yollar\u0131na dair teknik detaylar\u0131n yan\u0131 s\u0131ra, sosyal ve k\u00fclt\u00fcrel hayata kat\u0131l\u0131m ve uyum anlam\u0131nda kolayla\u015ft\u0131r\u0131c\u0131 ipu\u00e7lar\u0131n\u0131 da i\u00e7inde bar\u0131nd\u0131r\u0131yor. Bu bilgiler, tarihten lezzetli anekdotlar ve hik\u00e2yelerle tamamlan\u0131yor. B\u00fct\u00fcn \u00e7\u0131plakl\u0131\u011f\u0131yla, iyisiyle k\u00f6t\u00fcs\u00fcyle, h\u00fczn\u00fcyle ne\u015fesiyle, \u00f6fkesiyle s\u00fck\u00fbnetiyle T\u00fcrkiyeli bir g\u00f6\u00e7menin ger\u00e7ek deneyimini okura bizzat ya\u015fatmay\u0131 ba\u015far\u0131yor.&#8221;Melis Alphan<\/p>\n","protected":false},"excerpt":{"rendered":"<p>Bo\u011faz havas\u0131 m\u0131yd\u0131 i\u00e7ime \u00e7ekti\u011fim, \u0130stanbul\u2019un kiri pas\u0131 m\u0131yd\u0131 yoksa? Ya da o kentte att\u0131\u011f\u0131m t\u00fcm kahkahalar m\u0131yd\u0131? Belki de \u00fcniversiteye gitti\u011fimden beri o devasa kentte<span class=\"excerpt-hellip\"> [\u2026]<\/span><\/p>\n","protected":false},"featured_media":0,"template":"","meta":{"_monsterinsights_skip_tracking":false,"_monsterinsights_sitenote_active":false,"_monsterinsights_sitenote_note":"","_monsterinsights_sitenote_category":0},"product_brand":[],"product_cat":[18545,12291],"product_tag":[],"class_list":{"0":"post-723385","1":"product","2":"type-product","3":"status-publish","5":"product_cat-anlati","6":"product_cat-edebiyat","7":"pa_cilt-ciltsiz","8":"pa_tur-kitap","9":"pa_yayinevi-mundi","10":"pa_yazar-filiz-yavuz","12":"first","13":"instock","14":"sale","15":"shipping-taxable","16":"purchasable","17":"product-type-simple"},"_links":{"self":[{"href":"https:\/\/roveyayinevi.com.tr\/index.php\/wp-json\/wp\/v2\/product\/723385","targetHints":{"allow":["GET"]}}],"collection":[{"href":"https:\/\/roveyayinevi.com.tr\/index.php\/wp-json\/wp\/v2\/product"}],"about":[{"href":"https:\/\/roveyayinevi.com.tr\/index.php\/wp-json\/wp\/v2\/types\/product"}],"wp:attachment":[{"href":"https:\/\/roveyayinevi.com.tr\/index.php\/wp-json\/wp\/v2\/media?parent=723385"}],"wp:term":[{"taxonomy":"product_brand","embeddable":true,"href":"https:\/\/roveyayinevi.com.tr\/index.php\/wp-json\/wp\/v2\/product_brand?post=723385"},{"taxonomy":"product_cat","embeddable":true,"href":"https:\/\/roveyayinevi.com.tr\/index.php\/wp-json\/wp\/v2\/product_cat?post=723385"},{"taxonomy":"product_tag","embeddable":true,"href":"https:\/\/roveyayinevi.com.tr\/index.php\/wp-json\/wp\/v2\/product_tag?post=723385"}],"curies":[{"name":"wp","href":"https:\/\/api.w.org\/{rel}","templated":true}]}}