{"id":723383,"date":"2025-08-27T19:17:49","date_gmt":"2025-08-27T16:17:49","guid":{"rendered":"https:\/\/roveyayinevi.com.tr\/index.php\/urun\/ilim-anavatanimizdir-cehalet-ise-yabanci-bir-yer\/"},"modified":"2026-04-16T02:31:07","modified_gmt":"2026-04-15T23:31:07","slug":"ilim-anavatanimizdir-cehalet-ise-yabanci-bir-yer","status":"publish","type":"product","link":"https:\/\/roveyayinevi.com.tr\/index.php\/urun\/ilim-anavatanimizdir-cehalet-ise-yabanci-bir-yer\/","title":{"rendered":"\u0130lim Anavatan\u0131m\u0131zd\u0131r Cehalet \u0130se Yabanc\u0131 Bir Yer"},"content":{"rendered":"<p>\u201cKimseden daha iyi olmad\u0131\u011f\u0131n\u0131z\u0131 anlayacak kadar m\u00fctevaz\u0131, herkesten farkl\u0131 oldu\u011funuzu kavrayacak kadar bilge olun.\u201d\u0130bni R\u00fc\u015fd ya da d\u00fcnyan\u0131n tan\u0131d\u0131\u011f\u0131 ad\u0131yla Averroes&#8230;Avrupa\u2019n\u0131n fikir mimarlar\u0131ndan End\u00fcl\u00fcsl\u00fc M\u00fcsl\u00fcman, felsefeci, astronom, hekim, psikolog, hukuk\u00e7u, fizik\u00e7i, edebiyat\u00e7\u0131 ve matematik\u00e7i.12. y\u00fczy\u0131lda ak\u0131lc\u0131l\u0131\u011f\u0131, hem \u0130slam d\u00fcnyas\u0131na hem de Skolastik Felsefe\u2019nin bask\u0131lad\u0131\u011f\u0131 Orta\u00e7a\u011f Avrupas\u0131\u2019na yeniden hat\u0131rlatan, Aristo\u2019nun metodolojisini yeniden g\u00fcn y\u00fcz\u00fcne \u00e7\u0131kartan ve eserlerini yapt\u0131\u011f\u0131 \u015ferhlerle \u00e7a\u011fda\u015flar\u0131na kazand\u0131ran \u0130bni R\u00fc\u015fd, R\u00f6nesans\u2019\u0131n ve Ayd\u0131nlanma \u00c7a\u011f\u0131\u2019n\u0131n da ba\u015flat\u0131c\u0131s\u0131d\u0131r.Avrupa\u2019da ad\u0131na methiyeler d\u00fcz\u00fclen \u0130bni R\u00fc\u015fd, \u201cAk\u0131l yoluyla da Tanr\u0131 bulunabilir. Ger\u00e7e\u011fe giden yollar farkl\u0131 olsa da ayn\u0131 ger\u00e7e\u011fe ula\u015f\u0131l\u0131r&#8230;\u201d diyerek, ba\u011fnazl\u0131\u011fa, akl\u0131 bir yana iten anlay\u0131\u015fa ve insan\u0131 dar d\u00fc\u015f\u00fcnceye hapseden t\u00fcm ak\u0131mlara kar\u015f\u0131 durmu\u015ftu.Avrupa\u2019n\u0131n \u201cYorumcu\u201d unvan\u0131 verdi\u011fi \u0130bni R\u00fc\u015fd, etkileri bug\u00fcne kadar s\u00fcren bir anlay\u0131\u015f\u0131n da en parlak y\u0131ld\u0131z\u0131 oldu. \u00d6mr\u00fcn\u00fc okuyarak ve yazarak ge\u00e7iren bu b\u00fcy\u00fck filozof, \u201cGer\u00e7ek, ger\u00e7e\u011fe z\u0131t olamaz&#8230;\u201d diyor, insan\u0131n \u201cakl\u0131n\u0131 kullanmas\u0131n\u0131n\u201d sadece bir tercih de\u011fil, ayn\u0131 zamanda g\u00f6rev oldu\u011funu savunuyordu.<\/p>\n","protected":false},"excerpt":{"rendered":"<p>\u201cKimseden daha iyi olmad\u0131\u011f\u0131n\u0131z\u0131 anlayacak kadar m\u00fctevaz\u0131, herkesten farkl\u0131 oldu\u011funuzu kavrayacak kadar bilge olun.\u201d\u0130bni R\u00fc\u015fd ya da d\u00fcnyan\u0131n tan\u0131d\u0131\u011f\u0131 ad\u0131yla Averroes&#8230;Avrupa\u2019n\u0131n fikir mimarlar\u0131ndan End\u00fcl\u00fcsl\u00fc M\u00fcsl\u00fcman, felsefeci,<span class=\"excerpt-hellip\"> [\u2026]<\/span><\/p>\n","protected":false},"featured_media":0,"template":"","meta":{"_monsterinsights_skip_tracking":false,"_monsterinsights_sitenote_active":false,"_monsterinsights_sitenote_note":"","_monsterinsights_sitenote_category":0},"product_brand":[],"product_cat":[12389,12388],"product_tag":[],"class_list":{"0":"post-723383","1":"product","2":"type-product","3":"status-publish","5":"product_cat-diger-felsefe","6":"product_cat-felsefe","7":"pa_cilt-ciltsiz","8":"pa_tur-kitap","9":"pa_yayinevi-destek-yayinlari","10":"pa_yazar-ibn-rusd","12":"first","13":"instock","14":"sale","15":"shipping-taxable","16":"purchasable","17":"product-type-simple"},"_links":{"self":[{"href":"https:\/\/roveyayinevi.com.tr\/index.php\/wp-json\/wp\/v2\/product\/723383","targetHints":{"allow":["GET"]}}],"collection":[{"href":"https:\/\/roveyayinevi.com.tr\/index.php\/wp-json\/wp\/v2\/product"}],"about":[{"href":"https:\/\/roveyayinevi.com.tr\/index.php\/wp-json\/wp\/v2\/types\/product"}],"wp:attachment":[{"href":"https:\/\/roveyayinevi.com.tr\/index.php\/wp-json\/wp\/v2\/media?parent=723383"}],"wp:term":[{"taxonomy":"product_brand","embeddable":true,"href":"https:\/\/roveyayinevi.com.tr\/index.php\/wp-json\/wp\/v2\/product_brand?post=723383"},{"taxonomy":"product_cat","embeddable":true,"href":"https:\/\/roveyayinevi.com.tr\/index.php\/wp-json\/wp\/v2\/product_cat?post=723383"},{"taxonomy":"product_tag","embeddable":true,"href":"https:\/\/roveyayinevi.com.tr\/index.php\/wp-json\/wp\/v2\/product_tag?post=723383"}],"curies":[{"name":"wp","href":"https:\/\/api.w.org\/{rel}","templated":true}]}}