{"id":723377,"date":"2025-08-27T19:17:45","date_gmt":"2025-08-27T16:17:45","guid":{"rendered":"https:\/\/roveyayinevi.com.tr\/index.php\/urun\/bakire\/"},"modified":"2026-04-16T02:31:07","modified_gmt":"2026-04-15T23:31:07","slug":"bakire","status":"publish","type":"product","link":"https:\/\/roveyayinevi.com.tr\/index.php\/urun\/bakire\/","title":{"rendered":"Bakire"},"content":{"rendered":"<p>Small Plains Bakiresi kimdi ve nas\u0131l \u00f6ld\u00fc? Ac\u0131mas\u0131z bir cinayetle de\u011fi\u015fen hayatlar&#8230; K\u00fc\u00e7\u00fck bir kasabadaki sahipsiz bir mezar&#8230; On yedi y\u0131ld\u0131r saklanan korkun\u00e7 ger\u00e7e\u011fi \u00f6\u011frenmeye haz\u0131r m\u0131s\u0131n\u0131z? Kansas\u2019\u0131n k\u0131rsal kesimindeki k\u00fc\u00e7\u00fck bir kasaban\u0131n halk\u0131, gen\u00e7 bir k\u0131z\u0131n ads\u0131z mezar\u0131n\u0131 Small Plains Bakiresi olarak kabul etmi\u015ftir on yedi y\u0131l boyunca. Baz\u0131 ki\u015filere g\u00f6re mucizelere ve a\u00e7\u0131klanamaz iyile\u015fmelere sebep olan bu mezarla ilgili s\u00f6ylentiler de zaman i\u00e7inde dilden dile yay\u0131lm\u0131\u015ft\u0131r. Ama karla kapl\u0131 arazide bulunan, buz tutmu\u015f \u00e7\u0131plak cesede ger\u00e7ekte ne olmu\u015ftur? Ve neden gen\u00e7 Mitch, cesedin bulunmas\u0131ndan bir g\u00fcn sonra, arkas\u0131nda \u00e7\u0131lg\u0131na d\u00f6nm\u00fc\u015f sevgilisi Abby\u2019yi ve en iyi arkada\u015f\u0131 Rex\u2019i b\u0131rakarak kasabadan apar topar ayr\u0131lm\u0131\u015ft\u0131r? Bu \u015fekilde kasabadan ayr\u0131lan Mitch, y\u0131llar sonra Small Plains\u2019e geri d\u00f6nd\u00fc\u011f\u00fcnde, unutulmu\u015f s\u0131rlar\u0131 ve gerilimi tekrar alevlendirecektir. Mitch\u2019e kar\u015f\u0131 h\u00e2l\u00e2 bir \u015feyler hissetmekte olan Abby ise onun gidi\u015finin arkas\u0131ndaki ger\u00e7e\u011fi a\u00e7\u0131\u011fa \u00e7\u0131karmakta kararl\u0131d\u0131r. \u015eimdi, \u00fc\u00e7 eski dost kendilerinin ve k\u00fc\u00e7\u00fck kasabalar\u0131n\u0131n kaderini de\u011fi\u015ftiren o gecenin getirdi\u011fi sonu\u00e7lara katlanmak zorundad\u0131r. &#8220;Nancy Pickard edebi g\u00fcc\u00fc y\u00fcksek bir yazar. Orta bat\u0131n\u0131n k\u00fc\u00e7\u00fck bir kasabas\u0131ndaki \u00fcst\u00fc kapat\u0131lm\u0131\u015f s\u0131rlar\u0131 incelikle \u015fekillendirmi\u015f.&#8221; -The Denver Post- &#8220;K\u0131\u015fk\u0131rt\u0131c\u0131&#8230;Kasabal\u0131lar\u0131n pe\u015fini b\u0131rakmayan \u00e7\u00f6z\u00fcmlenmemi\u015f cinayeti, yazar engin bir sezgisellikle i\u015flemi\u015f.&#8221; -The New York Times Book Review- &#8220;\u00dcst\u00fcn bir yap\u0131t. Yazar\u0131n hik\u00e2yeye derinlik sa\u011flamadaki yetene\u011fi e\u015fsiz.&#8221; -Orlando Sentinel- &#8220;G\u00fcven, inan\u00e7 ve masumiyet kayb\u0131na dair bu roman tek kelimeyle ilgi \u00e7ekici.&#8221; -Tucson Citizen-<\/p>\n","protected":false},"excerpt":{"rendered":"<p>Small Plains Bakiresi kimdi ve nas\u0131l \u00f6ld\u00fc? Ac\u0131mas\u0131z bir cinayetle de\u011fi\u015fen hayatlar&#8230; K\u00fc\u00e7\u00fck bir kasabadaki sahipsiz bir mezar&#8230; On yedi y\u0131ld\u0131r saklanan korkun\u00e7 ger\u00e7e\u011fi \u00f6\u011frenmeye haz\u0131r<span class=\"excerpt-hellip\"> [\u2026]<\/span><\/p>\n","protected":false},"featured_media":0,"template":"","meta":{"_monsterinsights_skip_tracking":false,"_monsterinsights_sitenote_active":false,"_monsterinsights_sitenote_note":"","_monsterinsights_sitenote_category":0},"product_brand":[],"product_cat":[12291,17033],"product_tag":[],"class_list":{"0":"post-723377","1":"product","2":"type-product","3":"status-publish","5":"product_cat-edebiyat","6":"product_cat-korku-gerilim","7":"pa_cilt-ciltsiz","8":"pa_tur-kitap","9":"pa_yayinevi-ephesus-yayinlari","10":"pa_yazar-nancy-pickard","12":"first","13":"instock","14":"sale","15":"shipping-taxable","16":"purchasable","17":"product-type-simple"},"_links":{"self":[{"href":"https:\/\/roveyayinevi.com.tr\/index.php\/wp-json\/wp\/v2\/product\/723377","targetHints":{"allow":["GET"]}}],"collection":[{"href":"https:\/\/roveyayinevi.com.tr\/index.php\/wp-json\/wp\/v2\/product"}],"about":[{"href":"https:\/\/roveyayinevi.com.tr\/index.php\/wp-json\/wp\/v2\/types\/product"}],"wp:attachment":[{"href":"https:\/\/roveyayinevi.com.tr\/index.php\/wp-json\/wp\/v2\/media?parent=723377"}],"wp:term":[{"taxonomy":"product_brand","embeddable":true,"href":"https:\/\/roveyayinevi.com.tr\/index.php\/wp-json\/wp\/v2\/product_brand?post=723377"},{"taxonomy":"product_cat","embeddable":true,"href":"https:\/\/roveyayinevi.com.tr\/index.php\/wp-json\/wp\/v2\/product_cat?post=723377"},{"taxonomy":"product_tag","embeddable":true,"href":"https:\/\/roveyayinevi.com.tr\/index.php\/wp-json\/wp\/v2\/product_tag?post=723377"}],"curies":[{"name":"wp","href":"https:\/\/api.w.org\/{rel}","templated":true}]}}