{"id":723372,"date":"2025-08-27T19:17:42","date_gmt":"2025-08-27T16:17:42","guid":{"rendered":"https:\/\/roveyayinevi.com.tr\/index.php\/urun\/harley-quinn-kirik-cam\/"},"modified":"2025-08-31T16:28:46","modified_gmt":"2025-08-31T13:28:46","slug":"harley-quinn-kirik-cam","status":"publish","type":"product","link":"https:\/\/roveyayinevi.com.tr\/index.php\/urun\/harley-quinn-kirik-cam\/","title":{"rendered":"Harley Quinn &#8211; K\u0131r\u0131k Cam"},"content":{"rendered":"<p>On be\u015f ya\u015f\u0131ndaki dobra, asi ve delibozuk Harleen Quinzel, Gotham \u015eehri\u2019ne yolland\u0131\u011f\u0131nda cebinde be\u015f kuru\u015f yoktu. Harleen \u00e7ocuklu\u011fundan beri bir\u00e7ok zorlukla tek ba\u015f\u0131na m\u00fccadele etmek zorunda kalm\u0131\u015ft\u0131 ama Gotham\u2019\u0131n en iyi drag queen\u2019i Mama onu kanatlar\u0131n\u0131n alt\u0131na ald\u0131\u011f\u0131nda talihi d\u00f6necekti.Ba\u015flarda Harleen, Gotham Lisesi\u2019ndeki en iyi arkada\u015f\u0131 Ivy\u2019yle, kendi olabilece\u011fi bir yer bulmu\u015f gibiydi. Fakat Mama\u2019n\u0131n g\u00f6sterileri, mahalleyi ele ge\u00e7irmekte olan de\u011fi\u015fimin yeni kurban\u0131 olunca i\u015fler yeniden kar\u0131\u015ft\u0131. Bu sefer Harleen k\u0131zm\u0131\u015ft\u0131. \u00d6fkesini eyleme ge\u00e7irmek istedi\u011fi i\u00e7in \u00f6nu\u0308nde iki se\u00e7ene\u011fi vard\u0131: Ya mahallelerini daha ya\u015fanabilir bir hale getirmek i\u00e7in protestolar d\u00fczenleyen Ivy\u2019ye kat\u0131lacak ya da Gotham\u2019\u0131n \u015firketlerini tek tek indirmeyi planlayan Joker\u2019le i\u015fbirli\u011fine girecekti.   \u201cGen\u00e7 Harleen Quinzel\u2019\u0131n hik\u00e2yesine yeni bir nefes getiren Mariko Tamaki\u2019nin kalemi m\u00fckemmel. Steve Pugh\u2019un \u00e7izimleriyle sa\u011flam bir temel edinen \u00e7izgi roman, okurlara soylula\u015ft\u0131rmaya kar\u015f\u0131 sava\u015f veren drag queen\u2019lerin, her \u015feyi tekeline almaya \u00e7al\u0131\u015fan b\u00fcy\u00fck bir \u015firkete kar\u015f\u0131 \u00e7\u0131kan tan\u0131d\u0131k Iyv\u2019nin ve kendi ufak hayat\u0131n\u0131 anlamas\u0131na yard\u0131mc\u0131 olacak bir masal arayan tatl\u0131 Harley\u2019nin ya\u015fad\u0131\u011f\u0131 Gotham \u015eehri\u2019ni tan\u0131t\u0131yor.\u201d\u2014Sina Grace, GLAAD Medya \u00d6d\u00fcl\u00fc aday\u0131, Iceman\u2019in yazar\u0131   \u201cHarley\u2019nin kendine has konu\u015fma \u015fekliyle peki\u015fen bu ak\u0131c\u0131 hik\u00e2ye soylula\u015ft\u0131rman\u0131n etkilerini incelerken okurlar, Harley ve renkli ailesinin bir mutlu sona ula\u015fmas\u0131 i\u00e7in trib\u00fcnlerden onlara tezah\u00fcrat edecek.\u201d\u2014Kirkus Reviews <\/p>\n","protected":false},"excerpt":{"rendered":"<p>On be\u015f ya\u015f\u0131ndaki dobra, asi ve delibozuk Harleen Quinzel, Gotham \u015eehri\u2019ne yolland\u0131\u011f\u0131nda cebinde be\u015f kuru\u015f yoktu. Harleen \u00e7ocuklu\u011fundan beri bir\u00e7ok zorlukla tek ba\u015f\u0131na m\u00fccadele etmek zorunda<span class=\"excerpt-hellip\"> [\u2026]<\/span><\/p>\n","protected":false},"featured_media":0,"template":"","meta":{"_monsterinsights_skip_tracking":false,"_monsterinsights_sitenote_active":false,"_monsterinsights_sitenote_note":"","_monsterinsights_sitenote_category":0},"product_brand":[],"product_cat":[12416,12291],"product_tag":[],"class_list":{"0":"post-723372","1":"product","2":"type-product","3":"status-publish","5":"product_cat-cizgi-roman","6":"product_cat-edebiyat","7":"pa_cilt-ciltsiz","8":"pa_tur-kitap","9":"pa_yayinevi-epsilon-yayinlari","10":"pa_yazar-mariko-tamaki","12":"first","13":"instock","14":"sale","15":"shipping-taxable","16":"purchasable","17":"product-type-simple"},"_links":{"self":[{"href":"https:\/\/roveyayinevi.com.tr\/index.php\/wp-json\/wp\/v2\/product\/723372","targetHints":{"allow":["GET"]}}],"collection":[{"href":"https:\/\/roveyayinevi.com.tr\/index.php\/wp-json\/wp\/v2\/product"}],"about":[{"href":"https:\/\/roveyayinevi.com.tr\/index.php\/wp-json\/wp\/v2\/types\/product"}],"wp:attachment":[{"href":"https:\/\/roveyayinevi.com.tr\/index.php\/wp-json\/wp\/v2\/media?parent=723372"}],"wp:term":[{"taxonomy":"product_brand","embeddable":true,"href":"https:\/\/roveyayinevi.com.tr\/index.php\/wp-json\/wp\/v2\/product_brand?post=723372"},{"taxonomy":"product_cat","embeddable":true,"href":"https:\/\/roveyayinevi.com.tr\/index.php\/wp-json\/wp\/v2\/product_cat?post=723372"},{"taxonomy":"product_tag","embeddable":true,"href":"https:\/\/roveyayinevi.com.tr\/index.php\/wp-json\/wp\/v2\/product_tag?post=723372"}],"curies":[{"name":"wp","href":"https:\/\/api.w.org\/{rel}","templated":true}]}}