{"id":723369,"date":"2025-08-27T19:17:40","date_gmt":"2025-08-27T16:17:40","guid":{"rendered":"https:\/\/roveyayinevi.com.tr\/index.php\/urun\/yitip-giden-istanbul\/"},"modified":"2026-04-16T02:31:07","modified_gmt":"2026-04-15T23:31:07","slug":"yitip-giden-istanbul","status":"publish","type":"product","link":"https:\/\/roveyayinevi.com.tr\/index.php\/urun\/yitip-giden-istanbul\/","title":{"rendered":"Yitip Giden \u0130stanbul"},"content":{"rendered":"<p>D\u00dcN\u00dcYLE BUG\u00dcN\u00dcYLE\u015eEHR-\u0130 \u0130STANBUL\u2026\u0130stanbul, tarih\u00ee s\u00fcreci i\u00e7inde bir\u00e7ok imparatorlu\u011fa ev sahipli\u011fi yapm\u0131\u015f kadim bir yerle\u015fim yeridir. Misafir etti\u011fi bir\u00e7ok milletin yan\u0131 s\u0131ra i\u00e7inde bar\u0131nd\u0131rd\u0131\u011f\u0131 gelenekler ve hik\u00e2yelerle de as\u0131rlara uzanan bir ruhu vard\u0131r. Zaman ge\u00e7tik\u00e7e ne yaz\u0131k ki \u00f6nce fiziksel olarak h\u0131rpalanan \u0130stanbul, g\u00fcn\u00fcm\u00fczde ruhen de ortadan kaybolmaktad\u0131r. Mimar\u00ee anlamda e\u015fsiz de\u011ferlere ev sahipli\u011fi yapan \u0130stanbul\u2019da yak\u0131n zaman i\u00e7inde ger\u00e7ekle\u015fen y\u0131k\u0131mlar, \u015fehrin bir\u00e7ok g\u00fczelli\u011fini ortadan kald\u0131rm\u0131\u015ft\u0131r. Bo\u011faz\u2019dan Tarihi Yar\u0131mada\u2019ya, yeralt\u0131ndan yer\u00fcst\u00fcne var\u0131ncaya dek \u015fehrin tarihi dokusu ciddi zararlar g\u00f6rm\u00fc\u015ft\u00fcr.Tarih alan\u0131nda bir\u00e7ok kitab\u0131 olan \u00d6nder Kaya, elinizdeki kitapta \u0130stanbul\u2019un nabz\u0131n\u0131 tutuyor. Ge\u00e7mi\u015fle gelecek aras\u0131nda \u015fehrin ge\u00e7irdi\u011fi de\u011fi\u015fimi ele al\u0131rken, yitip giden geleneklere ve de\u011ferlere dikkat \u00e7ekiyor. \u0130stanbul\u2019un yok olan ya da asl\u00ee dokusundan \u00e7ok \u015fey kaybeden mek\u00e2nlar\u0131na odaklan\u0131yor. \u0130stanbul tutkunlar\u0131 kitab\u0131n sayfalar\u0131 boyunca bir b\u00fcy\u00fck miras\u0131n izini s\u00fcrerken ayn\u0131 zamanda h\u00fcz\u00fcnleniyor, g\u00f6zleri \u00f6n\u00fcnde eriyen \u015fehrin ac\u0131s\u0131n\u0131 hissediyor.\u00d6nder Kaya\u2019n\u0131n bu \u00f6nemli \u00e7al\u0131\u015fmas\u0131; \u0130stanbul\u2019un sokak k\u00f6peklerini, e\u015fekle ta\u015f\u0131mac\u0131l\u0131k yapan \u0130ranl\u0131lar\u0131n\u0131, evliya t\u00fcrbelerini, eski ramazanlar\u0131n\u0131 ve g\u00f6lge oyunlar\u0131n\u0131, AEK ile karde\u015f olan kul\u00fcb\u00fcn\u00fc, sinagogdan lokantaya d\u00f6n\u00fc\u015fen mabedini, Pandeli\u2019yi, \u0130nci Lokantas\u0131\u2019n\u0131, Rebul Eczanesi\u2019ni, yang\u0131n kulelerini, mezarl\u0131klar\u0131n\u0131, yal\u0131lar\u0131n\u0131, k\u00f6\u015fklerini, kaybolan pek \u00e7ok eserini ve daha nicesini merak eden herkes i\u00e7in ak\u0131c\u0131 \u00fcslubuyla, ge\u00e7mi\u015fi ve \u015fimdisiyle, g\u00f6rseller e\u015fli\u011finde bir zaman yolculu\u011fu sunuyor.\u201cYitip Giden \u0130stanbul: Kaybolan Miras\u0131n Pe\u015finde\u201d, hayret duygusuyla h\u00fczn\u00fc, \u015fa\u015fk\u0131nl\u0131kla vicdan\u0131 ba\u015f ba\u015fa b\u0131rakan \u00e7ok \u00f6zel bir \u0130stanbul kitab\u0131\u2026<\/p>\n","protected":false},"excerpt":{"rendered":"<p>D\u00dcN\u00dcYLE BUG\u00dcN\u00dcYLE\u015eEHR-\u0130 \u0130STANBUL\u2026\u0130stanbul, tarih\u00ee s\u00fcreci i\u00e7inde bir\u00e7ok imparatorlu\u011fa ev sahipli\u011fi yapm\u0131\u015f kadim bir yerle\u015fim yeridir. Misafir etti\u011fi bir\u00e7ok milletin yan\u0131 s\u0131ra i\u00e7inde bar\u0131nd\u0131rd\u0131\u011f\u0131 gelenekler ve hik\u00e2yelerle<span class=\"excerpt-hellip\"> [\u2026]<\/span><\/p>\n","protected":false},"featured_media":0,"template":"","meta":{"_monsterinsights_skip_tracking":false,"_monsterinsights_sitenote_active":false,"_monsterinsights_sitenote_note":"","_monsterinsights_sitenote_category":0},"product_brand":[],"product_cat":[12304,13650],"product_tag":[],"class_list":{"0":"post-723369","1":"product","2":"type-product","3":"status-publish","5":"product_cat-tarih","6":"product_cat-turk-tarihi-arastirmalari","7":"pa_cilt-ciltsiz","8":"pa_tur-kitap","9":"pa_yayinevi-kronik-kitap","10":"pa_yazar-onder-kaya","12":"first","13":"instock","14":"sale","15":"shipping-taxable","16":"purchasable","17":"product-type-simple"},"_links":{"self":[{"href":"https:\/\/roveyayinevi.com.tr\/index.php\/wp-json\/wp\/v2\/product\/723369","targetHints":{"allow":["GET"]}}],"collection":[{"href":"https:\/\/roveyayinevi.com.tr\/index.php\/wp-json\/wp\/v2\/product"}],"about":[{"href":"https:\/\/roveyayinevi.com.tr\/index.php\/wp-json\/wp\/v2\/types\/product"}],"wp:attachment":[{"href":"https:\/\/roveyayinevi.com.tr\/index.php\/wp-json\/wp\/v2\/media?parent=723369"}],"wp:term":[{"taxonomy":"product_brand","embeddable":true,"href":"https:\/\/roveyayinevi.com.tr\/index.php\/wp-json\/wp\/v2\/product_brand?post=723369"},{"taxonomy":"product_cat","embeddable":true,"href":"https:\/\/roveyayinevi.com.tr\/index.php\/wp-json\/wp\/v2\/product_cat?post=723369"},{"taxonomy":"product_tag","embeddable":true,"href":"https:\/\/roveyayinevi.com.tr\/index.php\/wp-json\/wp\/v2\/product_tag?post=723369"}],"curies":[{"name":"wp","href":"https:\/\/api.w.org\/{rel}","templated":true}]}}