{"id":723368,"date":"2025-08-27T19:17:39","date_gmt":"2025-08-27T16:17:39","guid":{"rendered":"https:\/\/roveyayinevi.com.tr\/index.php\/urun\/hata-neredeydi\/"},"modified":"2026-04-16T02:31:07","modified_gmt":"2026-04-15T23:31:07","slug":"hata-neredeydi","status":"publish","type":"product","link":"https:\/\/roveyayinevi.com.tr\/index.php\/urun\/hata-neredeydi\/","title":{"rendered":"Hata Neredeydi?"},"content":{"rendered":"<p>HURAFELERDEN GER\u00c7EKLERE:DO\u011eU\u2019NUN GER\u0130 KALI\u015e TAR\u0130H\u0130\u2026\u201cM\u00fcsl\u00fcmanlar\u0131n uygarl\u0131k liderli\u011fini kaybetmeleri ve modernlikten geri durmalar\u0131 son y\u00fczy\u0131llarda d\u00fcnya tarihinin merkezindedir ve uluslararas\u0131 \u00e7at\u0131\u015fmalar ile diplomatik tart\u0131\u015fmalarda her zaman en b\u00fcy\u00fck etken olmu\u015ftur. Hata neredeydi?\u201d David Landes, Harvard \u00dcniversitesi\u0130sl\u00e2m d\u00fcnyas\u0131, y\u00fczy\u0131llar boyunca hem asker\u00ee ve ekonomik anlamda hem de uygarl\u0131k sanatlar\u0131 ve bilim gibi alanlarda \u00f6nc\u00fcyd\u00fc. \u0130nsanl\u0131\u011f\u0131n en \u00f6n saf\u0131nda, olduk\u00e7a kuvvetli bir bi\u00e7imde yerini alm\u0131\u015ft\u0131. Peki nas\u0131l oldu da ayn\u0131 y\u00fczy\u0131llar boyunca \u201cbarbarl\u0131\u011f\u0131n\u201d ve \u201cdinsizli\u011fin\u201d karanl\u0131\u011f\u0131na batan, \u00f6\u011frenilecek ve korkulacak hi\u00e7bir \u015fey bar\u0131nd\u0131rmayan yer olarak g\u00f6sterilen H\u0131ristiyan Avrupa bir anda \u00f6ne ge\u00e7mi\u015fti? Her \u015fey nas\u0131l bu kadar \u00e7abuk de\u011fi\u015fmi\u015fti? Sava\u015f meydanlar\u0131ndan ekonomik pazara, kamudan \u00f6zel hayata kadar Bat\u0131 hangi kuvvetleriyle zafer \u00fcst\u00fcne zafer kazanm\u0131\u015ft\u0131?Otoriteler taraf\u0131ndan emsalsiz bir bilgi birikimi ve zarafetle yaz\u0131ld\u0131\u011f\u0131 belirtilen, i\u00e7erdi\u011fi konularla olduk\u00e7a k\u0131\u015fk\u0131rt\u0131c\u0131 ve ufuk a\u00e7\u0131c\u0131 bir eser olarak g\u00f6sterilen elinizdeki bu kitap, Bernard Lewis imzas\u0131 ta\u015f\u0131yor. Bat\u0131 taraf\u0131ndan nas\u0131l alt edildi\u011fini, g\u00f6lgede b\u0131rak\u0131ld\u0131\u011f\u0131n\u0131 ve tahakk\u00fcm alt\u0131na al\u0131nd\u0131\u011f\u0131n\u0131 anlamaya \u00e7al\u0131\u015fan \u0130slam d\u00fcnyas\u0131n\u0131n ac\u0131 dolu tepkisini inceliyor. Karma\u015fa i\u00e7indeki bir k\u00fclt\u00fcr\u00fcn hayranl\u0131k uyand\u0131r\u0131c\u0131 portresini sunan Lewis, Ortado\u011fu\u2019nun dikkatini nas\u0131l Avrupa\u2019n\u0131n silahlar\u0131na, sanayisine, ticaretine, y\u00f6netimine, diplomasisine, e\u011fitimine ve k\u00fclt\u00fcr\u00fcne y\u00f6neltti\u011fini g\u00f6steriyor. 18 ile 20. y\u00fczy\u0131llar aras\u0131nda Bat\u0131 ve Ortado\u011fu k\u00fclt\u00fcrleri aras\u0131ndaki \u00e7arp\u0131c\u0131 farkl\u0131l\u0131klar\u0131, H\u0131ristiyanl\u0131k ve \u0130slam, m\u00fczik ve sanat, kad\u0131nlar\u0131n konumu, laiklik ve sivil toplum, saat ve takvim \u00fczerinden ortaya koyuyor.Ortado\u011fu \u00e7al\u0131\u015fmalar\u0131n\u0131n duayeni olarak kabul edilen Bernard Lewis, Ortado\u011fu ile Avrupa aras\u0131ndaki tarih\u00ee ili\u015fkiye olduk\u00e7a isabetli bir bak\u0131\u015f a\u00e7\u0131s\u0131 kazand\u0131ran \u00e7al\u0131\u015fmas\u0131 \u201cHata Neredeydi?\u201d ile T\u00fcrk okuyucusunun kar\u015f\u0131s\u0131na tekrar \u00e7\u0131k\u0131yor. Bu yeni \u00e7eviri, her y\u00f6n\u00fcyle soluk solu\u011fa okunacak bir ba\u015fvuru kitab\u0131\u2026<\/p>\n","protected":false},"excerpt":{"rendered":"<p>HURAFELERDEN GER\u00c7EKLERE:DO\u011eU\u2019NUN GER\u0130 KALI\u015e TAR\u0130H\u0130\u2026\u201cM\u00fcsl\u00fcmanlar\u0131n uygarl\u0131k liderli\u011fini kaybetmeleri ve modernlikten geri durmalar\u0131 son y\u00fczy\u0131llarda d\u00fcnya tarihinin merkezindedir ve uluslararas\u0131 \u00e7at\u0131\u015fmalar ile diplomatik tart\u0131\u015fmalarda her zaman en<span class=\"excerpt-hellip\"> [\u2026]<\/span><\/p>\n","protected":false},"featured_media":0,"template":"","meta":{"_monsterinsights_skip_tracking":false,"_monsterinsights_sitenote_active":false,"_monsterinsights_sitenote_note":"","_monsterinsights_sitenote_category":0},"product_brand":[],"product_cat":[12305,12304],"product_tag":[],"class_list":{"0":"post-723368","1":"product","2":"type-product","3":"status-publish","5":"product_cat-dunya-tarihi","6":"product_cat-tarih","7":"pa_cilt-ciltsiz","8":"pa_tur-kitap","9":"pa_yayinevi-kronik-kitap","10":"pa_yazar-bernard-lewis","12":"first","13":"instock","14":"sale","15":"shipping-taxable","16":"purchasable","17":"product-type-simple"},"_links":{"self":[{"href":"https:\/\/roveyayinevi.com.tr\/index.php\/wp-json\/wp\/v2\/product\/723368","targetHints":{"allow":["GET"]}}],"collection":[{"href":"https:\/\/roveyayinevi.com.tr\/index.php\/wp-json\/wp\/v2\/product"}],"about":[{"href":"https:\/\/roveyayinevi.com.tr\/index.php\/wp-json\/wp\/v2\/types\/product"}],"wp:attachment":[{"href":"https:\/\/roveyayinevi.com.tr\/index.php\/wp-json\/wp\/v2\/media?parent=723368"}],"wp:term":[{"taxonomy":"product_brand","embeddable":true,"href":"https:\/\/roveyayinevi.com.tr\/index.php\/wp-json\/wp\/v2\/product_brand?post=723368"},{"taxonomy":"product_cat","embeddable":true,"href":"https:\/\/roveyayinevi.com.tr\/index.php\/wp-json\/wp\/v2\/product_cat?post=723368"},{"taxonomy":"product_tag","embeddable":true,"href":"https:\/\/roveyayinevi.com.tr\/index.php\/wp-json\/wp\/v2\/product_tag?post=723368"}],"curies":[{"name":"wp","href":"https:\/\/api.w.org\/{rel}","templated":true}]}}