{"id":723367,"date":"2025-08-27T19:17:39","date_gmt":"2025-08-27T16:17:39","guid":{"rendered":"https:\/\/roveyayinevi.com.tr\/index.php\/urun\/ag-kulturu-enformasyon-caginda-siyaset\/"},"modified":"2026-01-29T02:57:14","modified_gmt":"2026-01-28T23:57:14","slug":"ag-kulturu-enformasyon-caginda-siyaset","status":"publish","type":"product","link":"https:\/\/roveyayinevi.com.tr\/index.php\/urun\/ag-kulturu-enformasyon-caginda-siyaset\/","title":{"rendered":"A\u011f K\u00fclt\u00fcr\u00fc &#8211; Enformasyon \u00c7a\u011f\u0131nda Siyaset"},"content":{"rendered":"<p>Virno, Lazzarato ve Negri gibi \u0130talyan otonomcu Marksistlerin kavramlar\u0131n\u0131 ele\u015ftirel bir bi\u00e7imde yeniden yorumlayan Tiziana Terranova, A\u011f K\u00fclt\u00fcr\u00fc\u2019nde yeni bili\u015fim ve ileti\u015fim teknolojilerinin toplumsal ve siyasal uzan\u0131mlar\u0131n\u0131n pe\u015fine d\u00fc\u015f\u00fcyor. Terranova, enformasyon \u00e7a\u011f\u0131nda iktidar, emek, toplumsal denetim gibi olgular\u0131n b\u00fcr\u00fcnd\u00fc\u011f\u00fc yeni bi\u00e7imleri g\u00f6zler \u00f6n\u00fcne seriyor ve bu ba\u015fkala\u015fm\u0131\u015f olgular\u0131n toplumsall\u0131\u011f\u0131 ve siyaset imk\u00e2nlar\u0131n\u0131 nas\u0131l d\u00f6n\u00fc\u015ft\u00fcrd\u00fc\u011f\u00fcn\u00fc sorguluyor. Fizikten k\u00fclt\u00fcrel \u00e7al\u0131\u015fmalara, bilgisayar bilimlerinden kitle medyas\u0131 analizlerine uzanan bir d\u00fczlemde bu yeni toplumsall\u0131\u011f\u0131 tart\u0131\u015fan A\u011f K\u00fclt\u00fcr\u00fc, do\u011fa bilimleri, bili\u015fim bilimi ve sosyal bilim aras\u0131nda kurdu\u011fu \u00f6zg\u00fcn ili\u015fkiyle enformasyon toplumu ve a\u011fla\u015fm\u0131\u015f kapitalizm tart\u0131\u015fmalar\u0131na yeni bir alan a\u00e7\u0131yor. Yeni medya ve ileti\u015fim ortamlar\u0131n\u0131n yaratt\u0131\u011f\u0131 enformasyon karma\u015fas\u0131n\u0131n ve a\u011f kurma bi\u00e7imlerindeki \u00e7e\u015fitlili\u011fin, bir taraftan iktidar ve denetim mekanizmalar\u0131na yeni imk\u00e2nlar tan\u0131rken, bir taraftan da yeni bir \u00f6rg\u00fctlenme deneyimi ve yeni bir siyasal \u00f6znellik olu\u015fturdu\u011funa dikkat \u00e7ekiyor. Terranova, a\u011f k\u00fclt\u00fcr\u00fcn\u00fcn kendine \u00f6zg\u00fc dinamiklerinin, \u00f6zg\u00fcrle\u015ftirici bir siyasetin bi\u00e7imini ve ko\u015fullar\u0131n\u0131 d\u00f6n\u00fc\u015ft\u00fcrd\u00fc\u011f\u00fcn\u00fc savunuyor.  Bu d\u00f6n\u00fc\u015f\u00fcm, siyaset potansiyelini al\u0131\u015f\u0131lageldik kurumsal ve ideolojik m\u00fccadele kal\u0131plar\u0131ndan \u00e7\u0131kartarak, iktidar\u0131n yumu\u015fak denetiminin i\u015fledi\u011fi ya\u015famsal d\u00fczlemlerde in\u015fa edilecek bir hareket ve muhalefetin zeminini olu\u015fturuyor.<\/p>\n","protected":false},"excerpt":{"rendered":"<p>Virno, Lazzarato ve Negri gibi \u0130talyan otonomcu Marksistlerin kavramlar\u0131n\u0131 ele\u015ftirel bir bi\u00e7imde yeniden yorumlayan Tiziana Terranova, A\u011f K\u00fclt\u00fcr\u00fc\u2019nde yeni bili\u015fim ve ileti\u015fim teknolojilerinin toplumsal ve siyasal<span class=\"excerpt-hellip\"> [\u2026]<\/span><\/p>\n","protected":false},"featured_media":0,"template":"","meta":{"_monsterinsights_skip_tracking":false,"_monsterinsights_sitenote_active":false,"_monsterinsights_sitenote_note":"","_monsterinsights_sitenote_category":0},"product_brand":[],"product_cat":[15983,13488],"product_tag":[],"class_list":{"0":"post-723367","1":"product","2":"type-product","3":"status-publish","5":"product_cat-iletisim-ve-medya","6":"product_cat-toplum-ve-insan","7":"pa_cilt-ciltsiz","8":"pa_tur-kitap","9":"pa_yayinevi-utopya-yayinevi","10":"pa_yazar-tiziana-terranova","12":"first","13":"instock","14":"sale","15":"shipping-taxable","16":"purchasable","17":"product-type-simple"},"_links":{"self":[{"href":"https:\/\/roveyayinevi.com.tr\/index.php\/wp-json\/wp\/v2\/product\/723367","targetHints":{"allow":["GET"]}}],"collection":[{"href":"https:\/\/roveyayinevi.com.tr\/index.php\/wp-json\/wp\/v2\/product"}],"about":[{"href":"https:\/\/roveyayinevi.com.tr\/index.php\/wp-json\/wp\/v2\/types\/product"}],"wp:attachment":[{"href":"https:\/\/roveyayinevi.com.tr\/index.php\/wp-json\/wp\/v2\/media?parent=723367"}],"wp:term":[{"taxonomy":"product_brand","embeddable":true,"href":"https:\/\/roveyayinevi.com.tr\/index.php\/wp-json\/wp\/v2\/product_brand?post=723367"},{"taxonomy":"product_cat","embeddable":true,"href":"https:\/\/roveyayinevi.com.tr\/index.php\/wp-json\/wp\/v2\/product_cat?post=723367"},{"taxonomy":"product_tag","embeddable":true,"href":"https:\/\/roveyayinevi.com.tr\/index.php\/wp-json\/wp\/v2\/product_tag?post=723367"}],"curies":[{"name":"wp","href":"https:\/\/api.w.org\/{rel}","templated":true}]}}