{"id":723364,"date":"2025-08-27T19:17:37","date_gmt":"2025-08-27T16:17:37","guid":{"rendered":"https:\/\/roveyayinevi.com.tr\/index.php\/urun\/sana-ragmen-seni-seviyorum\/"},"modified":"2026-04-16T02:31:07","modified_gmt":"2026-04-15T23:31:07","slug":"sana-ragmen-seni-seviyorum","status":"publish","type":"product","link":"https:\/\/roveyayinevi.com.tr\/index.php\/urun\/sana-ragmen-seni-seviyorum\/","title":{"rendered":"Sana Ra\u011fmen Seni Seviyorum"},"content":{"rendered":"<p>Her ili\u015fkide \u00fc\u00e7 taraf vard\u0131r: Ben, Sen ve Biz. Kavga edilen zamanlarda \u201cBiz\u201d unutulur ve sorun da o nedenle b\u00fcy\u00fcr. Biz\u2019i unutmamak, Biz\u2019i tehdit eden davran\u0131\u015flardan, \u00e7at\u0131\u015fmalardan uzak durmak m\u00fcmk\u00fcnd\u00fcr. Size g\u00f6re hi\u00e7 olmayacak bir \u015feyden \u00f6t\u00fcr\u00fc e\u015finiz korkuya kap\u0131ld\u0131\u011f\u0131nda ne yapars\u0131n\u0131z? Sizin \u00f6nemsiz g\u00f6rd\u00fc\u011f\u00fcn\u00fcz bir olay\u0131n e\u015finizi sarsmas\u0131na nas\u0131l tepki verirsiniz? Ya \u00e7ocuk yeti\u015ftirme konusunda \u00e7ok farkl\u0131 g\u00f6r\u00fc\u015fleriniz varsa, ne yapars\u0131n\u0131z? Farkl\u0131l\u0131klar\u0131n\u0131 ke\u015ffeden \u00e7iftler \u015fu be\u015f yoldan birini tercih ederler: (1)  Kimin hakl\u0131 oldu\u011fu konusunda bitip t\u00fckenmeyen bir kavgaya tutu\u015furlar; her ikisi de incinir ve \u00f6fkelenir ama kavga bitmez. (2)  E\u015flerden biri kendi ger\u00e7ekli\u011finden vazge\u00e7ip elinden geldi\u011fince partnerinin ger\u00e7ekli\u011fini benimser, \u00e7o\u011fu zaman bu durum ger\u00e7ek yak\u0131nl\u0131\u011f\u0131n sonu olur. (3)  E\u015flerden biri ya da her ikisi ili\u015fkiyi bitirme karar\u0131 al\u0131r; \u00e7\u00fcnk\u00fc bu kadar u\u011fra\u015fman\u0131n gere\u011fi yoktur. (4)  E\u015flerden biri ya da her ikisi duygusal olarak i\u00e7ine kapan\u0131p aralar\u0131ndaki ileti\u015fimi asgariye indirir ama i\u00e7ten i\u00e7e h\u00e2l\u00e2 k\u0131rg\u0131n ve \u00f6fkeli hissetmektedir. (5)  \u00c7ift birlikte mutlu ve verimli bir \u015fekilde ya\u015faman\u0131n s\u0131rlar\u0131n\u0131 ke\u015ffetmeye, farkl\u0131l\u0131klar\u0131n\u0131 d\u00fc\u015f k\u0131r\u0131kl\u0131\u011f\u0131 ve h\u00fcsran de\u011fil, heyecan ve tatmin kayna\u011f\u0131 olarak g\u00f6rmeye karar verir. Bu kitap, be\u015finci yolu izlemeniz i\u00e7in bilgi ve pratik beceriler sunuyor.<\/p>\n","protected":false},"excerpt":{"rendered":"<p>Her ili\u015fkide \u00fc\u00e7 taraf vard\u0131r: Ben, Sen ve Biz. Kavga edilen zamanlarda \u201cBiz\u201d unutulur ve sorun da o nedenle b\u00fcy\u00fcr. Biz\u2019i unutmamak, Biz\u2019i tehdit eden davran\u0131\u015flardan,<span class=\"excerpt-hellip\"> [\u2026]<\/span><\/p>\n","protected":false},"featured_media":0,"template":"","meta":{"_monsterinsights_skip_tracking":false,"_monsterinsights_sitenote_active":false,"_monsterinsights_sitenote_note":"","_monsterinsights_sitenote_category":0},"product_brand":[],"product_cat":[12364,12376],"product_tag":[],"class_list":{"0":"post-723364","1":"product","2":"type-product","3":"status-publish","5":"product_cat-genel-konular","6":"product_cat-kisisel-gelisim","7":"pa_cilt-ciltsiz","8":"pa_tur-kitap","9":"pa_yayinevi-kuraldisi-yayinevi","10":"pa_yazar-james-l-creighton","12":"first","13":"instock","14":"sale","15":"shipping-taxable","16":"purchasable","17":"product-type-simple"},"_links":{"self":[{"href":"https:\/\/roveyayinevi.com.tr\/index.php\/wp-json\/wp\/v2\/product\/723364","targetHints":{"allow":["GET"]}}],"collection":[{"href":"https:\/\/roveyayinevi.com.tr\/index.php\/wp-json\/wp\/v2\/product"}],"about":[{"href":"https:\/\/roveyayinevi.com.tr\/index.php\/wp-json\/wp\/v2\/types\/product"}],"wp:attachment":[{"href":"https:\/\/roveyayinevi.com.tr\/index.php\/wp-json\/wp\/v2\/media?parent=723364"}],"wp:term":[{"taxonomy":"product_brand","embeddable":true,"href":"https:\/\/roveyayinevi.com.tr\/index.php\/wp-json\/wp\/v2\/product_brand?post=723364"},{"taxonomy":"product_cat","embeddable":true,"href":"https:\/\/roveyayinevi.com.tr\/index.php\/wp-json\/wp\/v2\/product_cat?post=723364"},{"taxonomy":"product_tag","embeddable":true,"href":"https:\/\/roveyayinevi.com.tr\/index.php\/wp-json\/wp\/v2\/product_tag?post=723364"}],"curies":[{"name":"wp","href":"https:\/\/api.w.org\/{rel}","templated":true}]}}