{"id":723361,"date":"2025-08-27T19:17:35","date_gmt":"2025-08-27T16:17:35","guid":{"rendered":"https:\/\/roveyayinevi.com.tr\/index.php\/urun\/dogal-kaynaklar-ve-enerji-ekonomisi\/"},"modified":"2026-04-16T02:31:07","modified_gmt":"2026-04-15T23:31:07","slug":"dogal-kaynaklar-ve-enerji-ekonomisi","status":"publish","type":"product","link":"https:\/\/roveyayinevi.com.tr\/index.php\/urun\/dogal-kaynaklar-ve-enerji-ekonomisi\/","title":{"rendered":"Do\u011fal Kaynaklar ve Enerji Ekonomisi"},"content":{"rendered":"<p>Son y\u0131llarda madencilik, enerji ge\u00e7i\u015f g\u00fczerg\u00e2hlar\u0131 gibi pek \u00e7ok kavram g\u00fcnl\u00fck hayat\u0131m\u0131zda konu edilmektedir. Yery\u00fcz\u00fcndeki do\u011fal kaynaklar\u0131n \u00fcretim, t\u00fcketim ve ta\u015f\u0131mac\u0131l\u0131\u011f\u0131 bu nedenle iktisadi bir de\u011ferlendirme gerektirmektedir.Do\u011fal kaynaklar, ekonomik kalk\u0131nman\u0131n dinamiklerini belirleyen temel etkenlerin aras\u0131ndad\u0131r. Bu nedenle do\u011fal kaynaklar\u0131n ekonomik kullan\u0131m\u0131, rezervlerinin belirlenmesi ve \u00e7evre koruma gibi pek \u00e7ok etken bilimsel \u00e7al\u0131\u015fmalara konu olmaktad\u0131r. \u00dclkeleri ve h\u00fck\u00fcmetleri me\u015fgul eden sorunlar yaln\u0131zca enflasyon, d\u0131\u015f ticaret, b\u00fct\u00e7e a\u00e7\u0131klar\u0131, h\u0131zl\u0131 n\u00fcfus art\u0131\u015f\u0131, i\u015fsizlik sorunlar\u0131, olmay\u0131p kalk\u0131nman\u0131n, geli\u015fmenin vazge\u00e7ilmez bir kavram\u0131 olan \u00c7evre Sorunlar\u0131 oldu\u011fu bilinen bir ger\u00e7ektir.S\u00fcrd\u00fcr\u00fclebilir kalk\u0131nma kavram\u0131n\u0131n son y\u0131llarda iktisat literat\u00fcr\u00fcne girmesi do\u011fal kaynaklar, enerji ve \u00e7evre sorunlar\u0131 ile i\u00e7i i\u00e7e ge\u00e7en bir ekonomik kalk\u0131nman\u0131n gereklili\u011fini ortaya \u00e7\u0131karm\u0131\u015ft\u0131r. Bu \u00e7al\u0131\u015fmam\u0131zda do\u011fal kaynaklar\u0131n ekonomik anlamda yeri, enerji kaynaklar\u0131 arz ve talebi ile s\u0131nai kalk\u0131nma ve kentle\u015fme ile ortaya \u00e7\u0131kan \u00e7evre sorunlar\u0131 k\u00fcresel \u00f6l\u00e7ekte ve T\u00fcrkiye \u00f6zelinde incelenmektedir.<\/p>\n","protected":false},"excerpt":{"rendered":"<p>Son y\u0131llarda madencilik, enerji ge\u00e7i\u015f g\u00fczerg\u00e2hlar\u0131 gibi pek \u00e7ok kavram g\u00fcnl\u00fck hayat\u0131m\u0131zda konu edilmektedir. Yery\u00fcz\u00fcndeki do\u011fal kaynaklar\u0131n \u00fcretim, t\u00fcketim ve ta\u015f\u0131mac\u0131l\u0131\u011f\u0131 bu nedenle iktisadi bir de\u011ferlendirme<span class=\"excerpt-hellip\"> [\u2026]<\/span><\/p>\n","protected":false},"featured_media":0,"template":"","meta":{"_monsterinsights_skip_tracking":false,"_monsterinsights_sitenote_active":false,"_monsterinsights_sitenote_note":"","_monsterinsights_sitenote_category":0},"product_brand":[],"product_cat":[20333,13043],"product_tag":[],"class_list":{"0":"post-723361","1":"product","2":"type-product","3":"status-publish","5":"product_cat-diger-ekonomi","6":"product_cat-ekonomi","7":"pa_cilt-ciltsiz","8":"pa_tur-kitap","9":"pa_yayinevi-astana-yayinlari","10":"pa_yazar-ahmet-salih-ikiz","12":"first","13":"instock","14":"sale","15":"shipping-taxable","16":"purchasable","17":"product-type-simple"},"_links":{"self":[{"href":"https:\/\/roveyayinevi.com.tr\/index.php\/wp-json\/wp\/v2\/product\/723361","targetHints":{"allow":["GET"]}}],"collection":[{"href":"https:\/\/roveyayinevi.com.tr\/index.php\/wp-json\/wp\/v2\/product"}],"about":[{"href":"https:\/\/roveyayinevi.com.tr\/index.php\/wp-json\/wp\/v2\/types\/product"}],"wp:attachment":[{"href":"https:\/\/roveyayinevi.com.tr\/index.php\/wp-json\/wp\/v2\/media?parent=723361"}],"wp:term":[{"taxonomy":"product_brand","embeddable":true,"href":"https:\/\/roveyayinevi.com.tr\/index.php\/wp-json\/wp\/v2\/product_brand?post=723361"},{"taxonomy":"product_cat","embeddable":true,"href":"https:\/\/roveyayinevi.com.tr\/index.php\/wp-json\/wp\/v2\/product_cat?post=723361"},{"taxonomy":"product_tag","embeddable":true,"href":"https:\/\/roveyayinevi.com.tr\/index.php\/wp-json\/wp\/v2\/product_tag?post=723361"}],"curies":[{"name":"wp","href":"https:\/\/api.w.org\/{rel}","templated":true}]}}