{"id":723360,"date":"2025-08-27T19:17:35","date_gmt":"2025-08-27T16:17:35","guid":{"rendered":"https:\/\/roveyayinevi.com.tr\/index.php\/urun\/kucuk-kadinlar-11\/"},"modified":"2026-04-16T02:31:07","modified_gmt":"2026-04-15T23:31:07","slug":"kucuk-kadinlar-11","status":"publish","type":"product","link":"https:\/\/roveyayinevi.com.tr\/index.php\/urun\/kucuk-kadinlar-11\/","title":{"rendered":"K\u00fc\u00e7\u00fck Kad\u0131nlar"},"content":{"rendered":"<p>Louisa May Alcott\u2019\u0131n 1868\u2019de yay\u0131mlanan \u00f6l\u00fcms\u00fcz yap\u0131t\u0131 K\u00fc\u00e7\u00fck Kad\u0131nlar\u2019\u0131n ku\u015faklar boyu her ya\u015ftan okuru b\u00fcy\u00fclemesinde, aile hayat\u0131n\u0131 idealle\u015ftirmesinin ve her \u00e7a\u011fda ge\u00e7erlili\u011fini koruyan evrensel temalar\u0131 kucaklamas\u0131n\u0131n rol\u00fc vard\u0131r ku\u015fkusuz. Sevgi, dayan\u0131\u015fma, \u00f6l\u00fcm, sava\u015f ve bar\u0131\u015f, insan\u0131n kendi idealleriyle ailesine ve topluma kar\u015f\u0131 sorumlulu\u011fu aras\u0131ndaki \u00e7at\u0131\u015fma roman\u0131n ba\u015fl\u0131ca temalar\u0131n\u0131 olu\u015fturur. Erkek \u00e7ocu\u011fu gibi davranan yazar aday\u0131 Jo, g\u00fczel k\u0131yafetlerin ve zenginli\u011fin \u00f6zlemini duyan Meg, narin ve k\u0131r\u0131lgan Beth, \u015f\u0131mar\u0131k ve romantik Amy\u2019den olu\u015fan March karde\u015fler, Amerikan \u0130\u00e7 Sava\u015f\u0131 s\u0131ras\u0131nda New England\u2019da ayakta kalmaya \u00e7al\u0131\u015f\u0131rlar. Babalar\u0131 sava\u015ftayken yoksullukla m\u00fccadele eden k\u0131zlar, ki\u015filik olarak birbirlerinden farkl\u0131 olsalar da ortak ama\u00e7lar\u0131 dini \u00f6\u011f\u00fctlerin yol g\u00f6stericili\u011finde iyi birer insan olmakt\u0131r. Roman, kad\u0131nlar\u0131n d\u00f6nemin kat\u0131 toplumsal cinsiyet normlar\u0131n\u0131n kendilerine dayatt\u0131\u011f\u0131 geleneksel rolleri benimsemek yerine hayata dair se\u00e7imlerini bizzat yapabileceklerini g\u00f6stermi\u015ftir. <\/p>\n","protected":false},"excerpt":{"rendered":"<p>Louisa May Alcott\u2019\u0131n 1868\u2019de yay\u0131mlanan \u00f6l\u00fcms\u00fcz yap\u0131t\u0131 K\u00fc\u00e7\u00fck Kad\u0131nlar\u2019\u0131n ku\u015faklar boyu her ya\u015ftan okuru b\u00fcy\u00fclemesinde, aile hayat\u0131n\u0131 idealle\u015ftirmesinin ve her \u00e7a\u011fda ge\u00e7erlili\u011fini koruyan evrensel temalar\u0131 kucaklamas\u0131n\u0131n<span class=\"excerpt-hellip\"> [\u2026]<\/span><\/p>\n","protected":false},"featured_media":0,"template":"","meta":{"_monsterinsights_skip_tracking":false,"_monsterinsights_sitenote_active":false,"_monsterinsights_sitenote_note":"","_monsterinsights_sitenote_category":0},"product_brand":[],"product_cat":[12291,26797],"product_tag":[],"class_list":{"0":"post-723360","1":"product","2":"type-product","3":"status-publish","5":"product_cat-edebiyat","6":"product_cat-modern-klasikler","7":"pa_cilt-ciltsiz","8":"pa_tur-kitap","9":"pa_yayinevi-is-bankasi-kultur-yayinlari","10":"pa_yazar-louisa-may-alcott","12":"first","13":"instock","14":"sale","15":"shipping-taxable","16":"purchasable","17":"product-type-simple"},"_links":{"self":[{"href":"https:\/\/roveyayinevi.com.tr\/index.php\/wp-json\/wp\/v2\/product\/723360","targetHints":{"allow":["GET"]}}],"collection":[{"href":"https:\/\/roveyayinevi.com.tr\/index.php\/wp-json\/wp\/v2\/product"}],"about":[{"href":"https:\/\/roveyayinevi.com.tr\/index.php\/wp-json\/wp\/v2\/types\/product"}],"wp:attachment":[{"href":"https:\/\/roveyayinevi.com.tr\/index.php\/wp-json\/wp\/v2\/media?parent=723360"}],"wp:term":[{"taxonomy":"product_brand","embeddable":true,"href":"https:\/\/roveyayinevi.com.tr\/index.php\/wp-json\/wp\/v2\/product_brand?post=723360"},{"taxonomy":"product_cat","embeddable":true,"href":"https:\/\/roveyayinevi.com.tr\/index.php\/wp-json\/wp\/v2\/product_cat?post=723360"},{"taxonomy":"product_tag","embeddable":true,"href":"https:\/\/roveyayinevi.com.tr\/index.php\/wp-json\/wp\/v2\/product_tag?post=723360"}],"curies":[{"name":"wp","href":"https:\/\/api.w.org\/{rel}","templated":true}]}}