{"id":723359,"date":"2025-08-27T19:17:34","date_gmt":"2025-08-27T16:17:34","guid":{"rendered":"https:\/\/roveyayinevi.com.tr\/index.php\/urun\/arkadasim-elif-anaokulunda-eglenceli-etkinlikler\/"},"modified":"2026-04-16T02:31:07","modified_gmt":"2026-04-15T23:31:07","slug":"arkadasim-elif-anaokulunda-eglenceli-etkinlikler","status":"publish","type":"product","link":"https:\/\/roveyayinevi.com.tr\/index.php\/urun\/arkadasim-elif-anaokulunda-eglenceli-etkinlikler\/","title":{"rendered":"Arkada\u015f\u0131m Elif &#8211; Anaokulunda E\u011flenceli Etkinlikler"},"content":{"rendered":"<p>Elif&#8217;le anaokuluna gidiyoruz! &#8211; Elif labirentte yolunu bulabilecek mi? &#8211; Alt\u0131nda ve \u00fcst\u00fcnde aras\u0131ndaki fark nedir? &#8211; Peki Elif oyun hamuruyla hangi hayvanlar\u0131 yapt\u0131? &#8211; Resimleri tamamlamak ve s\u0131ralamak &#8211; Renkleri ve \u015fekilleri ay\u0131rt etmek &#8211; Farklar\u0131 bulmak &#8211; Kes-yap\u0131\u015ft\u0131r etkinli\u011fi: Cam s\u00fcs\u00fc Okul \u00f6ncesi d\u00f6nemi \u00e7ocuklar\u0131 bu kitapla hem e\u011flenecek hem de \u00f6\u011frenecekler. <\/p>\n","protected":false},"excerpt":{"rendered":"<p>Elif&#8217;le anaokuluna gidiyoruz! &#8211; Elif labirentte yolunu bulabilecek mi? &#8211; Alt\u0131nda ve \u00fcst\u00fcnde aras\u0131ndaki fark nedir? &#8211; Peki Elif oyun hamuruyla hangi hayvanlar\u0131 yapt\u0131? &#8211; Resimleri<span class=\"excerpt-hellip\"> [\u2026]<\/span><\/p>\n","protected":false},"featured_media":0,"template":"","meta":{"_monsterinsights_skip_tracking":false,"_monsterinsights_sitenote_active":false,"_monsterinsights_sitenote_note":"","_monsterinsights_sitenote_category":0},"product_brand":[],"product_cat":[12274,12518],"product_tag":[],"class_list":{"0":"post-723359","1":"product","2":"type-product","3":"status-publish","5":"product_cat-cocuk-ve-genclik-kitaplari","6":"product_cat-okul-oncesi-kitaplar","7":"pa_cilt-ciltsiz","8":"pa_tur-kitap","9":"pa_yayinevi-is-bankasi-kultur-yayinlari","10":"pa_yazar-hanna-sorensen","12":"first","13":"instock","14":"sale","15":"shipping-taxable","16":"purchasable","17":"product-type-simple"},"_links":{"self":[{"href":"https:\/\/roveyayinevi.com.tr\/index.php\/wp-json\/wp\/v2\/product\/723359","targetHints":{"allow":["GET"]}}],"collection":[{"href":"https:\/\/roveyayinevi.com.tr\/index.php\/wp-json\/wp\/v2\/product"}],"about":[{"href":"https:\/\/roveyayinevi.com.tr\/index.php\/wp-json\/wp\/v2\/types\/product"}],"wp:attachment":[{"href":"https:\/\/roveyayinevi.com.tr\/index.php\/wp-json\/wp\/v2\/media?parent=723359"}],"wp:term":[{"taxonomy":"product_brand","embeddable":true,"href":"https:\/\/roveyayinevi.com.tr\/index.php\/wp-json\/wp\/v2\/product_brand?post=723359"},{"taxonomy":"product_cat","embeddable":true,"href":"https:\/\/roveyayinevi.com.tr\/index.php\/wp-json\/wp\/v2\/product_cat?post=723359"},{"taxonomy":"product_tag","embeddable":true,"href":"https:\/\/roveyayinevi.com.tr\/index.php\/wp-json\/wp\/v2\/product_tag?post=723359"}],"curies":[{"name":"wp","href":"https:\/\/api.w.org\/{rel}","templated":true}]}}