{"id":723357,"date":"2025-08-27T19:17:33","date_gmt":"2025-08-27T16:17:33","guid":{"rendered":"https:\/\/roveyayinevi.com.tr\/index.php\/urun\/ilk-okuma-kitabim-inci-ozur-dilemeyi-ogreniyor\/"},"modified":"2026-04-16T02:31:07","modified_gmt":"2026-04-15T23:31:07","slug":"ilk-okuma-kitabim-inci-ozur-dilemeyi-ogreniyor","status":"publish","type":"product","link":"https:\/\/roveyayinevi.com.tr\/index.php\/urun\/ilk-okuma-kitabim-inci-ozur-dilemeyi-ogreniyor\/","title":{"rendered":"\u0130lk Okuma Kitab\u0131m &#8211; \u0130nci \u00d6z\u00fcr Dilemeyi \u00d6\u011freniyor"},"content":{"rendered":"<p>\u0130nci arkada\u015f\u0131n\u0131n boyad\u0131\u011f\u0131 yumurtay\u0131 yanl\u0131\u015fl\u0131kla k\u0131rd\u0131\u011f\u0131nda, korkuya kap\u0131ld\u0131. Hemen kabuklar\u0131 toplay\u0131p kimse g\u00f6rmeden yok etti. \u00d6nce her \u015feyi itiraf etmeyi d\u00fc\u015f\u00fcnd\u00fc. Ancak arkada\u015f\u0131n\u0131n ona k\u00fcsece\u011finden korkup, bunu herkesten saklad\u0131. Bu g\u00fczel \u00f6yk\u00fcde \u0130nci\u2019nin pi\u015fmanl\u0131\u011f\u0131na, korkusuna, itiraf\u0131na ve \u00f6z\u00fcr dilemesine tan\u0131k olacaks\u0131n\u0131z.<\/p>\n","protected":false},"excerpt":{"rendered":"<p>\u0130nci arkada\u015f\u0131n\u0131n boyad\u0131\u011f\u0131 yumurtay\u0131 yanl\u0131\u015fl\u0131kla k\u0131rd\u0131\u011f\u0131nda, korkuya kap\u0131ld\u0131. Hemen kabuklar\u0131 toplay\u0131p kimse g\u00f6rmeden yok etti. \u00d6nce her \u015feyi itiraf etmeyi d\u00fc\u015f\u00fcnd\u00fc. Ancak arkada\u015f\u0131n\u0131n ona k\u00fcsece\u011finden korkup,<span class=\"excerpt-hellip\"> [\u2026]<\/span><\/p>\n","protected":false},"featured_media":0,"template":"","meta":{"_monsterinsights_skip_tracking":false,"_monsterinsights_sitenote_active":false,"_monsterinsights_sitenote_note":"","_monsterinsights_sitenote_category":0},"product_brand":[],"product_cat":[12274,12518],"product_tag":[],"class_list":{"0":"post-723357","1":"product","2":"type-product","3":"status-publish","5":"product_cat-cocuk-ve-genclik-kitaplari","6":"product_cat-okul-oncesi-kitaplar","7":"pa_cilt-ciltsiz","8":"pa_tur-kitap","9":"pa_yayinevi-is-bankasi-kultur-yayinlari","10":"pa_yazar-anna-wagenhoff","12":"first","13":"instock","14":"sale","15":"shipping-taxable","16":"purchasable","17":"product-type-simple"},"_links":{"self":[{"href":"https:\/\/roveyayinevi.com.tr\/index.php\/wp-json\/wp\/v2\/product\/723357","targetHints":{"allow":["GET"]}}],"collection":[{"href":"https:\/\/roveyayinevi.com.tr\/index.php\/wp-json\/wp\/v2\/product"}],"about":[{"href":"https:\/\/roveyayinevi.com.tr\/index.php\/wp-json\/wp\/v2\/types\/product"}],"wp:attachment":[{"href":"https:\/\/roveyayinevi.com.tr\/index.php\/wp-json\/wp\/v2\/media?parent=723357"}],"wp:term":[{"taxonomy":"product_brand","embeddable":true,"href":"https:\/\/roveyayinevi.com.tr\/index.php\/wp-json\/wp\/v2\/product_brand?post=723357"},{"taxonomy":"product_cat","embeddable":true,"href":"https:\/\/roveyayinevi.com.tr\/index.php\/wp-json\/wp\/v2\/product_cat?post=723357"},{"taxonomy":"product_tag","embeddable":true,"href":"https:\/\/roveyayinevi.com.tr\/index.php\/wp-json\/wp\/v2\/product_tag?post=723357"}],"curies":[{"name":"wp","href":"https:\/\/api.w.org\/{rel}","templated":true}]}}