{"id":723355,"date":"2025-08-27T19:17:31","date_gmt":"2025-08-27T16:17:31","guid":{"rendered":"https:\/\/roveyayinevi.com.tr\/index.php\/urun\/kisa-dunya-tarihi-3\/"},"modified":"2026-04-16T02:31:06","modified_gmt":"2026-04-15T23:31:06","slug":"kisa-dunya-tarihi-3","status":"publish","type":"product","link":"https:\/\/roveyayinevi.com.tr\/index.php\/urun\/kisa-dunya-tarihi-3\/","title":{"rendered":"K\u0131sa D\u00fcnya Tarihi"},"content":{"rendered":"<p>K\u0131sa D\u00fcnya Tarihi, insanl\u0131\u011f\u0131n Paleolitik \u00c7a\u011f\u2019dan g\u00fcn\u00fcm\u00fcze dek uzanan ser\u00fcvenini sosyal ve k\u00fclt\u00fcrel meselelere, \u00f6zellikle de toplumsal cinsiyet, aile, maddi k\u00fclt\u00fcr gibi ba\u015fl\u0131klara a\u011f\u0131rl\u0131k vererek anlat\u0131yor. Toplumsal cinsiyet, k\u00fclt\u00fcr tarihi, Avrupa ve d\u00fcnya tarihi alanlar\u0131ndaki \u00e7al\u0131\u015fmalar\u0131yla tan\u0131nan Merry E. Wiesner-Hanks, d\u00fcnya tarihine yeni bir perspektiften bak\u0131yor. Be\u015f b\u00f6l\u00fcmden olu\u015fan kitapta siyasi tarih anlat\u0131s\u0131n\u0131 \u00f6ne \u00e7\u0131karmak veya d\u00fcnyay\u0131 b\u00f6lgelere ay\u0131rarak incelemek yerine, konuya kar\u015f\u0131la\u015ft\u0131rmal\u0131 d\u00fcnya tarih\u00e7ili\u011fi a\u00e7\u0131s\u0131ndan yakla\u015fan yazar, her b\u00f6l\u00fcmde \u00e7ok farkl\u0131 toplumlardan \u00f6rnekler se\u00e7erek b\u00fcy\u00fck resmi g\u00f6rmemizi sa\u011fl\u0131yor. Zaman i\u00e7indeki de\u011fi\u015fimi hem yerel s\u00fcre\u00e7ler hem de k\u00fclt\u00fcrleraras\u0131 etkile\u015fimler \u00fczerinden takip eden K\u0131sa D\u00fcnya Tarihi, kentlerin kurulmas\u0131 ve b\u00fcy\u00fcmesi, k\u00fcresel ticaret a\u011flar\u0131n\u0131n olu\u015fumu gibi kilit \u00f6neme sahip olaylar\u0131 farkl\u0131 co\u011frafyalardaki t\u00fcrevleriyle ele al\u0131yor. Yedi ciltlik Cambridge D\u00fcnya Tarihi dizisinin de genel edit\u00f6r\u00fc olan Merry E. Wiesner-Hanks\u2019in \u00e7ok say\u0131da resim ve haritalarla da zenginle\u015ftirilmi\u015f bu eseri, d\u00fcnya tarihi alan\u0131na kesinlikle yeni bir soluk ta\u015f\u0131yor. &#8220;Merry Wiesner-Hanks&#8217;in d\u00fcnya tarihi \u00e7al\u0131\u015fmas\u0131 \u00e7\u0131\u011f\u0131r a\u00e7\u0131c\u0131 bir kitap. (\u2026) Esas olarak insan topluluklar\u0131, toplum ve k\u00fclt\u00fcre odaklanan ilk d\u00fcnya tarihi.\u201d David Christian, Maps of Time: An Introduction to Big History\u2019nin yazar\u0131 <\/p>\n","protected":false},"excerpt":{"rendered":"<p>K\u0131sa D\u00fcnya Tarihi, insanl\u0131\u011f\u0131n Paleolitik \u00c7a\u011f\u2019dan g\u00fcn\u00fcm\u00fcze dek uzanan ser\u00fcvenini sosyal ve k\u00fclt\u00fcrel meselelere, \u00f6zellikle de toplumsal cinsiyet, aile, maddi k\u00fclt\u00fcr gibi ba\u015fl\u0131klara a\u011f\u0131rl\u0131k vererek anlat\u0131yor.<span class=\"excerpt-hellip\"> [\u2026]<\/span><\/p>\n","protected":false},"featured_media":0,"template":"","meta":{"_monsterinsights_skip_tracking":false,"_monsterinsights_sitenote_active":false,"_monsterinsights_sitenote_note":"","_monsterinsights_sitenote_category":0},"product_brand":[],"product_cat":[12305,12304],"product_tag":[],"class_list":{"0":"post-723355","1":"product","2":"type-product","3":"status-publish","5":"product_cat-dunya-tarihi","6":"product_cat-tarih","7":"pa_cilt-ciltsiz","8":"pa_tur-kitap","9":"pa_yayinevi-is-bankasi-kultur-yayinlari","10":"pa_yazar-merry-e-wiesner-hanks","12":"first","13":"instock","14":"sale","15":"shipping-taxable","16":"purchasable","17":"product-type-simple"},"_links":{"self":[{"href":"https:\/\/roveyayinevi.com.tr\/index.php\/wp-json\/wp\/v2\/product\/723355","targetHints":{"allow":["GET"]}}],"collection":[{"href":"https:\/\/roveyayinevi.com.tr\/index.php\/wp-json\/wp\/v2\/product"}],"about":[{"href":"https:\/\/roveyayinevi.com.tr\/index.php\/wp-json\/wp\/v2\/types\/product"}],"wp:attachment":[{"href":"https:\/\/roveyayinevi.com.tr\/index.php\/wp-json\/wp\/v2\/media?parent=723355"}],"wp:term":[{"taxonomy":"product_brand","embeddable":true,"href":"https:\/\/roveyayinevi.com.tr\/index.php\/wp-json\/wp\/v2\/product_brand?post=723355"},{"taxonomy":"product_cat","embeddable":true,"href":"https:\/\/roveyayinevi.com.tr\/index.php\/wp-json\/wp\/v2\/product_cat?post=723355"},{"taxonomy":"product_tag","embeddable":true,"href":"https:\/\/roveyayinevi.com.tr\/index.php\/wp-json\/wp\/v2\/product_tag?post=723355"}],"curies":[{"name":"wp","href":"https:\/\/api.w.org\/{rel}","templated":true}]}}