{"id":723353,"date":"2025-08-27T19:17:30","date_gmt":"2025-08-27T16:17:30","guid":{"rendered":"https:\/\/roveyayinevi.com.tr\/index.php\/urun\/hayatin-mucizeleri-2\/"},"modified":"2026-04-16T02:31:06","modified_gmt":"2026-04-15T23:31:06","slug":"hayatin-mucizeleri-2","status":"publish","type":"product","link":"https:\/\/roveyayinevi.com.tr\/index.php\/urun\/hayatin-mucizeleri-2\/","title":{"rendered":"Hayat\u0131n Mucizeleri"},"content":{"rendered":"<p>Zweig\u2019\u0131n 23 ya\u015f\u0131ndayken yay\u0131mlad\u0131\u011f\u0131 Hayat\u0131n Mucizeleri, daha o zamandan tarihe duydu\u011fu ilgiyi g\u00f6zler \u00f6n\u00fcne serer. 16. Y\u00fczy\u0131lda Anvers\u2019de ge\u00e7en ve yollar\u0131 tesad\u00fcfen kesi\u015fen Yahudi bir gen\u00e7 k\u0131zla ya\u015fl\u0131 bir H\u0131ristiyan ressam aras\u0131ndaki dostlu\u011fu anlatan \u00f6yk\u00fcn\u00fcn arka plan\u0131nda Hollanda\u2019n\u0131n \u0130spanyol y\u00f6netimine kar\u015f\u0131 isyan\u0131 vard\u0131r. \u00c7ocukken H\u0131ristiyanlar\u0131n \u015fiddet eylemlerine hedef olan ve iyi y\u00fcrekli bir asker taraf\u0131ndan kurtar\u0131lan Esther adl\u0131 Yahudi k\u0131z, bir Katolik kilisesine as\u0131lacak dini bir tabloya modellik eder. Hayat\u0131n ve dinin anlam\u0131, sanat ve sanat\u00e7\u0131n\u0131n yaratma edimi gibi temalara e\u015flik eden \u201cbeklenmedik kar\u015f\u0131la\u015fma\u201d motifi ve Anvers\u2019in tarihsel detaylarla betimlenen atmosferi, Zweig\u2019\u0131n sonraki yap\u0131tlar\u0131n\u0131n habercisidir. <\/p>\n","protected":false},"excerpt":{"rendered":"<p>Zweig\u2019\u0131n 23 ya\u015f\u0131ndayken yay\u0131mlad\u0131\u011f\u0131 Hayat\u0131n Mucizeleri, daha o zamandan tarihe duydu\u011fu ilgiyi g\u00f6zler \u00f6n\u00fcne serer. 16. Y\u00fczy\u0131lda Anvers\u2019de ge\u00e7en ve yollar\u0131 tesad\u00fcfen kesi\u015fen Yahudi bir gen\u00e7<span class=\"excerpt-hellip\"> [\u2026]<\/span><\/p>\n","protected":false},"featured_media":0,"template":"","meta":{"_monsterinsights_skip_tracking":false,"_monsterinsights_sitenote_active":false,"_monsterinsights_sitenote_note":"","_monsterinsights_sitenote_category":0},"product_brand":[],"product_cat":[13835],"product_tag":[],"class_list":{"0":"post-723353","1":"product","2":"type-product","3":"status-publish","5":"product_cat-cok-satanlar","6":"pa_cilt-ciltsiz","7":"pa_tur-kitap","8":"pa_yayinevi-is-bankasi-kultur-yayinlari","9":"pa_yazar-stefan-zweig","11":"first","12":"instock","13":"sale","14":"shipping-taxable","15":"purchasable","16":"product-type-simple"},"_links":{"self":[{"href":"https:\/\/roveyayinevi.com.tr\/index.php\/wp-json\/wp\/v2\/product\/723353","targetHints":{"allow":["GET"]}}],"collection":[{"href":"https:\/\/roveyayinevi.com.tr\/index.php\/wp-json\/wp\/v2\/product"}],"about":[{"href":"https:\/\/roveyayinevi.com.tr\/index.php\/wp-json\/wp\/v2\/types\/product"}],"wp:attachment":[{"href":"https:\/\/roveyayinevi.com.tr\/index.php\/wp-json\/wp\/v2\/media?parent=723353"}],"wp:term":[{"taxonomy":"product_brand","embeddable":true,"href":"https:\/\/roveyayinevi.com.tr\/index.php\/wp-json\/wp\/v2\/product_brand?post=723353"},{"taxonomy":"product_cat","embeddable":true,"href":"https:\/\/roveyayinevi.com.tr\/index.php\/wp-json\/wp\/v2\/product_cat?post=723353"},{"taxonomy":"product_tag","embeddable":true,"href":"https:\/\/roveyayinevi.com.tr\/index.php\/wp-json\/wp\/v2\/product_tag?post=723353"}],"curies":[{"name":"wp","href":"https:\/\/api.w.org\/{rel}","templated":true}]}}