{"id":723348,"date":"2025-08-27T19:17:26","date_gmt":"2025-08-27T16:17:26","guid":{"rendered":"https:\/\/roveyayinevi.com.tr\/index.php\/urun\/y-kusagi\/"},"modified":"2026-04-16T02:31:06","modified_gmt":"2026-04-15T23:31:06","slug":"y-kusagi","status":"publish","type":"product","link":"https:\/\/roveyayinevi.com.tr\/index.php\/urun\/y-kusagi\/","title":{"rendered":"Y Ku\u015fa\u011f\u0131"},"content":{"rendered":"<p>Sosyolojik olarak ayn\u0131 tarihsel ve k\u00fclt\u00fcrel ba\u011flam i\u00e7inde do\u011fan bireyler yeti\u015fkinlerin y\u0131llar i\u00e7inde d\u00f6nemin \u00f6zelliklerini yans\u0131tan olaylara maruz kal\u0131rlar. Ayn\u0131 y\u0131llarda do\u011fmu\u015f olanlar geli\u015fim evrelerinde benzer s\u0131k\u0131nt\u0131lar\u0131 \u00e7eker, yoklu\u011fu ya da refah\u0131 payla\u015f\u0131r, benzer kaderi ya\u015far ve \u00f6devlerle y\u00fck\u00fcml\u00fc olurlar. B\u00fct\u00fcn bunlar nedeniyle de \u00f6zg\u00fcn de\u011fer yarg\u0131lar\u0131 ve inan\u00e7 sistemleri geli\u015ftirirler, birbirine benzer ki\u015filik \u00f6zellikleri g\u00f6sterirler. Payla\u015f\u0131lan ya\u015fam \u00f6yk\u00fcs\u00fc, zaman deneyimi ya da payla\u015f\u0131lan zaman\u0131n ruhu nedeniyle benzer duygu, d\u00fc\u015f\u00fcnce ve davran\u0131\u015f kal\u0131plar\u0131na sahip insan gruplar\u0131 &#8216;ku\u015fak&#8217; olarak adland\u0131r\u0131l\u0131r.<\/p>\n","protected":false},"excerpt":{"rendered":"<p>Sosyolojik olarak ayn\u0131 tarihsel ve k\u00fclt\u00fcrel ba\u011flam i\u00e7inde do\u011fan bireyler yeti\u015fkinlerin y\u0131llar i\u00e7inde d\u00f6nemin \u00f6zelliklerini yans\u0131tan olaylara maruz kal\u0131rlar. Ayn\u0131 y\u0131llarda do\u011fmu\u015f olanlar geli\u015fim evrelerinde benzer<span class=\"excerpt-hellip\"> [\u2026]<\/span><\/p>\n","protected":false},"featured_media":0,"template":"","meta":{"_monsterinsights_skip_tracking":false,"_monsterinsights_sitenote_active":false,"_monsterinsights_sitenote_note":"","_monsterinsights_sitenote_category":0},"product_brand":[],"product_cat":[12364,12376],"product_tag":[],"class_list":{"0":"post-723348","1":"product","2":"type-product","3":"status-publish","5":"product_cat-genel-konular","6":"product_cat-kisisel-gelisim","7":"pa_cilt-ciltsiz","8":"pa_tur-kitap","9":"pa_yayinevi-gazi-kitabevi","10":"pa_yazar-serpil-gul-ersoz","12":"first","13":"instock","14":"sale","15":"shipping-taxable","16":"purchasable","17":"product-type-simple"},"_links":{"self":[{"href":"https:\/\/roveyayinevi.com.tr\/index.php\/wp-json\/wp\/v2\/product\/723348","targetHints":{"allow":["GET"]}}],"collection":[{"href":"https:\/\/roveyayinevi.com.tr\/index.php\/wp-json\/wp\/v2\/product"}],"about":[{"href":"https:\/\/roveyayinevi.com.tr\/index.php\/wp-json\/wp\/v2\/types\/product"}],"wp:attachment":[{"href":"https:\/\/roveyayinevi.com.tr\/index.php\/wp-json\/wp\/v2\/media?parent=723348"}],"wp:term":[{"taxonomy":"product_brand","embeddable":true,"href":"https:\/\/roveyayinevi.com.tr\/index.php\/wp-json\/wp\/v2\/product_brand?post=723348"},{"taxonomy":"product_cat","embeddable":true,"href":"https:\/\/roveyayinevi.com.tr\/index.php\/wp-json\/wp\/v2\/product_cat?post=723348"},{"taxonomy":"product_tag","embeddable":true,"href":"https:\/\/roveyayinevi.com.tr\/index.php\/wp-json\/wp\/v2\/product_tag?post=723348"}],"curies":[{"name":"wp","href":"https:\/\/api.w.org\/{rel}","templated":true}]}}