{"id":723347,"date":"2025-08-27T19:17:26","date_gmt":"2025-08-27T16:17:26","guid":{"rendered":"https:\/\/roveyayinevi.com.tr\/index.php\/urun\/aklini-kullan-sampiyon-ol-akil-ve-zeka-oyunlari-4\/"},"modified":"2026-04-16T02:31:06","modified_gmt":"2026-04-15T23:31:06","slug":"aklini-kullan-sampiyon-ol-akil-ve-zeka-oyunlari-4","status":"publish","type":"product","link":"https:\/\/roveyayinevi.com.tr\/index.php\/urun\/aklini-kullan-sampiyon-ol-akil-ve-zeka-oyunlari-4\/","title":{"rendered":"Akl\u0131n\u0131 Kullan \u015eampiyon Ol &#8211; Ak\u0131l ve Zeka Oyunlar\u0131 4"},"content":{"rendered":"<p>Dikkatin mi da\u011f\u0131l\u0131yor? Odaklanam\u0131yor musun?\u201cOnu \u015fu an hat\u0131rlayamad\u0131m, ben unutkan\u0131m.\u201d m\u0131 diyorsun? Ya da \u201cBen haf\u0131zam\u0131 daha \u00e7ok kullanmak istiyorum.\u201d mu diyorsun?Yusuf ve Esra Hocalarla beraber S\u00fcper Beyinler\u2019in heyecan dolu maceralar\u0131n\u0131 okurken, g\u00fc\u00e7l\u00fc bir haf\u0131zaya da sahip olabileceksin.Bu kitaptaki bilgiler hem derslerinde hem de g\u00fcnl\u00fck hayat\u0131nda \u00e7ok i\u015fine yarayacak.\u015eunu da unutma ki;Zay\u0131f haf\u0131za yoktur, e\u011fitilmemi\u015f haf\u0131za vard\u0131r!<\/p>\n","protected":false},"excerpt":{"rendered":"<p>Dikkatin mi da\u011f\u0131l\u0131yor? Odaklanam\u0131yor musun?\u201cOnu \u015fu an hat\u0131rlayamad\u0131m, ben unutkan\u0131m.\u201d m\u0131 diyorsun? Ya da \u201cBen haf\u0131zam\u0131 daha \u00e7ok kullanmak istiyorum.\u201d mu diyorsun?Yusuf ve Esra Hocalarla beraber<span class=\"excerpt-hellip\"> [\u2026]<\/span><\/p>\n","protected":false},"featured_media":0,"template":"","meta":{"_monsterinsights_skip_tracking":false,"_monsterinsights_sitenote_active":false,"_monsterinsights_sitenote_note":"","_monsterinsights_sitenote_category":0},"product_brand":[],"product_cat":[12274,12284],"product_tag":[],"class_list":{"0":"post-723347","1":"product","2":"type-product","3":"status-publish","5":"product_cat-cocuk-ve-genclik-kitaplari","6":"product_cat-hikayeler","7":"pa_cilt-ciltsiz","8":"pa_tur-kitap","9":"pa_yayinevi-genc-hayat","10":"pa_yazar-oguz-saygin-ekrem-saygin","12":"first","13":"instock","14":"sale","15":"shipping-taxable","16":"purchasable","17":"product-type-simple"},"_links":{"self":[{"href":"https:\/\/roveyayinevi.com.tr\/index.php\/wp-json\/wp\/v2\/product\/723347","targetHints":{"allow":["GET"]}}],"collection":[{"href":"https:\/\/roveyayinevi.com.tr\/index.php\/wp-json\/wp\/v2\/product"}],"about":[{"href":"https:\/\/roveyayinevi.com.tr\/index.php\/wp-json\/wp\/v2\/types\/product"}],"wp:attachment":[{"href":"https:\/\/roveyayinevi.com.tr\/index.php\/wp-json\/wp\/v2\/media?parent=723347"}],"wp:term":[{"taxonomy":"product_brand","embeddable":true,"href":"https:\/\/roveyayinevi.com.tr\/index.php\/wp-json\/wp\/v2\/product_brand?post=723347"},{"taxonomy":"product_cat","embeddable":true,"href":"https:\/\/roveyayinevi.com.tr\/index.php\/wp-json\/wp\/v2\/product_cat?post=723347"},{"taxonomy":"product_tag","embeddable":true,"href":"https:\/\/roveyayinevi.com.tr\/index.php\/wp-json\/wp\/v2\/product_tag?post=723347"}],"curies":[{"name":"wp","href":"https:\/\/api.w.org\/{rel}","templated":true}]}}