{"id":723346,"date":"2025-08-27T19:17:25","date_gmt":"2025-08-27T16:17:25","guid":{"rendered":"https:\/\/roveyayinevi.com.tr\/index.php\/urun\/faziletname-isiginda-yemini\/"},"modified":"2026-04-16T02:31:06","modified_gmt":"2026-04-15T23:31:06","slug":"faziletname-isiginda-yemini","status":"publish","type":"product","link":"https:\/\/roveyayinevi.com.tr\/index.php\/urun\/faziletname-isiginda-yemini\/","title":{"rendered":"Faziletname I\u015f\u0131\u011f\u0131nda Yemini"},"content":{"rendered":"<p>Dervi\u015f Muhammed Yem\u00een\u00ee, XVI. y\u00fczy\u0131l Alev\u00ee-Bekt\u00e2\u015f\u00ee sahas\u0131na damgas\u0131n\u0131 vurmu\u015f bir tekke \u015fairidir. Eski Anadolu T\u00fcrk\u00e7esi\u2019nin tesirini b\u00fcy\u00fck \u00f6l\u00e7\u00fcde bar\u0131nd\u0131ran ve bir ge\u00e7i\u015f d\u00f6neminin \u00fcr\u00fcn\u00fc olan bu eser, toplamda on dokuz faz\u00eeletten olu\u015fmaktad\u0131r. Eser, i\u00e7erik itibariyle Hz. Ali\u2019nin hayat\u0131n\u0131 ve faz\u00eeletlerini anlatan bir biyografi ve nasihat kitab\u0131 niteli\u011findedir. Her ne kadar Faz\u00eeletn\u00e2me terc\u00fcme-telif bir eser olsa da Yem\u00een\u00ee\u2019nin hayat\u0131na y\u00f6nelik birtak\u0131m bilgileri de i\u00e7ermektedir.Faz\u00eeletn\u00e2me\u2019nin temelini olu\u015fturan, her biri kendi i\u00e7erisinde m\u00fcstakil bilgileri bar\u0131nd\u0131ran ve anlam b\u00fct\u00fcnl\u00fc\u011f\u00fcn\u00fc muhafaza eden on dokuz faz\u00eelet, \u015fairin Ehl-i Beyt, On \u0130ki \u0130mam ve Hz. Muhammed zeminine oturttu\u011fu Hz. Ali sevgisini en \u00fcst derecede tutmaktad\u0131r.Bu \u00e7al\u0131\u015fma, Dervi\u015f Muhammed Yem\u00een\u00ee&#8217;nin hayat\u0131na \u0131\u015f\u0131k tutacak bir\u00e7ok g\u00fcncel bilgiyi ele almakla birlikte Faz\u00eeletn\u00e2mesi\u2019ndeki on dokuzuncu s\u0131rr\u0131 da ortaya \u00e7\u0131kartacak nitelikte haz\u0131rlanm\u0131\u015ft\u0131r. Referans\u0131, ba\u015ftan sonra ker\u00e2metlerle donat\u0131lm\u0131\u015f bir mucizeler kitab\u0131 olan bu eser bir ba\u015fvuru kayna\u011f\u0131 olarak haketti\u011fi yeri alacakt\u0131r.<\/p>\n","protected":false},"excerpt":{"rendered":"<p>Dervi\u015f Muhammed Yem\u00een\u00ee, XVI. y\u00fczy\u0131l Alev\u00ee-Bekt\u00e2\u015f\u00ee sahas\u0131na damgas\u0131n\u0131 vurmu\u015f bir tekke \u015fairidir. Eski Anadolu T\u00fcrk\u00e7esi\u2019nin tesirini b\u00fcy\u00fck \u00f6l\u00e7\u00fcde bar\u0131nd\u0131ran ve bir ge\u00e7i\u015f d\u00f6neminin \u00fcr\u00fcn\u00fc olan bu<span class=\"excerpt-hellip\"> [\u2026]<\/span><\/p>\n","protected":false},"featured_media":0,"template":"","meta":{"_monsterinsights_skip_tracking":false,"_monsterinsights_sitenote_active":false,"_monsterinsights_sitenote_note":"","_monsterinsights_sitenote_category":0},"product_brand":[],"product_cat":[13575,12718,12719],"product_tag":[],"class_list":{"0":"post-723346","1":"product","2":"type-product","3":"status-publish","5":"product_cat-alevilik-bektasilik","6":"product_cat-din","7":"product_cat-islam","8":"pa_cilt-ciltsiz","9":"pa_tur-kitap","10":"pa_yayinevi-la-kitap-yayinlari","11":"pa_yazar-gokhan-senyurt","13":"first","14":"instock","15":"sale","16":"shipping-taxable","17":"purchasable","18":"product-type-simple"},"_links":{"self":[{"href":"https:\/\/roveyayinevi.com.tr\/index.php\/wp-json\/wp\/v2\/product\/723346","targetHints":{"allow":["GET"]}}],"collection":[{"href":"https:\/\/roveyayinevi.com.tr\/index.php\/wp-json\/wp\/v2\/product"}],"about":[{"href":"https:\/\/roveyayinevi.com.tr\/index.php\/wp-json\/wp\/v2\/types\/product"}],"wp:attachment":[{"href":"https:\/\/roveyayinevi.com.tr\/index.php\/wp-json\/wp\/v2\/media?parent=723346"}],"wp:term":[{"taxonomy":"product_brand","embeddable":true,"href":"https:\/\/roveyayinevi.com.tr\/index.php\/wp-json\/wp\/v2\/product_brand?post=723346"},{"taxonomy":"product_cat","embeddable":true,"href":"https:\/\/roveyayinevi.com.tr\/index.php\/wp-json\/wp\/v2\/product_cat?post=723346"},{"taxonomy":"product_tag","embeddable":true,"href":"https:\/\/roveyayinevi.com.tr\/index.php\/wp-json\/wp\/v2\/product_tag?post=723346"}],"curies":[{"name":"wp","href":"https:\/\/api.w.org\/{rel}","templated":true}]}}