{"id":723344,"date":"2025-08-27T19:17:24","date_gmt":"2025-08-27T16:17:24","guid":{"rendered":"https:\/\/roveyayinevi.com.tr\/index.php\/urun\/ayicik-kizgin-degil\/"},"modified":"2026-04-16T02:31:06","modified_gmt":"2026-04-15T23:31:06","slug":"ayicik-kizgin-degil","status":"publish","type":"product","link":"https:\/\/roveyayinevi.com.tr\/index.php\/urun\/ayicik-kizgin-degil\/","title":{"rendered":"Ay\u0131c\u0131k K\u0131zg\u0131n De\u011fil"},"content":{"rendered":"<p>\u00d6\u011frenen Yavrular dizisinde yer alan kitaplar, uyku saatini huzur dolu ve keyif i\u00e7inde payla\u015f\u0131lacak bir zaman h\u00e2line getirecek. \u0130lgi \u00e7ekici resimlerle s\u00fcslenen hayvan hik\u00e2yeleri sayesinde, \u00e7ocuklar rahatlamak i\u00e7in basit ve oyun bi\u00e7iminde egzersizler ke\u015ffedecek ve bu egzersizleri kullanmaya y\u00f6nelecek. \u00c7ocuklar\u0131n\u0131zla birlikte okuyaca\u011f\u0131n\u0131z \u00d6\u011frenen Yavrular dizisindeki kitaplar sizleri bekliyor. <\/p>\n","protected":false},"excerpt":{"rendered":"<p>\u00d6\u011frenen Yavrular dizisinde yer alan kitaplar, uyku saatini huzur dolu ve keyif i\u00e7inde payla\u015f\u0131lacak bir zaman h\u00e2line getirecek. \u0130lgi \u00e7ekici resimlerle s\u00fcslenen hayvan hik\u00e2yeleri sayesinde, \u00e7ocuklar<span class=\"excerpt-hellip\"> [\u2026]<\/span><\/p>\n","protected":false},"featured_media":0,"template":"","meta":{"_monsterinsights_skip_tracking":false,"_monsterinsights_sitenote_active":false,"_monsterinsights_sitenote_note":"","_monsterinsights_sitenote_category":0},"product_brand":[],"product_cat":[12274,12518],"product_tag":[],"class_list":{"0":"post-723344","1":"product","2":"type-product","3":"status-publish","5":"product_cat-cocuk-ve-genclik-kitaplari","6":"product_cat-okul-oncesi-kitaplar","7":"pa_cilt-ciltsiz","8":"pa_tur-kitap","9":"pa_yayinevi-1001-cicek-kitaplar","10":"pa_yazar-louison-nielman","12":"first","13":"instock","14":"sale","15":"shipping-taxable","16":"purchasable","17":"product-type-simple"},"_links":{"self":[{"href":"https:\/\/roveyayinevi.com.tr\/index.php\/wp-json\/wp\/v2\/product\/723344","targetHints":{"allow":["GET"]}}],"collection":[{"href":"https:\/\/roveyayinevi.com.tr\/index.php\/wp-json\/wp\/v2\/product"}],"about":[{"href":"https:\/\/roveyayinevi.com.tr\/index.php\/wp-json\/wp\/v2\/types\/product"}],"wp:attachment":[{"href":"https:\/\/roveyayinevi.com.tr\/index.php\/wp-json\/wp\/v2\/media?parent=723344"}],"wp:term":[{"taxonomy":"product_brand","embeddable":true,"href":"https:\/\/roveyayinevi.com.tr\/index.php\/wp-json\/wp\/v2\/product_brand?post=723344"},{"taxonomy":"product_cat","embeddable":true,"href":"https:\/\/roveyayinevi.com.tr\/index.php\/wp-json\/wp\/v2\/product_cat?post=723344"},{"taxonomy":"product_tag","embeddable":true,"href":"https:\/\/roveyayinevi.com.tr\/index.php\/wp-json\/wp\/v2\/product_tag?post=723344"}],"curies":[{"name":"wp","href":"https:\/\/api.w.org\/{rel}","templated":true}]}}