{"id":723338,"date":"2025-08-27T19:17:19","date_gmt":"2025-08-27T16:17:19","guid":{"rendered":"https:\/\/roveyayinevi.com.tr\/index.php\/urun\/sporcularda-istismarci-yonetim-algisi\/"},"modified":"2026-04-16T02:31:06","modified_gmt":"2026-04-15T23:31:06","slug":"sporcularda-istismarci-yonetim-algisi","status":"publish","type":"product","link":"https:\/\/roveyayinevi.com.tr\/index.php\/urun\/sporcularda-istismarci-yonetim-algisi\/","title":{"rendered":"Sporcularda \u0130stismarc\u0131 Y\u00f6netim Alg\u0131s\u0131"},"content":{"rendered":"<p>Bu \u00e7al\u0131\u015fmaman\u0131n amac\u0131 sporcular\u0131n istismarc\u0131 y\u00f6netim alg\u0131lar\u0131 ile antren\u00f6r-Sporcu ili\u015fkisi d\u00fczeyinin belirlenerek, demografik de\u011fi\u015fkenlere g\u00f6re kar\u015f\u0131la\u015ft\u0131r\u0131lmas\u0131 ve aralar\u0131ndaki ili\u015fkinin incelenmesidir. \u0130li\u015fkisel tarama modelinde yap\u0131lan \u00e7al\u0131\u015fmada veri toplama arac\u0131 olarak Jowett ve Ntoumanis (2004) taraf\u0131ndan geli\u015ftirilen Antren\u00f6r Sporcu \u0130li\u015fkisi \u00d6l\u00e7e\u011fi ve Tepper (2000) taraf\u0131ndan geli\u015ftirilen \u0130stismarc\u0131 Y\u00f6netim \u00d6l\u00e7e\u011fi kullan\u0131lm\u0131\u015ft\u0131r. Ara\u015ft\u0131rman\u0131n \u00f6rneklerimini tesad\u00fcfi y\u00f6ntemle belirlenen 488 g\u00f6n\u00fcll\u00fc kat\u0131l\u0131mc\u0131 olu\u015fturmaktad\u0131r.<\/p>\n","protected":false},"excerpt":{"rendered":"<p>Bu \u00e7al\u0131\u015fmaman\u0131n amac\u0131 sporcular\u0131n istismarc\u0131 y\u00f6netim alg\u0131lar\u0131 ile antren\u00f6r-Sporcu ili\u015fkisi d\u00fczeyinin belirlenerek, demografik de\u011fi\u015fkenlere g\u00f6re kar\u015f\u0131la\u015ft\u0131r\u0131lmas\u0131 ve aralar\u0131ndaki ili\u015fkinin incelenmesidir. \u0130li\u015fkisel tarama modelinde yap\u0131lan \u00e7al\u0131\u015fmada veri<span class=\"excerpt-hellip\"> [\u2026]<\/span><\/p>\n","protected":false},"featured_media":0,"template":"","meta":{"_monsterinsights_skip_tracking":false,"_monsterinsights_sitenote_active":false,"_monsterinsights_sitenote_note":"","_monsterinsights_sitenote_category":0},"product_brand":[],"product_cat":[15563,15564],"product_tag":[],"class_list":{"0":"post-723338","1":"product","2":"type-product","3":"status-publish","5":"product_cat-hobi","6":"product_cat-spor","7":"pa_cilt-ciltsiz","8":"pa_tur-kitap","9":"pa_yayinevi-gazi-kitabevi","10":"pa_yazar-alpay-bulbul-mustafa-yasar-sahin","12":"first","13":"instock","14":"sale","15":"shipping-taxable","16":"purchasable","17":"product-type-simple"},"_links":{"self":[{"href":"https:\/\/roveyayinevi.com.tr\/index.php\/wp-json\/wp\/v2\/product\/723338","targetHints":{"allow":["GET"]}}],"collection":[{"href":"https:\/\/roveyayinevi.com.tr\/index.php\/wp-json\/wp\/v2\/product"}],"about":[{"href":"https:\/\/roveyayinevi.com.tr\/index.php\/wp-json\/wp\/v2\/types\/product"}],"wp:attachment":[{"href":"https:\/\/roveyayinevi.com.tr\/index.php\/wp-json\/wp\/v2\/media?parent=723338"}],"wp:term":[{"taxonomy":"product_brand","embeddable":true,"href":"https:\/\/roveyayinevi.com.tr\/index.php\/wp-json\/wp\/v2\/product_brand?post=723338"},{"taxonomy":"product_cat","embeddable":true,"href":"https:\/\/roveyayinevi.com.tr\/index.php\/wp-json\/wp\/v2\/product_cat?post=723338"},{"taxonomy":"product_tag","embeddable":true,"href":"https:\/\/roveyayinevi.com.tr\/index.php\/wp-json\/wp\/v2\/product_tag?post=723338"}],"curies":[{"name":"wp","href":"https:\/\/api.w.org\/{rel}","templated":true}]}}