{"id":723336,"date":"2025-08-27T19:17:18","date_gmt":"2025-08-27T16:17:18","guid":{"rendered":"https:\/\/roveyayinevi.com.tr\/index.php\/urun\/babalar-da-anlar\/"},"modified":"2026-04-16T02:31:06","modified_gmt":"2026-04-15T23:31:06","slug":"babalar-da-anlar","status":"publish","type":"product","link":"https:\/\/roveyayinevi.com.tr\/index.php\/urun\/babalar-da-anlar\/","title":{"rendered":"Babalar da Anlar"},"content":{"rendered":"<p>Evlad\u0131na \u201cseni hep \u00e7ok sevdim, iyi bir baba olmak istedim\u201d diye hayk\u0131rabilen babalara&#8230;   Babalar da anlar.   Bunu s\u00f6yleyebilen babalar arts\u0131n diye,   \u00c7ocu\u011fu karn\u0131nda ta\u015f\u0131yamad\u0131\u011f\u0131 i\u00e7in erkekler oyun d\u0131\u015f\u0131 kalmas\u0131n diye,   B\u00fct\u00fcn bebekler en az anneleri kadar babalar\u0131n\u0131 da hak ediyor diye,   Babalar da bebeklerinin g\u00f6zlerine g\u00f6zlerini kilitleyip, dakikalarca beslenmesini hayran hayran izleyebilir diye,   Erkekler de kalplerinde Rahm\u00ee bir odac\u0131k sahibidir diye,   Hepsinden fazlas\u0131 o\u011fluna \u201cseni hep \u00e7ok sevdim, iyi bir baba olmak istedim\u201d diye hayk\u0131rabilen babalar var diye\u2026   Bu kitap, y\u00fcksek sesle bir kere daha hayk\u0131r\u0131yor:   BABALAR DA ANLAR&#8230; <\/p>\n","protected":false},"excerpt":{"rendered":"<p>Evlad\u0131na \u201cseni hep \u00e7ok sevdim, iyi bir baba olmak istedim\u201d diye hayk\u0131rabilen babalara&#8230; Babalar da anlar. Bunu s\u00f6yleyebilen babalar arts\u0131n diye, \u00c7ocu\u011fu karn\u0131nda ta\u015f\u0131yamad\u0131\u011f\u0131 i\u00e7in erkekler<span class=\"excerpt-hellip\"> [\u2026]<\/span><\/p>\n","protected":false},"featured_media":0,"template":"","meta":{"_monsterinsights_skip_tracking":false,"_monsterinsights_sitenote_active":false,"_monsterinsights_sitenote_note":"","_monsterinsights_sitenote_category":0},"product_brand":[],"product_cat":[12831,12324],"product_tag":[],"class_list":{"0":"post-723336","1":"product","2":"type-product","3":"status-publish","5":"product_cat-aile-ve-cocuk","6":"product_cat-sosyoloji","7":"pa_cilt-ciltsiz","8":"pa_tur-kitap","9":"pa_yayinevi-hayykitap","10":"pa_yazar-ayhan-yalcinkaya","12":"first","13":"instock","14":"sale","15":"shipping-taxable","16":"purchasable","17":"product-type-simple"},"_links":{"self":[{"href":"https:\/\/roveyayinevi.com.tr\/index.php\/wp-json\/wp\/v2\/product\/723336","targetHints":{"allow":["GET"]}}],"collection":[{"href":"https:\/\/roveyayinevi.com.tr\/index.php\/wp-json\/wp\/v2\/product"}],"about":[{"href":"https:\/\/roveyayinevi.com.tr\/index.php\/wp-json\/wp\/v2\/types\/product"}],"wp:attachment":[{"href":"https:\/\/roveyayinevi.com.tr\/index.php\/wp-json\/wp\/v2\/media?parent=723336"}],"wp:term":[{"taxonomy":"product_brand","embeddable":true,"href":"https:\/\/roveyayinevi.com.tr\/index.php\/wp-json\/wp\/v2\/product_brand?post=723336"},{"taxonomy":"product_cat","embeddable":true,"href":"https:\/\/roveyayinevi.com.tr\/index.php\/wp-json\/wp\/v2\/product_cat?post=723336"},{"taxonomy":"product_tag","embeddable":true,"href":"https:\/\/roveyayinevi.com.tr\/index.php\/wp-json\/wp\/v2\/product_tag?post=723336"}],"curies":[{"name":"wp","href":"https:\/\/api.w.org\/{rel}","templated":true}]}}