{"id":723335,"date":"2025-08-27T19:17:17","date_gmt":"2025-08-27T16:17:17","guid":{"rendered":"https:\/\/roveyayinevi.com.tr\/index.php\/urun\/50-kustuyu-masal\/"},"modified":"2026-04-16T02:31:06","modified_gmt":"2026-04-15T23:31:06","slug":"50-kustuyu-masal","status":"publish","type":"product","link":"https:\/\/roveyayinevi.com.tr\/index.php\/urun\/50-kustuyu-masal\/","title":{"rendered":"50 Ku\u015ft\u00fcy\u00fc Masal"},"content":{"rendered":"<p>U\u00e7u\u015flar Kitab\u0131   \u201cD\u00fcnyan\u0131n b\u00fct\u00fcn k\u00fclkedileri, uyan\u0131n ve u\u00e7un!\u201d   Dr. Senai Demirci son kitab\u0131 50 Ku\u015ft\u00fcy\u00fc Masal\u2019da garip sorular soruyor: \u201cPamuk Prenses\u2019e yeni bir kul\u00fcbe bulunamaz m\u0131? Belki b\u00f6ylece yedi c\u00fcceleri bi\u2019ss\u00fcr\u00fc zahmetten kurtarabiliriz.\u201d \u201cHem \u00fcvey anneler hep k\u00f6t\u00fc olmak zorunda m\u0131? Oysa ben iyi y\u00fcrekli, e\u015fsiz merhametli \u00e7ok \u00fcvey anneler tan\u0131d\u0131m.\u201d \u201cA\u011fustos b\u00f6ce\u011finin tembel oldu\u011funu kim s\u00f6yledi?\u201d \u201cY\u00fczlerce y\u0131ll\u0131k bu iftiraya h\u00e2l\u00e2 inan\u0131yor musunuz?\u201d \u201cM\u00fczik yapmak da emek gerektiriyor; gitar kursuna gidince bunu \u00f6\u011frenmi\u015f olmal\u0131s\u0131n\u0131z.\u201d \u201c\u015eu \u00e7al\u0131\u015fkan diye bildi\u011fimiz kar\u0131nca hi\u00e7 \u00e7ekilmez i\u015fkolik ebeveynlere benzemiyor mu?\u201d \u201cBiriktirmek, \u00fcst \u00fcste y\u0131\u011fmak, istiflemek her zaman do\u011fru mu?\u201d \u201cHem sonra, tavan aras\u0131nda y\u0131llarca a\u011flam\u0131\u015f K\u00fclkedisi\u2019nin, saray\u0131ndan hi\u00e7 \u00e7\u0131kmayan \u015f\u0131mar\u0131k ve gafil prense bir diyece\u011fi yok mudur?\u201d \u201c\u015eu sevimli K\u00fc\u00e7\u00fck Prens\u2019in k\u00fc\u00e7\u00fck gezegeninin hemen sa\u011f arka taraf\u0131nda yeni bir gezegen daha olmu\u015f olamaz m\u0131?\u201d \u201cHadi bunlar neyse; noktalama i\u015faretlerinin \u00e7ekti\u011fi nedir bizden? Mesel\u00e2, \u2018nokta\u2019 her c\u00fcmlenin sonunu beklemekten yorulmam\u0131\u015f m\u0131d\u0131r? \u2018\u00dcnlem\u2019in s\u00fcrekli ba\u011f\u0131rmaktan sesi k\u0131s\u0131lm\u0131\u015f olamaz m\u0131? \u2018Parantez\u2019 k\u00fc\u00e7\u00fcmsendi\u011fini d\u00fc\u015f\u00fcn\u00fcp k\u00fcsm\u00fc\u015f olamaz m\u0131? \u2018T\u0131rnak i\u015fareti\u2019 yalan yanl\u0131\u015f her s\u00f6z\u00fcn ba\u015f\u0131n\u0131 sonunu beklemekten utan\u0131yor olamaz m\u0131?\u201d   En iyisi, ezberlerinizi unutun; masal terapisti Dr. Senai Demirci\u2019nin eski masallara yeni ayarlar verdi\u011fi, eski bilgelikleri yeni masallarla hat\u0131rlatt\u0131\u011f\u0131, 50 Ku\u015ft\u00fcy\u00fc Masal\u2019\u0131 okuyun. K\u0131sac\u0131k masallar\u0131n y\u00fcz\u00fcn\u00fcze yeni bir g\u00fcl\u00fcc\u00fck yerle\u015ftirdi\u011fini, hep b\u00f6yle gelmi\u015f masallar\u0131n bir de \u201c\u015f\u00f6yle\u201d gidebilece\u011fini \u015fa\u015f\u0131rarak ke\u015ffedin. Yorulmadan, yo\u011frulun. <\/p>\n","protected":false},"excerpt":{"rendered":"<p>U\u00e7u\u015flar Kitab\u0131 \u201cD\u00fcnyan\u0131n b\u00fct\u00fcn k\u00fclkedileri, uyan\u0131n ve u\u00e7un!\u201d Dr. Senai Demirci son kitab\u0131 50 Ku\u015ft\u00fcy\u00fc Masal\u2019da garip sorular soruyor: \u201cPamuk Prenses\u2019e yeni bir kul\u00fcbe bulunamaz m\u0131?<span class=\"excerpt-hellip\"> [\u2026]<\/span><\/p>\n","protected":false},"featured_media":0,"template":"","meta":{"_monsterinsights_skip_tracking":false,"_monsterinsights_sitenote_active":false,"_monsterinsights_sitenote_note":"","_monsterinsights_sitenote_category":0},"product_brand":[],"product_cat":[12358,12357],"product_tag":[],"class_list":{"0":"post-723335","1":"product","2":"type-product","3":"status-publish","5":"product_cat-genel-psikoloji","6":"product_cat-psikoloji","7":"pa_cilt-ciltsiz","8":"pa_tur-kitap","9":"pa_yayinevi-hayykitap","10":"pa_yazar-senai-demirci","12":"first","13":"instock","14":"sale","15":"shipping-taxable","16":"purchasable","17":"product-type-simple"},"_links":{"self":[{"href":"https:\/\/roveyayinevi.com.tr\/index.php\/wp-json\/wp\/v2\/product\/723335","targetHints":{"allow":["GET"]}}],"collection":[{"href":"https:\/\/roveyayinevi.com.tr\/index.php\/wp-json\/wp\/v2\/product"}],"about":[{"href":"https:\/\/roveyayinevi.com.tr\/index.php\/wp-json\/wp\/v2\/types\/product"}],"wp:attachment":[{"href":"https:\/\/roveyayinevi.com.tr\/index.php\/wp-json\/wp\/v2\/media?parent=723335"}],"wp:term":[{"taxonomy":"product_brand","embeddable":true,"href":"https:\/\/roveyayinevi.com.tr\/index.php\/wp-json\/wp\/v2\/product_brand?post=723335"},{"taxonomy":"product_cat","embeddable":true,"href":"https:\/\/roveyayinevi.com.tr\/index.php\/wp-json\/wp\/v2\/product_cat?post=723335"},{"taxonomy":"product_tag","embeddable":true,"href":"https:\/\/roveyayinevi.com.tr\/index.php\/wp-json\/wp\/v2\/product_tag?post=723335"}],"curies":[{"name":"wp","href":"https:\/\/api.w.org\/{rel}","templated":true}]}}